{"id":163844,"date":"2026-02-19T23:25:33","date_gmt":"2026-02-19T22:25:33","guid":{"rendered":"https:\/\/interiorposter.com\/?post_type=product&#038;p=163844"},"modified":"2026-03-19T00:59:30","modified_gmt":"2026-03-18T23:59:30","slug":"obraz-na-plotnie-zachod-slonca-nad-morzem-w-rozu","status":"publish","type":"product","link":"https:\/\/interiorposter.com\/pl\/product\/obraz-na-plotnie-zachod-slonca-nad-morzem-w-rozu\/","title":{"rendered":"Obraz na p\u0142\u00f3tnie Zach\u00f3d s\u0142o\u0144ca nad morzem w r\u00f3\u017cu"},"content":{"rendered":"<p>Zanurz wn\u0119trze w koj\u0105cym klimacie nadmorskiego zachodu s\u0142o\u0144ca. Pastelowe r\u00f3\u017cowo-z\u0142ote niebo, mi\u0119kkie chmury i spokojne fale tworz\u0105 kadr, kt\u00f3ry wycisza i dodaje lekko\u015bci aran\u017cacji. To elegancki obraz do salonu, sypialni lub biura, kt\u00f3ry \u015bwietnie pasuje tak\u017ce do hotelu, restauracji i przedpokoju. Subtelna, ciep\u0142a kolorystyka pi\u0119knie \u0142\u0105czy si\u0119 z jasnym drewnem, be\u017cami i szaro\u015bciami, podkre\u015blaj\u0105c nowoczesne obrazy na \u015bcian\u0119 w stylu minimalistycznym.<\/p>\n","protected":false},"excerpt":{"rendered":"<p>Pastelowy zach\u00f3d s\u0142o\u0144ca nad morzem w r\u00f3\u017cowo-z\u0142otych tonach. Obraz na p\u0142\u00f3tnie, kt\u00f3ry uspokaja, rozja\u015bnia wn\u0119trze i \u015bwietnie pasuje do salonu oraz sypialni.<\/p>\n","protected":false},"featured_media":163905,"comment_status":"open","ping_status":"closed","template":"","meta":[],"product_brand":[],"product_cat":[88,110,76,104,143,73,91,85,113,70],"product_tag":[701,188],"class_list":{"0":"post-163844","1":"product","2":"type-product","3":"status-publish","4":"has-post-thumbnail","6":"product_cat-biuro","7":"product_cat-fotografia","8":"product_cat-hotel-pl","9":"product_cat-minimalistyczne","10":"product_cat-morze-i-wybrzeze","11":"product_cat-przedpokoj","12":"product_cat-restauracja","13":"product_cat-salon","14":"product_cat-skandynawskie","15":"product_cat-sypialnia","16":"product_tag-poziomy","17":"product_tag-wielokolorowy","19":"first","20":"instock","21":"taxable","22":"shipping-taxable","23":"purchasable","24":"product-type-variable","25":"has-default-attributes"},"aioseo_notices":[],"_links":{"self":[{"href":"https:\/\/interiorposter.com\/pl\/wp-json\/wp\/v2\/product\/163844","targetHints":{"allow":["GET"]}}],"collection":[{"href":"https:\/\/interiorposter.com\/pl\/wp-json\/wp\/v2\/product"}],"about":[{"href":"https:\/\/interiorposter.com\/pl\/wp-json\/wp\/v2\/types\/product"}],"replies":[{"embeddable":true,"href":"https:\/\/interiorposter.com\/pl\/wp-json\/wp\/v2\/comments?post=163844"}],"wp:featuredmedia":[{"embeddable":true,"href":"https:\/\/interiorposter.com\/pl\/wp-json\/wp\/v2\/media\/163905"}],"wp:attachment":[{"href":"https:\/\/interiorposter.com\/pl\/wp-json\/wp\/v2\/media?parent=163844"}],"wp:term":[{"taxonomy":"product_brand","embeddable":true,"href":"https:\/\/interiorposter.com\/pl\/wp-json\/wp\/v2\/product_brand?post=163844"},{"taxonomy":"product_cat","embeddable":true,"href":"https:\/\/interiorposter.com\/pl\/wp-json\/wp\/v2\/product_cat?post=163844"},{"taxonomy":"product_tag","embeddable":true,"href":"https:\/\/interiorposter.com\/pl\/wp-json\/wp\/v2\/product_tag?post=163844"}],"curies":[{"name":"wp","href":"https:\/\/api.w.org\/{rel}","templated":true}]}}