{"id":163193,"date":"2026-02-19T23:13:59","date_gmt":"2026-02-19T22:13:59","guid":{"rendered":"https:\/\/interiorposter.com\/?post_type=product&#038;p=163193"},"modified":"2026-03-19T00:59:37","modified_gmt":"2026-03-18T23:59:37","slug":"obraz-na-plotnie-zachod-slonca-nad-spokojnym-morzem","status":"publish","type":"product","link":"https:\/\/interiorposter.com\/pl\/product\/obraz-na-plotnie-zachod-slonca-nad-spokojnym-morzem\/","title":{"rendered":"Obraz na p\u0142\u00f3tnie Zach\u00f3d s\u0142o\u0144ca nad spokojnym morzem"},"content":{"rendered":"<p>Wprowad\u017a do wn\u0119trza ciep\u0142o i spok\u00f3j jak na wakacyjnym brzegu. Kompozycja przedstawia zach\u00f3d s\u0142o\u0144ca nad morzem w stylu malarskim, kt\u00f3ry dodaje scenie mi\u0119kko\u015bci, przytulno\u015bci i elegancji. Subtelne \u015bwiat\u0142o, l\u015bni\u0105ca tafla wody i \u0142agodne fale buduj\u0105 relaksuj\u0105cy nastr\u00f3j i pi\u0119knie dope\u0142niaj\u0105 aran\u017cacj\u0119. To obraz na p\u0142\u00f3tnie idealny jako obraz do salonu, sypialni lub biura, a tak\u017ce do hotelu, restauracji i przedpokoju. Kolorystyka jest ciep\u0142a i pastelowa: z\u0142oto i pomara\u0144cz \u0142\u0105cz\u0105 si\u0119 z b\u0142\u0119kitem, turkusem oraz delikatnymi fioletami.<\/p>\n","protected":false},"excerpt":{"rendered":"<p>Zach\u00f3d s\u0142o\u0144ca nad morzem w stylu malarskim, w ciep\u0142ych z\u0142oto-pastelowych tonach. Obraz na p\u0142\u00f3tnie, kt\u00f3ry ociepla wn\u0119trze i wprowadza koj\u0105cy klimat.<\/p>\n","protected":false},"featured_media":163254,"comment_status":"open","ping_status":"closed","template":"","meta":[],"product_brand":[],"product_cat":[88,76,137,67,299,143,73,91,85,113,70],"product_tag":[701,188],"class_list":{"0":"post-163193","1":"product","2":"type-product","3":"status-publish","4":"has-post-thumbnail","6":"product_cat-biuro","7":"product_cat-hotel-pl","8":"product_cat-krajobrazy","9":"product_cat-lazienka","10":"product_cat-malarskie","11":"product_cat-morze-i-wybrzeze","12":"product_cat-przedpokoj","13":"product_cat-restauracja","14":"product_cat-salon","15":"product_cat-skandynawskie","16":"product_cat-sypialnia","17":"product_tag-poziomy","18":"product_tag-wielokolorowy","20":"first","21":"instock","22":"taxable","23":"shipping-taxable","24":"purchasable","25":"product-type-variable","26":"has-default-attributes"},"aioseo_notices":[],"_links":{"self":[{"href":"https:\/\/interiorposter.com\/pl\/wp-json\/wp\/v2\/product\/163193","targetHints":{"allow":["GET"]}}],"collection":[{"href":"https:\/\/interiorposter.com\/pl\/wp-json\/wp\/v2\/product"}],"about":[{"href":"https:\/\/interiorposter.com\/pl\/wp-json\/wp\/v2\/types\/product"}],"replies":[{"embeddable":true,"href":"https:\/\/interiorposter.com\/pl\/wp-json\/wp\/v2\/comments?post=163193"}],"wp:featuredmedia":[{"embeddable":true,"href":"https:\/\/interiorposter.com\/pl\/wp-json\/wp\/v2\/media\/163254"}],"wp:attachment":[{"href":"https:\/\/interiorposter.com\/pl\/wp-json\/wp\/v2\/media?parent=163193"}],"wp:term":[{"taxonomy":"product_brand","embeddable":true,"href":"https:\/\/interiorposter.com\/pl\/wp-json\/wp\/v2\/product_brand?post=163193"},{"taxonomy":"product_cat","embeddable":true,"href":"https:\/\/interiorposter.com\/pl\/wp-json\/wp\/v2\/product_cat?post=163193"},{"taxonomy":"product_tag","embeddable":true,"href":"https:\/\/interiorposter.com\/pl\/wp-json\/wp\/v2\/product_tag?post=163193"}],"curies":[{"name":"wp","href":"https:\/\/api.w.org\/{rel}","templated":true}]}}