{"id":162165,"date":"2026-02-22T05:35:25","date_gmt":"2026-02-22T04:35:25","guid":{"rendered":"https:\/\/interiorposter.com\/?post_type=product&#038;p=162165"},"modified":"2026-03-18T02:59:24","modified_gmt":"2026-03-18T01:59:24","slug":"obraz-na-plotnie-czarno-bialy-pomost-nad-woda","status":"publish","type":"product","link":"https:\/\/interiorposter.com\/pl\/product\/obraz-na-plotnie-czarno-bialy-pomost-nad-woda\/","title":{"rendered":"Obraz na p\u0142\u00f3tnie Czarno bia\u0142y pomost nad wod\u0105"},"content":{"rendered":"<p>Zbuduj we wn\u0119trzu klimat ciszy i przestrzeni dzi\u0119ki fotografii w czerni i bieli. Zakrzywiony drewniany pomost prowadzi wzrok w g\u0142\u0105b spokojnej tafli wody, a delikatna mgie\u0142ka i linia horyzontu dodaj\u0105 kompozycji elegancji. To obraz na p\u0142\u00f3tnie, kt\u00f3ry \u015bwietnie wygl\u0105da jako obraz do salonu, sypialni i biura, a tak\u017ce w hotelu, restauracji oraz przedpokoju. Monochromatyczna, stonowana kolorystyka pi\u0119knie \u0142\u0105czy si\u0119 z betonem, drewnem i minimalistycznymi dodatkami, tworz\u0105c nowoczesne obrazy na \u015bcian\u0119 z charakterem.<\/p>\n","protected":false},"excerpt":{"rendered":"<p>Czarno bia\u0142y pomost na spokojnej wodzie tworzy wyciszaj\u0105cy, elegancki klimat. Obraz na p\u0142\u00f3tnie idealny do salonu, sypialni, biura i nowoczesnych wn\u0119trz.<\/p>\n","protected":false},"featured_media":162226,"comment_status":"open","ping_status":"closed","template":"","meta":[],"product_brand":[],"product_cat":[88,110,76,67,104,143,267,91,85,113,70],"product_tag":[273,701,182],"class_list":{"0":"post-162165","1":"product","2":"type-product","3":"status-publish","4":"has-post-thumbnail","6":"product_cat-biuro","7":"product_cat-fotografia","8":"product_cat-hotel-pl","9":"product_cat-lazienka","10":"product_cat-minimalistyczne","11":"product_cat-morze-i-wybrzeze","12":"product_cat-nocne","13":"product_cat-restauracja","14":"product_cat-salon","15":"product_cat-skandynawskie","16":"product_cat-sypialnia","17":"product_tag-dark-pl","18":"product_tag-poziomy","19":"product_tag-szary","21":"first","22":"instock","23":"taxable","24":"shipping-taxable","25":"purchasable","26":"product-type-variable","27":"has-default-attributes"},"aioseo_notices":[],"_links":{"self":[{"href":"https:\/\/interiorposter.com\/pl\/wp-json\/wp\/v2\/product\/162165","targetHints":{"allow":["GET"]}}],"collection":[{"href":"https:\/\/interiorposter.com\/pl\/wp-json\/wp\/v2\/product"}],"about":[{"href":"https:\/\/interiorposter.com\/pl\/wp-json\/wp\/v2\/types\/product"}],"replies":[{"embeddable":true,"href":"https:\/\/interiorposter.com\/pl\/wp-json\/wp\/v2\/comments?post=162165"}],"wp:featuredmedia":[{"embeddable":true,"href":"https:\/\/interiorposter.com\/pl\/wp-json\/wp\/v2\/media\/162226"}],"wp:attachment":[{"href":"https:\/\/interiorposter.com\/pl\/wp-json\/wp\/v2\/media?parent=162165"}],"wp:term":[{"taxonomy":"product_brand","embeddable":true,"href":"https:\/\/interiorposter.com\/pl\/wp-json\/wp\/v2\/product_brand?post=162165"},{"taxonomy":"product_cat","embeddable":true,"href":"https:\/\/interiorposter.com\/pl\/wp-json\/wp\/v2\/product_cat?post=162165"},{"taxonomy":"product_tag","embeddable":true,"href":"https:\/\/interiorposter.com\/pl\/wp-json\/wp\/v2\/product_tag?post=162165"}],"curies":[{"name":"wp","href":"https:\/\/api.w.org\/{rel}","templated":true}]}}