{"id":161886,"date":"2026-02-19T22:45:24","date_gmt":"2026-02-19T21:45:24","guid":{"rendered":"https:\/\/interiorposter.com\/?post_type=product&#038;p=161886"},"modified":"2026-03-19T00:59:43","modified_gmt":"2026-03-18T23:59:43","slug":"obraz-na-plotnie-zloty-zachod-slonca-nad-morzem","status":"publish","type":"product","link":"https:\/\/interiorposter.com\/pl\/product\/obraz-na-plotnie-zloty-zachod-slonca-nad-morzem\/","title":{"rendered":"Obraz na p\u0142\u00f3tnie Z\u0142oty zach\u00f3d s\u0142o\u0144ca nad morzem"},"content":{"rendered":"<p>Ciep\u0142y zach\u00f3d s\u0142o\u0144ca nad morzem i mi\u0119kkie, pieni\u0105ce si\u0119 fale tworz\u0105 koj\u0105c\u0105 scen\u0119, kt\u00f3ra wprowadza do wn\u0119trza \u015bwiat\u0142o i spok\u00f3j. Z\u0142ote i miodowe tony nieba \u0142\u0105cz\u0105 si\u0119 z turkusem oraz delikatn\u0105 zieleni\u0105 wody, daj\u0105c efekt pastelowej, optymistycznej kolorystyki. Ten obraz na p\u0142\u00f3tnie \u015bwietnie sprawdzi si\u0119 jako obraz do salonu nad sof\u0105, w sypialni nad \u0142\u00f3\u017ckiem, w kuchni lub przedpokoju, a tak\u017ce w hotelu i restauracji, gdzie podkre\u015bli przytulny klimat. Idealny, je\u015bli szukasz eleganckiej dekoracji i subtelnej grafiki na \u015bcian\u0119, kt\u00f3ra wycisza i dodaje energii.<\/p>\n","protected":false},"excerpt":{"rendered":"<p>Z\u0142oty zach\u00f3d s\u0142o\u0144ca i spokojne fale w ciep\u0142ych, pastelowych barwach. Obraz na p\u0142\u00f3tnie do salonu, sypialni lub hotelu.<\/p>\n","protected":false},"featured_media":177190,"comment_status":"open","ping_status":"closed","template":"","meta":[],"product_brand":[],"product_cat":[76,82,299,143,73,91,85,70],"product_tag":[279,701,188],"class_list":{"0":"post-161886","1":"product","2":"type-product","3":"status-publish","4":"has-post-thumbnail","6":"product_cat-hotel-pl","7":"product_cat-kuchnia","8":"product_cat-malarskie","9":"product_cat-morze-i-wybrzeze","10":"product_cat-przedpokoj","11":"product_cat-restauracja","12":"product_cat-salon","13":"product_cat-sypialnia","14":"product_tag-pastelowe","15":"product_tag-poziomy","16":"product_tag-wielokolorowy","18":"first","19":"instock","20":"taxable","21":"shipping-taxable","22":"purchasable","23":"product-type-variable","24":"has-default-attributes"},"aioseo_notices":[],"_links":{"self":[{"href":"https:\/\/interiorposter.com\/pl\/wp-json\/wp\/v2\/product\/161886","targetHints":{"allow":["GET"]}}],"collection":[{"href":"https:\/\/interiorposter.com\/pl\/wp-json\/wp\/v2\/product"}],"about":[{"href":"https:\/\/interiorposter.com\/pl\/wp-json\/wp\/v2\/types\/product"}],"replies":[{"embeddable":true,"href":"https:\/\/interiorposter.com\/pl\/wp-json\/wp\/v2\/comments?post=161886"}],"wp:featuredmedia":[{"embeddable":true,"href":"https:\/\/interiorposter.com\/pl\/wp-json\/wp\/v2\/media\/177190"}],"wp:attachment":[{"href":"https:\/\/interiorposter.com\/pl\/wp-json\/wp\/v2\/media?parent=161886"}],"wp:term":[{"taxonomy":"product_brand","embeddable":true,"href":"https:\/\/interiorposter.com\/pl\/wp-json\/wp\/v2\/product_brand?post=161886"},{"taxonomy":"product_cat","embeddable":true,"href":"https:\/\/interiorposter.com\/pl\/wp-json\/wp\/v2\/product_cat?post=161886"},{"taxonomy":"product_tag","embeddable":true,"href":"https:\/\/interiorposter.com\/pl\/wp-json\/wp\/v2\/product_tag?post=161886"}],"curies":[{"name":"wp","href":"https:\/\/api.w.org\/{rel}","templated":true}]}}