{"id":135347,"date":"2026-01-25T01:10:37","date_gmt":"2026-01-25T00:10:37","guid":{"rendered":"https:\/\/interiorposter.com\/?post_type=product&#038;p=135347"},"modified":"2026-03-19T01:04:46","modified_gmt":"2026-03-19T00:04:46","slug":"magiczne-drzewo-zycia-plakat-pelen-cieplego-blasku","status":"publish","type":"product","link":"https:\/\/interiorposter.com\/pl\/product\/magiczne-drzewo-zycia-plakat-pelen-cieplego-blasku\/","title":{"rendered":"Magiczne Drzewo \u017bycia, plakat pe\u0142en ciep\u0142ego blasku"},"content":{"rendered":"<p>Zanurz wn\u0119trze w spokojnej, ba\u015bniowej atmosferze. Ten artystyczny plakat przedstawia roz\u0142o\u017cyste drzewo o rze\u017abionym, spiralnym pniu i koronie pe\u0142nej detali, pod kt\u00f3rym siedzi zamy\u015blona posta\u0107. Ciep\u0142e z\u0142ota, br\u0105zy i miedziane akcenty \u0142\u0105cz\u0105 si\u0119 z ch\u0142odnym turkusem i zieleni\u0105, tworz\u0105c harmonijny, lekko tajemniczy klimat. \u015awietnie sprawdzi si\u0119 jako obraz do salonu, sypialni, biura, przedpokoju, a tak\u017ce w hotelu lub restauracji, gdzie doda elegancji i wyciszenia. Dzi\u0119ki dekoracyjnym detalom i zbalansowanej palecie kolor\u00f3w pomaga optycznie ociepli\u0107 przestrze\u0144 i stworzy\u0107 przytulny punkt skupienia na \u015bcianie. To grafika na \u015bcianie, kt\u00f3ra przyci\u0105ga wzrok i buduje nastr\u00f3j.<\/p>\n","protected":false},"excerpt":{"rendered":"<p>Nastrojowy plakat z Drzewem \u017bycia w z\u0142oto-turkusowej palecie. Misterna ilustracja z postaci\u0105 pod drzewem ociepla wn\u0119trze i dodaje mu spokoju w salonie, sypialni lub biurze.<\/p>\n","protected":false},"featured_media":144007,"comment_status":"open","ping_status":"closed","template":"","meta":[],"product_brand":[],"product_cat":[97,88,76,291,305,299,107,73,91,125,85,70,209],"product_tag":[706,188],"class_list":{"0":"post-135347","1":"product","2":"type-product","3":"status-publish","4":"has-post-thumbnail","6":"product_cat-abstrakcja","7":"product_cat-biuro","8":"product_cat-hotel-pl","9":"product_cat-ilustracje","10":"product_cat-ludzie","11":"product_cat-malarskie","12":"product_cat-nowoczesne","13":"product_cat-przedpokoj","14":"product_cat-restauracja","15":"product_cat-rosliny-i-kwiaty","16":"product_cat-salon","17":"product_cat-sypialnia","18":"product_cat-sztuka-koncepcyjna","19":"product_tag-pionowy","20":"product_tag-wielokolorowy","22":"first","23":"instock","24":"taxable","25":"shipping-taxable","26":"purchasable","27":"product-type-variable","28":"has-default-attributes"},"aioseo_notices":[],"_links":{"self":[{"href":"https:\/\/interiorposter.com\/pl\/wp-json\/wp\/v2\/product\/135347","targetHints":{"allow":["GET"]}}],"collection":[{"href":"https:\/\/interiorposter.com\/pl\/wp-json\/wp\/v2\/product"}],"about":[{"href":"https:\/\/interiorposter.com\/pl\/wp-json\/wp\/v2\/types\/product"}],"replies":[{"embeddable":true,"href":"https:\/\/interiorposter.com\/pl\/wp-json\/wp\/v2\/comments?post=135347"}],"wp:featuredmedia":[{"embeddable":true,"href":"https:\/\/interiorposter.com\/pl\/wp-json\/wp\/v2\/media\/144007"}],"wp:attachment":[{"href":"https:\/\/interiorposter.com\/pl\/wp-json\/wp\/v2\/media?parent=135347"}],"wp:term":[{"taxonomy":"product_brand","embeddable":true,"href":"https:\/\/interiorposter.com\/pl\/wp-json\/wp\/v2\/product_brand?post=135347"},{"taxonomy":"product_cat","embeddable":true,"href":"https:\/\/interiorposter.com\/pl\/wp-json\/wp\/v2\/product_cat?post=135347"},{"taxonomy":"product_tag","embeddable":true,"href":"https:\/\/interiorposter.com\/pl\/wp-json\/wp\/v2\/product_tag?post=135347"}],"curies":[{"name":"wp","href":"https:\/\/api.w.org\/{rel}","templated":true}]}}