{"id":134922,"date":"2026-01-21T10:25:55","date_gmt":"2026-01-21T09:25:55","guid":{"rendered":"https:\/\/interiorposter.com\/?post_type=product&#038;p=134922"},"modified":"2026-03-19T01:04:57","modified_gmt":"2026-03-19T00:04:57","slug":"czarno-bialy-plakat-z-liscmi-palmy","status":"publish","type":"product","link":"https:\/\/interiorposter.com\/pl\/product\/czarno-bialy-plakat-z-liscmi-palmy\/","title":{"rendered":"Czarno-bia\u0142y plakat z li\u015b\u0107mi palmy"},"content":{"rendered":"<p>Minimalistyczny plakat z li\u015b\u0107mi palmy w czerni i bieli to szybki spos\u00f3b, by doda\u0107 wn\u0119trzu elegancji i nowoczesnego rytmu. Dynamiczne, graficzne linie li\u015bci tworz\u0105 efekt lekko\u015bci, a jednocze\u015bnie przyci\u0105gaj\u0105 wzrok jak stylowa grafika na \u015bcian\u0119. \u015awietnie sprawdzi si\u0119 jako dekoracja do salonu, sypialni, przedpokoju i biura, a tak\u017ce w hotelu lub restauracji, gdzie liczy si\u0119 czysta, dopracowana estetyka. Kolorystyka: monochromatyczna, kontrastowa, jasna, z mocnymi czarnymi akcentami. Pasuje do aran\u017cacji minimalistycznych, nowoczesnych i skandynawskich, szczeg\u00f3lnie gdy chcesz podkre\u015bli\u0107 przestrze\u0144 bez nadmiaru dodatk\u00f3w.<\/p>\n","protected":false},"excerpt":{"rendered":"<p>Kontrastowy plakat z li\u015b\u0107mi palmy w czerni i bieli. Minimalistyczna grafika na \u015bcian\u0119 do salonu, sypialni i biura, idealna do nowoczesnych wn\u0119trz.<\/p>\n","protected":false},"featured_media":143643,"comment_status":"open","ping_status":"closed","template":"","meta":[],"product_brand":[],"product_cat":[88,212,76,82,104,107,73,91,125,85,70],"product_tag":[276,706,182],"class_list":{"0":"post-134922","1":"product","2":"type-product","3":"status-publish","4":"has-post-thumbnail","6":"product_cat-biuro","7":"product_cat-geometryczne","8":"product_cat-hotel-pl","9":"product_cat-kuchnia","10":"product_cat-minimalistyczne","11":"product_cat-nowoczesne","12":"product_cat-przedpokoj","13":"product_cat-restauracja","14":"product_cat-rosliny-i-kwiaty","15":"product_cat-salon","16":"product_cat-sypialnia","17":"product_tag-jasne","18":"product_tag-pionowy","19":"product_tag-szary","21":"first","22":"instock","23":"taxable","24":"shipping-taxable","25":"purchasable","26":"product-type-variable","27":"has-default-attributes"},"aioseo_notices":[],"_links":{"self":[{"href":"https:\/\/interiorposter.com\/pl\/wp-json\/wp\/v2\/product\/134922","targetHints":{"allow":["GET"]}}],"collection":[{"href":"https:\/\/interiorposter.com\/pl\/wp-json\/wp\/v2\/product"}],"about":[{"href":"https:\/\/interiorposter.com\/pl\/wp-json\/wp\/v2\/types\/product"}],"replies":[{"embeddable":true,"href":"https:\/\/interiorposter.com\/pl\/wp-json\/wp\/v2\/comments?post=134922"}],"wp:featuredmedia":[{"embeddable":true,"href":"https:\/\/interiorposter.com\/pl\/wp-json\/wp\/v2\/media\/143643"}],"wp:attachment":[{"href":"https:\/\/interiorposter.com\/pl\/wp-json\/wp\/v2\/media?parent=134922"}],"wp:term":[{"taxonomy":"product_brand","embeddable":true,"href":"https:\/\/interiorposter.com\/pl\/wp-json\/wp\/v2\/product_brand?post=134922"},{"taxonomy":"product_cat","embeddable":true,"href":"https:\/\/interiorposter.com\/pl\/wp-json\/wp\/v2\/product_cat?post=134922"},{"taxonomy":"product_tag","embeddable":true,"href":"https:\/\/interiorposter.com\/pl\/wp-json\/wp\/v2\/product_tag?post=134922"}],"curies":[{"name":"wp","href":"https:\/\/api.w.org\/{rel}","templated":true}]}}