{"id":133838,"date":"2025-11-12T18:04:32","date_gmt":"2025-11-12T17:04:32","guid":{"rendered":"https:\/\/interiorposter.com\/?post_type=product&#038;p=133838"},"modified":"2026-05-09T23:08:39","modified_gmt":"2026-05-09T21:08:39","slug":"plakat-w-ramie-tropikalna-palma-w-jasnej-odslonie","status":"publish","type":"product","link":"https:\/\/interiorposter.com\/pl\/product\/plakat-w-ramie-tropikalna-palma-w-jasnej-odslonie\/","title":{"rendered":"Plakat w ramie tropikalna palma w jasnej ods\u0142onie"},"content":{"rendered":"<p>Plakat w ramie z motywem tropikalnej palmy to stylowa dekoracja \u015bcienna, kt\u00f3ra wprowadza do wn\u0119trza \u015bwie\u017co\u015b\u0107, lekko\u015b\u0107 i subtelny egzotyczny akcent. Smuk\u0142y pie\u0144, g\u0119sta korona roz\u0142o\u017cystych li\u015bci oraz jasne t\u0142o tworz\u0105 eleganck\u0105, harmonijn\u0105 kompozycj\u0119, idealn\u0105 do nowoczesnych i minimalistycznych aran\u017cacji. Taki plakat \u015bwietnie prezentuje si\u0119 w salonie, sypialni, biurze, hotelu, restauracji lub przedpokoju, dodaj\u0105c przestrzeni naturalnego uroku i spokojnego charakteru.<\/p>\n<p>Plakat w ramie to dekoracja uniwersalna i prosta w aplikacji w ka\u017cdym pomieszczeniu. Dost\u0119pny jest w wielu rozmiarach, w fotograficznej jako\u015bci wydruku, dzi\u0119ki czemu \u0142atwo dopasowa\u0107 go do wielko\u015bci i stylu wn\u0119trza. Druk wykonywany jest ekologiczn\u0105, bezwonn\u0105 i w pe\u0142ni bezpieczn\u0105 metod\u0105 druku lateksowego. Plakat oprawiony jest z passe-partout, co podkre\u015bla jego elegancki wygl\u0105d. Do wyboru s\u0105 ramy drewniane w kolorze naturalnym, czarnym lub szarym oraz ramy aluminiowe w kolorze czarnym lub srebrnym. Czo\u0142o ramy stanowi plexiglass, dzi\u0119ki czemu produkt jest lekki i odporny na st\u0142uczenia, a ty\u0142 wykonany jest z p\u0142yty HDF. Papier plakatowy ma powierzchni\u0119 p\u00f3\u0142matow\u0105, g\u0142adk\u0105 oraz wysok\u0105 gramatur\u0119 200 g\/m2. Uk\u0142ad kolorystyczny jest jasny, z dominacj\u0105 zieleni, bieli, be\u017cu i naturalnych br\u0105z\u00f3w.<\/p>\n","protected":false},"excerpt":{"rendered":"<p>Plakat w ramie z tropikaln\u0105 palm\u0105 i passe-partout. Elegancka dekoracja do salonu, sypialni, biura lub hotelu, dost\u0119pna w ramach drewnianych i aluminiowych.<\/p>\n","protected":false},"featured_media":133840,"comment_status":"open","ping_status":"closed","template":"","meta":[],"product_brand":[],"product_cat":[88,76,291,104,107,73,91,125,85,70],"product_tag":[1302,276,706,188],"class_list":{"0":"post-133838","1":"product","2":"type-product","3":"status-publish","4":"has-post-thumbnail","6":"product_cat-biuro","7":"product_cat-hotel-pl","8":"product_cat-ilustracje","9":"product_cat-minimalistyczne","10":"product_cat-nowoczesne","11":"product_cat-przedpokoj","12":"product_cat-restauracja","13":"product_cat-rosliny-i-kwiaty","14":"product_cat-salon","15":"product_cat-sypialnia","16":"product_tag-drzewo","17":"product_tag-jasne","18":"product_tag-pionowy","19":"product_tag-wielokolorowy","21":"first","22":"instock","23":"taxable","24":"shipping-taxable","25":"purchasable","26":"product-type-variable","27":"has-default-attributes"},"aioseo_notices":[],"_links":{"self":[{"href":"https:\/\/interiorposter.com\/pl\/wp-json\/wp\/v2\/product\/133838","targetHints":{"allow":["GET"]}}],"collection":[{"href":"https:\/\/interiorposter.com\/pl\/wp-json\/wp\/v2\/product"}],"about":[{"href":"https:\/\/interiorposter.com\/pl\/wp-json\/wp\/v2\/types\/product"}],"replies":[{"embeddable":true,"href":"https:\/\/interiorposter.com\/pl\/wp-json\/wp\/v2\/comments?post=133838"}],"wp:featuredmedia":[{"embeddable":true,"href":"https:\/\/interiorposter.com\/pl\/wp-json\/wp\/v2\/media\/133840"}],"wp:attachment":[{"href":"https:\/\/interiorposter.com\/pl\/wp-json\/wp\/v2\/media?parent=133838"}],"wp:term":[{"taxonomy":"product_brand","embeddable":true,"href":"https:\/\/interiorposter.com\/pl\/wp-json\/wp\/v2\/product_brand?post=133838"},{"taxonomy":"product_cat","embeddable":true,"href":"https:\/\/interiorposter.com\/pl\/wp-json\/wp\/v2\/product_cat?post=133838"},{"taxonomy":"product_tag","embeddable":true,"href":"https:\/\/interiorposter.com\/pl\/wp-json\/wp\/v2\/product_tag?post=133838"}],"curies":[{"name":"wp","href":"https:\/\/api.w.org\/{rel}","templated":true}]}}