{"id":130641,"date":"2025-11-12T17:14:38","date_gmt":"2025-11-12T16:14:38","guid":{"rendered":"https:\/\/interiorposter.com\/?post_type=product&#038;p=130641"},"modified":"2026-05-09T23:01:42","modified_gmt":"2026-05-09T21:01:42","slug":"plakat-w-ramie-egzotyczna-palma-w-nowoczesnym-stylu","status":"publish","type":"product","link":"https:\/\/interiorposter.com\/pl\/product\/plakat-w-ramie-egzotyczna-palma-w-nowoczesnym-stylu\/","title":{"rendered":"Plakat w ramie egzotyczna palma w nowoczesnym stylu"},"content":{"rendered":"<p>Plakat w ramie z motywem egzotycznej palmy to elegancka dekoracja \u015bcienna, kt\u00f3ra wnosi do wn\u0119trza lekko\u015b\u0107, spok\u00f3j i subtelny klimat inspirowany natur\u0105. Smuk\u0142y pie\u0144, roz\u0142o\u017cyste li\u015bcie i stonowane t\u0142o tworz\u0105 kompozycj\u0119 wyrazist\u0105, a zarazem harmonijn\u0105, dzi\u0119ki czemu plakat \u015bwietnie odnajduje si\u0119 zar\u00f3wno w nowoczesnych, jak i bardziej minimalistycznych aran\u017cacjach. To doskona\u0142y wyb\u00f3r do salonu, sypialni, biura, hotelu, restauracji lub przedpokoju, wsz\u0119dzie tam, gdzie liczy si\u0119 stylowa i ponadczasowa grafika na \u015bcianie.<\/p>\n<p>Plakat w ramie to dekoracja uniwersalna i prosta w aplikacji w ka\u017cdym pomieszczeniu. Dost\u0119pny jest w wielu rozmiarach, w fotograficznej jako\u015bci wydruku, dzi\u0119ki czemu \u0142atwo dopasowa\u0107 go do wielko\u015bci i charakteru wn\u0119trza. Druk wykonywany jest ekologiczn\u0105, bezwonn\u0105 i w pe\u0142ni bezpieczn\u0105 metod\u0105 druku lateksowego. Plakat oprawiony jest z passe-partout, co dodatkowo podkre\u015bla jego elegancki wygl\u0105d. Do wyboru s\u0105 ramy drewniane w kolorze naturalnym, czarnym lub szarym oraz ramy aluminiowe w kolorze czarnym lub srebrnym. Czo\u0142o ramy stanowi plexiglass, dzi\u0119ki czemu produkt jest lekki i odporny na st\u0142uczenia, a ty\u0142 wykonany jest z p\u0142yty HDF. Papier plakatowy ma powierzchni\u0119 p\u00f3\u0142matow\u0105, g\u0142adk\u0105 oraz wysok\u0105 gramatur\u0119 200 g\/m2. Uk\u0142ad kolorystyczny jest ciemny, z dominacj\u0105 zieleni, br\u0105zu, be\u017cu i przygaszonych szaro\u015bci.<\/p>\n","protected":false},"excerpt":{"rendered":"<p>Plakat w ramie z egzotyczn\u0105 palm\u0105 i passe-partout. Stylowa dekoracja do salonu, sypialni, biura lub hotelu, dost\u0119pna w ramach drewnianych i aluminiowych.<\/p>\n","protected":false},"featured_media":130643,"comment_status":"open","ping_status":"closed","template":"","meta":[],"product_brand":[],"product_cat":[88,76,291,104,107,73,91,125,85,70],"product_tag":[1302,706,182,188],"class_list":{"0":"post-130641","1":"product","2":"type-product","3":"status-publish","4":"has-post-thumbnail","6":"product_cat-biuro","7":"product_cat-hotel-pl","8":"product_cat-ilustracje","9":"product_cat-minimalistyczne","10":"product_cat-nowoczesne","11":"product_cat-przedpokoj","12":"product_cat-restauracja","13":"product_cat-rosliny-i-kwiaty","14":"product_cat-salon","15":"product_cat-sypialnia","16":"product_tag-drzewo","17":"product_tag-pionowy","18":"product_tag-szary","19":"product_tag-wielokolorowy","21":"first","22":"instock","23":"taxable","24":"shipping-taxable","25":"purchasable","26":"product-type-variable","27":"has-default-attributes"},"aioseo_notices":[],"_links":{"self":[{"href":"https:\/\/interiorposter.com\/pl\/wp-json\/wp\/v2\/product\/130641","targetHints":{"allow":["GET"]}}],"collection":[{"href":"https:\/\/interiorposter.com\/pl\/wp-json\/wp\/v2\/product"}],"about":[{"href":"https:\/\/interiorposter.com\/pl\/wp-json\/wp\/v2\/types\/product"}],"replies":[{"embeddable":true,"href":"https:\/\/interiorposter.com\/pl\/wp-json\/wp\/v2\/comments?post=130641"}],"wp:featuredmedia":[{"embeddable":true,"href":"https:\/\/interiorposter.com\/pl\/wp-json\/wp\/v2\/media\/130643"}],"wp:attachment":[{"href":"https:\/\/interiorposter.com\/pl\/wp-json\/wp\/v2\/media?parent=130641"}],"wp:term":[{"taxonomy":"product_brand","embeddable":true,"href":"https:\/\/interiorposter.com\/pl\/wp-json\/wp\/v2\/product_brand?post=130641"},{"taxonomy":"product_cat","embeddable":true,"href":"https:\/\/interiorposter.com\/pl\/wp-json\/wp\/v2\/product_cat?post=130641"},{"taxonomy":"product_tag","embeddable":true,"href":"https:\/\/interiorposter.com\/pl\/wp-json\/wp\/v2\/product_tag?post=130641"}],"curies":[{"name":"wp","href":"https:\/\/api.w.org\/{rel}","templated":true}]}}