{"id":123961,"date":"2025-11-12T15:26:58","date_gmt":"2025-11-12T14:26:58","guid":{"rendered":"https:\/\/interiorposter.com\/?post_type=product&#038;p=123961"},"modified":"2026-03-19T01:22:29","modified_gmt":"2026-03-19T00:22:29","slug":"plakat-kwiaty-glamour-turkus-i-zloto-na-bieli","status":"publish","type":"product","link":"https:\/\/interiorposter.com\/pl\/product\/plakat-kwiaty-glamour-turkus-i-zloto-na-bieli\/","title":{"rendered":"Plakat kwiaty glamour turkus i z\u0142oto na bieli"},"content":{"rendered":"<p>Efektowna kompozycja kwiat\u00f3w w stylu glamour \u0142\u0105czy turkus, pudrowy r\u00f3\u017c i g\u0142\u0119bok\u0105 szaro\u015b\u0107 z eleganckimi, z\u0142otymi liniami. Wyrazisty centralny kwiat przyci\u0105ga wzrok, a delikatne p\u0142atki i z\u0142ote detale dodaj\u0105 ca\u0142o\u015bci luksusowego blasku oraz artystycznej g\u0142\u0119bi. Kolorystyka jasna z turkusem i z\u0142otem pi\u0119knie roz\u015bwietla \u015bcian\u0119 i tworzy przytulny, dopracowany klimat. To \u015bwietny wyb\u00f3r jako obraz do salonu, gdy chcesz podkre\u015bli\u0107 charakter wn\u0119trza, ale plakat r\u00f3wnie dobrze sprawdzi si\u0119 w sypialni, przedpokoju i biurze. W hotelu lub restauracji zbuduje wra\u017cenie premium i doda przestrzeni elegancji. Ten motyw pasuje do wn\u0119trz nowoczesnych, glamour i minimalistycznych, gdzie liczy si\u0119 stylowa grafika na \u015bcianie.<\/p>\n","protected":false},"excerpt":{"rendered":"<p>Turkusowe kwiaty ze z\u0142otymi detalami w stylu glamour. Elegancki plakat do salonu lub sypialni, kt\u00f3ry dodaje wn\u0119trzu koloru i luksusowego blasku.<\/p>\n","protected":false},"featured_media":123963,"comment_status":"open","ping_status":"closed","template":"","meta":[],"product_brand":[],"product_cat":[97,88,101,76,299,107,73,91,125,85,70,209],"product_tag":[706,188],"class_list":{"0":"post-123961","1":"product","2":"type-product","3":"status-publish","4":"has-post-thumbnail","6":"product_cat-abstrakcja","7":"product_cat-biuro","8":"product_cat-glamour-pl","9":"product_cat-hotel-pl","10":"product_cat-malarskie","11":"product_cat-nowoczesne","12":"product_cat-przedpokoj","13":"product_cat-restauracja","14":"product_cat-rosliny-i-kwiaty","15":"product_cat-salon","16":"product_cat-sypialnia","17":"product_cat-sztuka-koncepcyjna","18":"product_tag-pionowy","19":"product_tag-wielokolorowy","21":"first","22":"instock","23":"taxable","24":"shipping-taxable","25":"product-type-variable","26":"has-default-attributes"},"aioseo_notices":[],"_links":{"self":[{"href":"https:\/\/interiorposter.com\/pl\/wp-json\/wp\/v2\/product\/123961","targetHints":{"allow":["GET"]}}],"collection":[{"href":"https:\/\/interiorposter.com\/pl\/wp-json\/wp\/v2\/product"}],"about":[{"href":"https:\/\/interiorposter.com\/pl\/wp-json\/wp\/v2\/types\/product"}],"replies":[{"embeddable":true,"href":"https:\/\/interiorposter.com\/pl\/wp-json\/wp\/v2\/comments?post=123961"}],"wp:featuredmedia":[{"embeddable":true,"href":"https:\/\/interiorposter.com\/pl\/wp-json\/wp\/v2\/media\/123963"}],"wp:attachment":[{"href":"https:\/\/interiorposter.com\/pl\/wp-json\/wp\/v2\/media?parent=123961"}],"wp:term":[{"taxonomy":"product_brand","embeddable":true,"href":"https:\/\/interiorposter.com\/pl\/wp-json\/wp\/v2\/product_brand?post=123961"},{"taxonomy":"product_cat","embeddable":true,"href":"https:\/\/interiorposter.com\/pl\/wp-json\/wp\/v2\/product_cat?post=123961"},{"taxonomy":"product_tag","embeddable":true,"href":"https:\/\/interiorposter.com\/pl\/wp-json\/wp\/v2\/product_tag?post=123961"}],"curies":[{"name":"wp","href":"https:\/\/api.w.org\/{rel}","templated":true}]}}