{"id":123266,"date":"2025-11-12T15:13:32","date_gmt":"2025-11-12T14:13:32","guid":{"rendered":"https:\/\/interiorposter.com\/?post_type=product&#038;p=123266"},"modified":"2026-05-09T22:49:00","modified_gmt":"2026-05-09T20:49:00","slug":"plakat-w-ramie-drzewo-zycia-w-artystycznym-stylu","status":"publish","type":"product","link":"https:\/\/interiorposter.com\/pl\/product\/plakat-w-ramie-drzewo-zycia-w-artystycznym-stylu\/","title":{"rendered":"Plakat w ramie drzewo \u017cycia w artystycznym stylu"},"content":{"rendered":"<p>Plakat w ramie z motywem drzewa \u017cycia to wyj\u0105tkowa dekoracja \u015bcienna, kt\u00f3ra \u0142\u0105czy symbolik\u0119 natury z nowoczesnym, artystycznym wyko\u0144czeniem. Kompozycja pe\u0142na spiralnych detali, mi\u0119kkich linii i harmonijnych kolor\u00f3w przyci\u0105ga wzrok, a jednocze\u015bnie wprowadza do wn\u0119trza spok\u00f3j, ciep\u0142o i pozytywn\u0105 energi\u0119. Plakat dost\u0119pny jest w wielu rozmiarach oraz w eleganckiej oprawie z passe-partout, dzi\u0119ki czemu \u0142atwo dopasowa\u0107 go do stylu pomieszczenia. Do wyboru s\u0105 ramy drewniane w kolorze naturalnym, czarnym lub szarym oraz ramy aluminiowe w kolorze czarnym lub srebrnym. Wydruk wykonywany jest w fotograficznej jako\u015bci na g\u0142adkim, p\u00f3\u0142matowym papierze plakatowym o wysokiej gramaturze 200 g\/m2, ekologiczn\u0105, bezwonn\u0105 i bezpieczn\u0105 metod\u0105 druku lateksowego. Front ramy stanowi lekkie i odporne na st\u0142uczenia plexiglass, a ty\u0142 wykonany jest z p\u0142yty HDF. To stylowy plakat do salonu, sypialni, biura, hotelu, restauracji lub przedpokoju, szczeg\u00f3lnie do wn\u0119trz nowoczesnych, skandynawskich i inspirowanych natur\u0105. Uk\u0142ad kolorystyczny jest pastelowy i wielokolorowy, z akcentami turkusu, zieleni, br\u0105zu, pomara\u0144czu, be\u017cu i bieli.<\/p>\n","protected":false},"excerpt":{"rendered":"<p>Plakat w ramie z artystycznym drzewem \u017cycia, passe-partout i wyborem ram drewnianych lub aluminiowych. Stylowa dekoracja do salonu, sypialni lub biura.<\/p>\n","protected":false},"featured_media":123268,"comment_status":"open","ping_status":"closed","template":"","meta":[],"product_brand":[],"product_cat":[88,76,291,107,73,91,125,85,70],"product_tag":[1302,279,706,188],"class_list":{"0":"post-123266","1":"product","2":"type-product","3":"status-publish","4":"has-post-thumbnail","6":"product_cat-biuro","7":"product_cat-hotel-pl","8":"product_cat-ilustracje","9":"product_cat-nowoczesne","10":"product_cat-przedpokoj","11":"product_cat-restauracja","12":"product_cat-rosliny-i-kwiaty","13":"product_cat-salon","14":"product_cat-sypialnia","15":"product_tag-drzewo","16":"product_tag-pastelowe","17":"product_tag-pionowy","18":"product_tag-wielokolorowy","20":"first","21":"instock","22":"taxable","23":"shipping-taxable","24":"purchasable","25":"product-type-variable","26":"has-default-attributes"},"aioseo_notices":[],"_links":{"self":[{"href":"https:\/\/interiorposter.com\/pl\/wp-json\/wp\/v2\/product\/123266","targetHints":{"allow":["GET"]}}],"collection":[{"href":"https:\/\/interiorposter.com\/pl\/wp-json\/wp\/v2\/product"}],"about":[{"href":"https:\/\/interiorposter.com\/pl\/wp-json\/wp\/v2\/types\/product"}],"replies":[{"embeddable":true,"href":"https:\/\/interiorposter.com\/pl\/wp-json\/wp\/v2\/comments?post=123266"}],"wp:featuredmedia":[{"embeddable":true,"href":"https:\/\/interiorposter.com\/pl\/wp-json\/wp\/v2\/media\/123268"}],"wp:attachment":[{"href":"https:\/\/interiorposter.com\/pl\/wp-json\/wp\/v2\/media?parent=123266"}],"wp:term":[{"taxonomy":"product_brand","embeddable":true,"href":"https:\/\/interiorposter.com\/pl\/wp-json\/wp\/v2\/product_brand?post=123266"},{"taxonomy":"product_cat","embeddable":true,"href":"https:\/\/interiorposter.com\/pl\/wp-json\/wp\/v2\/product_cat?post=123266"},{"taxonomy":"product_tag","embeddable":true,"href":"https:\/\/interiorposter.com\/pl\/wp-json\/wp\/v2\/product_tag?post=123266"}],"curies":[{"name":"wp","href":"https:\/\/api.w.org\/{rel}","templated":true}]}}