{"id":747,"date":"2025-05-17T02:19:58","date_gmt":"2025-05-17T00:19:58","guid":{"rendered":"https:\/\/interiorposter.com\/?page_id=747"},"modified":"2025-08-07T00:46:31","modified_gmt":"2025-08-06T22:46:31","slug":"formularz-reklamacyjny","status":"publish","type":"page","link":"https:\/\/interiorposter.com\/pl\/formularz-reklamacyjny\/","title":{"rendered":"Formularz reklamacyjny"},"content":{"rendered":"<p><strong>Dzi\u0119kujemy za zakupy w naszym sklepie!<\/strong><\/p>\n<p>Je\u015bli chc\u0105 Pa\u0144stwo z\u0142o\u017cy\u0107 reklamacj\u0119 dotycz\u0105c\u0105 otrzymanego produktu, prosimy o przygotowanie szczeg\u00f3\u0142owego opisu problemu oraz wype\u0142nienie i przes\u0142anie poni\u017cszego formularza.<\/p>\n<p>Zach\u0119camy r\u00f3wnie\u017c do zapoznania si\u0119 z nasz\u0105 polityk\u0105 reklamacyjn\u0105: <a href=\"https:\/\/interiorposter.com\/pl\/polityka-reklamacji\">https:\/\/interiorposter.com\/pl\/polityka-reklamacji<\/a>.<\/p>\n<p>Po otrzymaniu zg\u0142oszenia skontaktujemy si\u0119 z Pa\u0144stwem, aby poinformowa\u0107 o kolejnych krokach i mo\u017cliwych sposobach rozwi\u0105zania sprawy.<\/p>\n\n<div class=\"wpcf7 no-js\" id=\"wpcf7-f63611-o1\" lang=\"pl-PL\" dir=\"ltr\" data-wpcf7-id=\"63611\">\n<div class=\"screen-reader-response\"><p role=\"status\" aria-live=\"polite\" aria-atomic=\"true\"><\/p> <ul><\/ul><\/div>\n<form action=\"\/pl\/wp-json\/wp\/v2\/pages\/747#wpcf7-f63611-o1\" method=\"post\" class=\"wpcf7-form init contact-form\" aria-label=\"Formularz kontaktowy\" novalidate=\"novalidate\" data-status=\"init\">\n<div style=\"display: none;\">\n<input type=\"hidden\" name=\"_wpcf7\" value=\"63611\" \/>\n<input type=\"hidden\" name=\"_wpcf7_version\" value=\"6.0.6\" \/>\n<input type=\"hidden\" name=\"_wpcf7_locale\" value=\"pl_PL\" \/>\n<input type=\"hidden\" name=\"_wpcf7_unit_tag\" value=\"wpcf7-f63611-o1\" \/>\n<input type=\"hidden\" name=\"_wpcf7_container_post\" value=\"0\" \/>\n<input type=\"hidden\" name=\"_wpcf7_posted_data_hash\" value=\"\" \/>\n<\/div>\n<div class=\"fhsb fw w100\">\n\t<div class=\"dib d49m100\">\n\t\t<p><label for=\"your-first-name\">Imi\u0119<\/label><br \/>\n<span class=\"wpcf7-form-control-wrap\" data-name=\"your-first-name\"><input size=\"40\" maxlength=\"400\" class=\"wpcf7-form-control wpcf7-text wpcf7-validates-as-required\" autocomplete=\"name\" aria-required=\"true\" aria-invalid=\"false\" placeholder=\"Wpisz tutaj swoje Imi\u0119\" value=\"\" type=\"text\" name=\"your-first-name\" \/><\/span>\n\t\t<\/p>\n\t<\/div>\n\t<div class=\"dib d49m100\">\n\t\t<p><label for=\"your-last-name\">Nazwisko<\/label><br \/>\n<span class=\"wpcf7-form-control-wrap\" data-name=\"your-last-name\"><input size=\"40\" maxlength=\"400\" class=\"wpcf7-form-control wpcf7-text wpcf7-validates-as-required\" autocomplete=\"lastname\" aria-required=\"true\" aria-invalid=\"false\" placeholder=\"Wpisz tutaj swoje Nazwisko\" value=\"\" type=\"text\" name=\"your-last-name\" \/><\/span>\n\t\t<\/p>\n\t<\/div>\n<\/div>\n<div class=\"dib w100\">\n\t<p><label for=\"your-email\">Adres email<\/label><br \/>\n<span class=\"wpcf7-form-control-wrap\" data-name=\"your-email\"><input size=\"40\" maxlength=\"400\" class=\"wpcf7-form-control wpcf7-email wpcf7-validates-as-required wpcf7-text wpcf7-validates-as-email\" autocomplete=\"email\" aria-required=\"true\" aria-invalid=\"false\" placeholder=\"Podaj tutaj sw\u00f3j adres e-mail\" value=\"\" type=\"email\" name=\"your-email\" \/><\/span>\n\t<\/p>\n<\/div>\n<div class=\"dib w100\">\n\t<p><label for=\"order-number\">Numer zam\u00f3wienia<\/label><br \/>\n<span class=\"wpcf7-form-control-wrap\" data-name=\"order-number\"><input size=\"40\" maxlength=\"400\" class=\"wpcf7-form-control wpcf7-text wpcf7-validates-as-required\" aria-required=\"true\" aria-invalid=\"false\" placeholder=\"Podaj tutaj dok\u0142adny numer zam\u00f3wienia\" value=\"\" type=\"text\" name=\"order-number\" \/><\/span>\n\t<\/p>\n<\/div>\n<div class=\"dib w100\">\n\t<p><label for=\"select-reason-for-complaint\">Przyczyna reklamacji<\/label><br \/>\n<span class=\"wpcf7-form-control-wrap\" data-name=\"select-reason-for-complaint\"><select class=\"wpcf7-form-control wpcf7-select wpcf7-validates-as-required\" aria-required=\"true\" aria-invalid=\"false\" name=\"select-reason-for-complaint\"><option value=\"\"><\/option><option value=\"Kolory nie zgodne z wizualizacj\u0105\">Kolory nie zgodne z wizualizacj\u0105<\/option><option value=\"Rama nie zgodna z opisem\/wizualizacj\u0105\">Rama nie zgodna z opisem\/wizualizacj\u0105<\/option><option value=\"Z\u0142a jako\u015b\u0107 produktu\">Z\u0142a jako\u015b\u0107 produktu<\/option><option value=\"Dostarczono uszkodzony produkt\">Dostarczono uszkodzony produkt<\/option><option value=\"Produkt niezgodny z opisem\">Produkt niezgodny z opisem<\/option><option value=\"Produkt zmieni\u0142 kolory lub inne cechy ponad norm\u0119\">Produkt zmieni\u0142 kolory lub inne cechy ponad norm\u0119<\/option><option value=\"Produkt nigdy nie zosta\u0142 dostarczony\">Produkt nigdy nie zosta\u0142 dostarczony<\/option><option value=\"Produkt dostarczono w stanie uszkodzonym\">Produkt dostarczono w stanie uszkodzonym<\/option><option value=\"Inna przyczyna reklamacji\">Inna przyczyna reklamacji<\/option><\/select><\/span>\n\t<\/p>\n<\/div>\n<div class=\"dib w100\">\n\t<p><label for=\"select-complaint-mode\">Tryb reklamacji<\/label><br \/>\n<span class=\"wpcf7-form-control-wrap\" data-name=\"select-complaint-mode\"><select class=\"wpcf7-form-control wpcf7-select wpcf7-validates-as-required\" aria-required=\"true\" aria-invalid=\"false\" name=\"select-complaint-mode\"><option value=\"\"><\/option><option value=\"Prosz\u0119 o wymian\u0119 produktu na taki sam\">Prosz\u0119 o wymian\u0119 produktu na taki sam<\/option><option value=\"Prosz\u0119 o wymiane produktu na inny\">Prosz\u0119 o wymiane produktu na inny<\/option><option value=\"Prosz\u0119 o zwrot koszt\u00f3w za produkt\">Prosz\u0119 o zwrot koszt\u00f3w za produkt<\/option><option value=\"Prosz\u0119 o obni\u017cenie ceny\">Prosz\u0119 o obni\u017cenie ceny<\/option><option value=\"Inny tryb reklamacji\">Inny tryb reklamacji<\/option><\/select><\/span>\n\t<\/p>\n<\/div>\n<div class=\"dib w100\">\n\t<p><label for=\"products-list\">Lista wadliwych produkt\u00f3w<\/label><br \/>\n<span class=\"wpcf7-form-control-wrap\" data-name=\"products-list\"><textarea cols=\"40\" rows=\"10\" maxlength=\"2000\" class=\"wpcf7-form-control wpcf7-textarea wpcf7-validates-as-required\" aria-required=\"true\" aria-invalid=\"false\" placeholder=\"Podaj tutaj list\u0119 produkt\u00f3w kt\u00f3re chcesz zareklamowa\u0107\" name=\"products-list\"><\/textarea><\/span>\n\t<\/p>\n<\/div>\n<div class=\"dib w100\">\n\t<p><label for=\"your-message\">Opis reklamacji<\/label><br \/>\n<span class=\"wpcf7-form-control-wrap\" data-name=\"your-message\"><textarea cols=\"40\" rows=\"10\" maxlength=\"2000\" class=\"wpcf7-form-control wpcf7-textarea wpcf7-validates-as-required\" aria-required=\"true\" aria-invalid=\"false\" placeholder=\"Opisz tutaj szczeg\u00f3\u0142y reklamacji\" name=\"your-message\"><\/textarea><\/span>\n\t<\/p>\n<\/div>\n<div class=\"dib w100 mb20\">\n\t<p><span class=\"wpcf7-form-control-wrap kc_captcha\" data-name=\"kc_captcha\"><span class=\"wpcf7-form-control wpcf7-radio\"><span class=\"captcha-image\" ><span class=\"cf7ic_instructions\">Udowodnij, \u017ce jeste\u015b cz\u0142owiekiem, klikaj\u0105c<span> drzewo<\/span>.<\/span><label><input aria-label=\"1\" type=\"radio\" name=\"kc_captcha\" value=\"bot\" \/><svg aria-hidden=\"true\" role=\"img\" xmlns=\"http:\/\/www.w3.org\/2000\/svg\" viewBox=\"0 0 576 512\"><path fill=\"currentColor\" d=\"M259 18l-65 132-146 22c-26 3-37 36-18 54l106 103-25 146c-5 26 23 46 46 33l131-68 131 68c23 13 51-7 46-33l-25-146 106-103c19-18 8-51-18-54l-146-22-65-132a32 32 0 00-58 0z\"\/><\/svg><\/label><label><input aria-label=\"2\" type=\"radio\" name=\"kc_captcha\" value=\"bot\" \/><svg aria-hidden=\"true\" role=\"img\" xmlns=\"http:\/\/www.w3.org\/2000\/svg\" viewBox=\"0 0 640 512\"><path fill=\"currentColor\" d=\"M624 352h-16V244c0-13-5-25-14-34L494 110c-9-9-21-14-34-14h-44V48c0-26-21-48-48-48H48C22 0 0 22 0 48v320c0 27 22 48 48 48h16a96 96 0 00192 0h128a96 96 0 00192 0h48c9 0 16-7 16-16v-32c0-9-7-16-16-16zM160 464a48 48 0 110-96 48 48 0 010 96zm320 0a48 48 0 110-96 48 48 0 010 96zm80-208H416V144h44l100 100v12z\"\/><\/svg><\/label><label><input aria-label=\"3\" type=\"radio\" name=\"kc_captcha\" value=\"kc_human\" \/><svg aria-hidden=\"true\" role=\"img\" xmlns=\"http:\/\/www.w3.org\/2000\/svg\" viewBox=\"0 0 384 512\"><path fill=\"currentColor\" d=\"M377 375l-83-87h34c21 0 32-25 17-40l-82-88h33c21 0 32-25 18-40L210 8c-10-11-26-11-36 0L70 120c-14 15-3 40 18 40h33l-82 88c-15 15-4 40 17 40h34L7 375c-15 16-4 41 17 41h120c0 33-11 49-34 68-12 9-5 28 10 28h144c15 0 22-19 10-28-20-16-34-32-34-68h120c21 0 32-25 17-41z\"\/><\/svg><\/label>\r\n    <\/span>\r\n    <span style=\"display:none\">\r\n        <input type=\"text\" name=\"kc_honeypot\">\r\n    <\/span><\/span><\/span>\n\t<\/p>\n<\/div>\n<div class=\"dib w100 mb20\">\n\t<p><span class=\"wpcf7-form-control-wrap\" data-name=\"acceptance-term-policy\"><span class=\"wpcf7-form-control wpcf7-acceptance\"><span class=\"wpcf7-list-item\"><label><input type=\"checkbox\" name=\"acceptance-term-policy\" value=\"1\" aria-invalid=\"false\" \/><span class=\"wpcf7-list-item-label\">Wyra\u017cam zgod\u0119 na przetwarzanie moich danych osobowych zgodnie z <span class=\"contact-terms\"><a href=\"https:\/\/interiorposter.com\/pl\/polityka-prywatnosci\" target=\"_blank\">Polityk\u0105 prywatno\u015bci<\/a><\/span>.<\/span><\/label><\/span><\/span><\/span>\n\t<\/p>\n<\/div>\n<div class=\"dib w100 mb20\">\n\t<p><span class=\"wpcf7-form-control-wrap\" data-name=\"acceptance-term-generaly\"><span class=\"wpcf7-form-control wpcf7-acceptance\"><span class=\"wpcf7-list-item\"><label><input type=\"checkbox\" name=\"acceptance-term-generaly\" value=\"1\" aria-invalid=\"false\" \/><span class=\"wpcf7-list-item-label\">O\u015bwiadczam, \u017ce zapozna\u0142em(-am) si\u0119 z <span class=\"contact-terms\"><a href=\"https:\/\/interiorposter.com\/pl\/regulamin\" target=\"_blank\">Regulaminem<\/a><\/span> i akceptuj\u0119 jego tre\u015b\u0107.<\/span><\/label><\/span><\/span><\/span>\n\t<\/p>\n<\/div>\n<div class=\"dib w100\">\n\t<p><input class=\"wpcf7-form-control wpcf7-submit has-spinner\" type=\"submit\" value=\"Wy\u015blij\" \/>\n\t<\/p>\n<\/div><div class=\"wpcf7-response-output\" aria-hidden=\"true\"><\/div>\n<\/form>\n<\/div>\n\n","protected":false},"excerpt":{"rendered":"<p>Dzi\u0119kujemy za zakupy w naszym sklepie! Je\u015bli chc\u0105 Pa\u0144stwo z\u0142o\u017cy\u0107 reklamacj\u0119 dotycz\u0105c\u0105 otrzymanego produktu, prosimy o przygotowanie szczeg\u00f3\u0142owego opisu problemu oraz wype\u0142nienie i przes\u0142anie poni\u017cszego formularza. Zach\u0119camy r\u00f3wnie\u017c do zapoznania [&hellip;]<\/p>\n","protected":false},"author":1,"featured_media":0,"parent":0,"menu_order":0,"comment_status":"closed","ping_status":"closed","template":"","meta":{"footnotes":""},"class_list":["post-747","page","type-page","status-publish","hentry"],"aioseo_notices":[],"_links":{"self":[{"href":"https:\/\/interiorposter.com\/pl\/wp-json\/wp\/v2\/pages\/747","targetHints":{"allow":["GET"]}}],"collection":[{"href":"https:\/\/interiorposter.com\/pl\/wp-json\/wp\/v2\/pages"}],"about":[{"href":"https:\/\/interiorposter.com\/pl\/wp-json\/wp\/v2\/types\/page"}],"author":[{"embeddable":true,"href":"https:\/\/interiorposter.com\/pl\/wp-json\/wp\/v2\/users\/1"}],"replies":[{"embeddable":true,"href":"https:\/\/interiorposter.com\/pl\/wp-json\/wp\/v2\/comments?post=747"}],"version-history":[{"count":0,"href":"https:\/\/interiorposter.com\/pl\/wp-json\/wp\/v2\/pages\/747\/revisions"}],"wp:attachment":[{"href":"https:\/\/interiorposter.com\/pl\/wp-json\/wp\/v2\/media?parent=747"}],"curies":[{"name":"wp","href":"https:\/\/api.w.org\/{rel}","templated":true}]}}