{"id":291,"date":"2025-05-12T02:48:50","date_gmt":"2025-05-12T00:48:50","guid":{"rendered":"https:\/\/interiorposter.com\/potwierdzenie-zakupu-faktura\/"},"modified":"2025-09-23T15:28:53","modified_gmt":"2025-09-23T13:28:53","slug":"potwierdzenie-zakupu","status":"publish","type":"page","link":"https:\/\/interiorposter.com\/pl\/potwierdzenie-zakupu\/","title":{"rendered":"Potwierdzenie zakupu"},"content":{"rendered":"<p>Po z\u0142o\u017ceniu zam\u00f3wienia w sklepie <a href=\"https:\/\/interiorposter.com\"><strong>InteriorPoster.com<\/strong><\/a> Twoje zam\u00f3wienie przechodzi przez kilka etap\u00f3w (zaakceptowanie p\u0142atno\u015bci, produkcja, wysy\u0142ka). Szczeg\u00f3\u0142y znajdziesz na stronie Czas realizacji zam\u00f3wienia: <a href=\"https:\/\/interiorposter.com\/pl\/czas-realizacji-zamowienia\">https:\/\/interiorposter.com\/pl\/czas-realizacji-zamowienia<\/a>.<\/p>\n<p>Po zako\u0144czeniu etapu produkcji, zapakowaniu i przygotowaniu do wysy\u0142ki zam\u00f3wienia, wystawimy elektroniczn\u0105 faktur\u0119 (PDF) i wy\u015blemy na podany przy sk\u0142adaniu zam\u00f3wienia adres email link do pobrania faktury. Oto przyk\u0142adowy mail z linkiem do pobrania faktury:<\/p>\n<p><a href=\"https:\/\/interiorposter.com\/wp-content\/uploads\/2025\/09\/invoice_mail_example-886x1024.png\" data-rel=\"lightbox-image-0\" data-rl_title=\"\" data-rl_caption=\"\" title=\"\"><img loading=\"lazy\" decoding=\"async\" class=\"aligncenter wp-image-63840 size-large\" src=\"https:\/\/interiorposter.com\/wp-content\/uploads\/2025\/09\/invoice_mail_example-886x1024.png\" alt=\"Invoice mail example\" width=\"886\" height=\"1024\" srcset=\"https:\/\/interiorposter.com\/wp-content\/uploads\/2025\/09\/invoice_mail_example-886x1024.png 886w, https:\/\/interiorposter.com\/wp-content\/uploads\/2025\/09\/invoice_mail_example-260x300.png 260w, https:\/\/interiorposter.com\/wp-content\/uploads\/2025\/09\/invoice_mail_example-768x888.png 768w, https:\/\/interiorposter.com\/wp-content\/uploads\/2025\/09\/invoice_mail_example-1140x1318.png 1140w, https:\/\/interiorposter.com\/wp-content\/uploads\/2025\/09\/invoice_mail_example-920x1063.png 920w, https:\/\/interiorposter.com\/wp-content\/uploads\/2025\/09\/invoice_mail_example-575x665.png 575w, https:\/\/interiorposter.com\/wp-content\/uploads\/2025\/09\/invoice_mail_example-380x439.png 380w, https:\/\/interiorposter.com\/wp-content\/uploads\/2025\/09\/invoice_mail_example-800x925.png 800w, https:\/\/interiorposter.com\/wp-content\/uploads\/2025\/09\/invoice_mail_example.png 1156w\" sizes=\"auto, (max-width: 886px) 100vw, 886px\" \/><\/a><\/p>\n<p>A to przyk\u0142adowa faktura w formie elektronicznej:<\/p>\n<p><a href=\"https:\/\/interiorposter.com\/wp-content\/uploads\/2025\/09\/invoice_example-867x1024.png\" data-rel=\"lightbox-image-1\" data-rl_title=\"\" data-rl_caption=\"\" title=\"\"><img loading=\"lazy\" decoding=\"async\" class=\"aligncenter size-large wp-image-63836\" src=\"https:\/\/interiorposter.com\/wp-content\/uploads\/2025\/09\/invoice_example-867x1024.png\" alt=\"Invoice example\" width=\"867\" height=\"1024\" srcset=\"https:\/\/interiorposter.com\/wp-content\/uploads\/2025\/09\/invoice_example-867x1024.png 867w, https:\/\/interiorposter.com\/wp-content\/uploads\/2025\/09\/invoice_example-254x300.png 254w, https:\/\/interiorposter.com\/wp-content\/uploads\/2025\/09\/invoice_example-768x907.png 768w, https:\/\/interiorposter.com\/wp-content\/uploads\/2025\/09\/invoice_example-920x1087.png 920w, https:\/\/interiorposter.com\/wp-content\/uploads\/2025\/09\/invoice_example-575x679.png 575w, https:\/\/interiorposter.com\/wp-content\/uploads\/2025\/09\/invoice_example-380x449.png 380w, https:\/\/interiorposter.com\/wp-content\/uploads\/2025\/09\/invoice_example-800x945.png 800w, https:\/\/interiorposter.com\/wp-content\/uploads\/2025\/09\/invoice_example.png 1049w\" sizes=\"auto, (max-width: 867px) 100vw, 867px\" \/><\/a><\/p>\n","protected":false},"excerpt":{"rendered":"<p>Po z\u0142o\u017ceniu zam\u00f3wienia w sklepie InteriorPoster.com Twoje zam\u00f3wienie przechodzi przez kilka etap\u00f3w (zaakceptowanie p\u0142atno\u015bci, produkcja, wysy\u0142ka). Szczeg\u00f3\u0142y znajdziesz na stronie Czas realizacji zam\u00f3wienia: https:\/\/interiorposter.com\/pl\/czas-realizacji-zamowienia. Po zako\u0144czeniu etapu produkcji, zapakowaniu i [&hellip;]<\/p>\n","protected":false},"author":1,"featured_media":0,"parent":0,"menu_order":0,"comment_status":"closed","ping_status":"closed","template":"","meta":{"footnotes":""},"class_list":["post-291","page","type-page","status-publish","hentry"],"aioseo_notices":[],"_links":{"self":[{"href":"https:\/\/interiorposter.com\/pl\/wp-json\/wp\/v2\/pages\/291","targetHints":{"allow":["GET"]}}],"collection":[{"href":"https:\/\/interiorposter.com\/pl\/wp-json\/wp\/v2\/pages"}],"about":[{"href":"https:\/\/interiorposter.com\/pl\/wp-json\/wp\/v2\/types\/page"}],"author":[{"embeddable":true,"href":"https:\/\/interiorposter.com\/pl\/wp-json\/wp\/v2\/users\/1"}],"replies":[{"embeddable":true,"href":"https:\/\/interiorposter.com\/pl\/wp-json\/wp\/v2\/comments?post=291"}],"version-history":[{"count":0,"href":"https:\/\/interiorposter.com\/pl\/wp-json\/wp\/v2\/pages\/291\/revisions"}],"wp:attachment":[{"href":"https:\/\/interiorposter.com\/pl\/wp-json\/wp\/v2\/media?parent=291"}],"curies":[{"name":"wp","href":"https:\/\/api.w.org\/{rel}","templated":true}]}}