{"id":220,"date":"2025-05-11T21:05:17","date_gmt":"2025-05-11T19:05:17","guid":{"rendered":"https:\/\/interiorposter.com\/formularz-zwrotu\/"},"modified":"2025-08-06T00:35:49","modified_gmt":"2025-08-05T22:35:49","slug":"formularz-zwrotu","status":"publish","type":"page","link":"https:\/\/interiorposter.com\/pl\/formularz-zwrotu\/","title":{"rendered":"Formularz zwrotu"},"content":{"rendered":"<p><strong>Dzi\u0119kujemy za zakupy w naszym sklepie!<\/strong><\/p>\n<p>Je\u015bli chc\u0105 Pa\u0144stwo zwr\u00f3ci\u0107 zakupiony produkt, prosimy o wype\u0142nienie poni\u017cszego formularza. Prosimy pami\u0119ta\u0107, \u017ce maj\u0105 Pa\u0144stwo prawo do zwrotu towaru w ci\u0105gu 14 dni od otrzymania zam\u00f3wienia, bez konieczno\u015bci podania przyczyny zwrotu (ale b\u0119dziemy wdzi\u0119czni za dobrowolne podanie przyczyny, poniewa\u017c wiedza o przyczynach zwrot\u00f3w pomaga nam ulepsza\u0107 nasze produkty i us\u0142ugi).<\/p>\n<p><strong>UWAGA!<\/strong> To jest formularz zwrotu w ci\u0105gu 14 dni od daty otrzymania zam\u00f3wienia. W razie potrzeby zg\u0142oszenia reklamacji prosimy o skorzystanie z Formularza Reklamacyjnego: <a href=\"https:\/\/interiorposter.com\/pl\/formularz-reklamacyjny\">https:\/\/interiorposter.com\/pl\/formularz-reklamacyjny<\/a>.<\/p>\n<p><strong>Polityka zwrot\u00f3w<\/strong>: <a href=\"https:\/\/interiorposter.com\/pl\/polityka-zwrotow\">https:\/\/interiorposter.com\/pl\/polityka-zwrotow<\/a>.<\/p>\n<h3>INSTRUKCJA ZWROTU:<\/h3>\n<p>1. Prosimy o zabezpieczenie i zapakowanie produktu w spos\u00f3b umo\u017cliwiaj\u0105cy bezpieczny przew\u00f3z przesy\u0142ki do sklepu. Najlepiej odes\u0142a\u0107 produkt\/produkty w opakowaniu oryginalnym.<\/p>\n<p>2. Prosimy o wype\u0142nienie i wys\u0142anie ponizszego elektronicznego formularza.<\/p>\n<p>3. Po potwierdzeniu mo\u017cliwo\u015bci przyj\u0119cia zwrotu prosimy o odes\u0142anie produktu\/produkt\u00f3w na w\u0142asny koszt pod adres:<\/p>\n<p><strong>Baltic Computers Sp. z o.o.<\/strong><br \/>\n<strong>Ul. Chmielna 2, lok. 31<\/strong><br \/>\n<strong>00-020 Warszawa, Polska.<\/strong><\/p>\n<h3>Wype\u0142nij formularz i poczekaj na odpowied\u017a:<\/h3>\n\n<div class=\"wpcf7 no-js\" id=\"wpcf7-f63610-o1\" lang=\"pl-PL\" dir=\"ltr\" data-wpcf7-id=\"63610\">\n<div class=\"screen-reader-response\"><p role=\"status\" aria-live=\"polite\" aria-atomic=\"true\"><\/p> <ul><\/ul><\/div>\n<form action=\"\/pl\/wp-json\/wp\/v2\/pages\/220#wpcf7-f63610-o1\" method=\"post\" class=\"wpcf7-form init contact-form\" aria-label=\"Formularz kontaktowy\" novalidate=\"novalidate\" data-status=\"init\">\n<div style=\"display: none;\">\n<input type=\"hidden\" name=\"_wpcf7\" value=\"63610\" \/>\n<input type=\"hidden\" name=\"_wpcf7_version\" value=\"6.0.6\" \/>\n<input type=\"hidden\" name=\"_wpcf7_locale\" value=\"pl_PL\" \/>\n<input type=\"hidden\" name=\"_wpcf7_unit_tag\" value=\"wpcf7-f63610-o1\" \/>\n<input type=\"hidden\" name=\"_wpcf7_container_post\" value=\"0\" \/>\n<input type=\"hidden\" name=\"_wpcf7_posted_data_hash\" value=\"\" \/>\n<\/div>\n<div class=\"fhsb fw w100\">\n\t<div class=\"dib d49m100\">\n\t\t<p><label for=\"your-first-name\">Imi\u0119<\/label><br \/>\n<span class=\"wpcf7-form-control-wrap\" data-name=\"your-first-name\"><input size=\"40\" maxlength=\"400\" class=\"wpcf7-form-control wpcf7-text wpcf7-validates-as-required\" autocomplete=\"name\" aria-required=\"true\" aria-invalid=\"false\" placeholder=\"Wpisz tutaj swoje Imi\u0119\" value=\"\" type=\"text\" name=\"your-first-name\" \/><\/span>\n\t\t<\/p>\n\t<\/div>\n\t<div class=\"dib d49m100\">\n\t\t<p><label for=\"your-last-name\">Nazwisko<\/label><br \/>\n<span class=\"wpcf7-form-control-wrap\" data-name=\"your-last-name\"><input size=\"40\" maxlength=\"400\" class=\"wpcf7-form-control wpcf7-text wpcf7-validates-as-required\" autocomplete=\"lastname\" aria-required=\"true\" aria-invalid=\"false\" placeholder=\"Wpisz tutaj swoje Nazwisko\" value=\"\" type=\"text\" name=\"your-last-name\" \/><\/span>\n\t\t<\/p>\n\t<\/div>\n<\/div>\n<div class=\"dib w100\">\n\t<p><label for=\"your-email\">Adres email<\/label><br \/>\n<span class=\"wpcf7-form-control-wrap\" data-name=\"your-email\"><input size=\"40\" maxlength=\"400\" class=\"wpcf7-form-control wpcf7-email wpcf7-validates-as-required wpcf7-text wpcf7-validates-as-email\" autocomplete=\"email\" aria-required=\"true\" aria-invalid=\"false\" placeholder=\"Podaj tutaj sw\u00f3j adres e-mail\" value=\"\" type=\"email\" name=\"your-email\" \/><\/span>\n\t<\/p>\n<\/div>\n<div class=\"dib w100\">\n\t<p><label for=\"order-number\">Numer zam\u00f3wienia<\/label><br \/>\n<span class=\"wpcf7-form-control-wrap\" data-name=\"order-number\"><input size=\"40\" maxlength=\"400\" class=\"wpcf7-form-control wpcf7-text wpcf7-validates-as-required\" aria-required=\"true\" aria-invalid=\"false\" placeholder=\"Podaj tutaj dok\u0142adny numer zam\u00f3wienia\" value=\"\" type=\"text\" name=\"order-number\" \/><\/span>\n\t<\/p>\n<\/div>\n<div class=\"dib w100\">\n\t<fieldset class=\"radio-group-box mb20 mt15\">\n\t\t<p><label for=\"radio-return-mode\">Pe\u0142ny lub cz\u0119\u015bciowy zwrot<\/label><br \/>\n<span class=\"wpcf7-form-control-wrap\" data-name=\"radio-return-mode\"><span class=\"wpcf7-form-control wpcf7-radio\"><span class=\"wpcf7-list-item first\"><input type=\"radio\" name=\"radio-return-mode\" value=\"Zwracam wszystkie produkty z zam\u00f3wienia\" \/><span class=\"wpcf7-list-item-label\">Zwracam wszystkie produkty z zam\u00f3wienia<\/span><\/span><span class=\"wpcf7-list-item last\"><input type=\"radio\" name=\"radio-return-mode\" value=\"Zwracam tylko cz\u0119\u015b\u0107 produkt\u00f3w\" \/><span class=\"wpcf7-list-item-label\">Zwracam tylko cz\u0119\u015b\u0107 produkt\u00f3w<\/span><\/span><\/span><\/span>\n\t\t<\/p>\n\t<\/fieldset>\n<\/div>\n<div class=\"dib w100\">\n\t<p><label for=\"products-list\">Lista zwracanych produkt\u00f3w<\/label><br \/>\n<span class=\"wpcf7-form-control-wrap\" data-name=\"products-list\"><textarea cols=\"40\" rows=\"10\" maxlength=\"2000\" class=\"wpcf7-form-control wpcf7-textarea wpcf7-validates-as-required\" aria-required=\"true\" aria-invalid=\"false\" placeholder=\"Podaj tutaj list\u0119 produkt\u00f3w kt\u00f3re chcesz zwr\u00f3ci\u0107\" name=\"products-list\"><\/textarea><\/span>\n\t<\/p>\n<\/div>\n<div class=\"dib w100\">\n\t<p><label for=\"select-reason-for-return\">Przyczyna zwrotu (nie musisz podawa\u0107 przyczyny, ale b\u0119dziemy wdzi\u0119czni za podanie)<\/label><br \/>\n<span class=\"wpcf7-form-control-wrap\" data-name=\"select-reason-for-return\"><select class=\"wpcf7-form-control wpcf7-select wpcf7-validates-as-required\" aria-required=\"true\" aria-invalid=\"false\" name=\"select-reason-for-return\"><option value=\"\"><\/option><option value=\"Nie pasuj\u0105 kolory\">Nie pasuj\u0105 kolory<\/option><option value=\"Nie pasuje rozmiar\">Nie pasuje rozmiar<\/option><option value=\"Nie pasuje do mojego pomieszczenia\">Nie pasuje do mojego pomieszczenia<\/option><option value=\"Produkt wygl\u0105da inaczej ni\u017c na wizualizacji w opisie\">Produkt wygl\u0105da inaczej ni\u017c na wizualizacji w opisie<\/option><option value=\"Niska jako\u015b\u0107\">Niska jako\u015b\u0107<\/option><option value=\"Produkt niezgodny z opisem\">Produkt niezgodny z opisem<\/option><option value=\"Nie chc\u0119 podawa\u0107 przyczyny\">Nie chc\u0119 podawa\u0107 przyczyny<\/option><\/select><\/span>\n\t<\/p>\n<\/div>\n<div class=\"dib w100\">\n\t<p><label for=\"your-message\">Dodatkowa wiadomo\u015b\u0107 (wype\u0142nij w razie potrzeby)<\/label><br \/>\n<span class=\"wpcf7-form-control-wrap\" data-name=\"your-message\"><textarea cols=\"40\" rows=\"10\" maxlength=\"2000\" class=\"wpcf7-form-control wpcf7-textarea\" aria-invalid=\"false\" name=\"your-message\"><\/textarea><\/span>\n\t<\/p>\n<\/div>\n<div class=\"dib w100 mb20\">\n\t<p><span class=\"wpcf7-form-control-wrap kc_captcha\" data-name=\"kc_captcha\"><span class=\"wpcf7-form-control wpcf7-radio\"><span class=\"captcha-image\" ><span class=\"cf7ic_instructions\">Udowodnij, \u017ce jeste\u015b cz\u0142owiekiem, klikaj\u0105c<span> ci\u0119\u017car\u00f3wk\u0119<\/span>.<\/span><label><input aria-label=\"1\" type=\"radio\" name=\"kc_captcha\" value=\"bot\" \/><svg aria-hidden=\"true\" role=\"img\" xmlns=\"http:\/\/www.w3.org\/2000\/svg\" viewBox=\"0 0 512 512\"><path fill=\"currentColor\" d=\"M500 168h-55l-8-21a127 127 0 00-120-83H195a127 127 0 00-120 83l-8 21H12c-8 0-14 8-11 16l8 24a12 12 0 0011 8h29a64 64 0 00-33 56v48c0 16 6 31 16 42v62c0 13 11 24 24 24h48c13 0 24-11 24-24v-40h256v40c0 13 11 24 24 24h48c13 0 24-11 24-24v-62c10-11 16-26 16-42v-48c0-24-13-45-33-56h29a12 12 0 0011-8l8-24c3-8-3-16-11-16zm-365 2c9-25 33-42 60-42h122c27 0 51 17 60 42l15 38H120l15-38zM88 328a32 32 0 010-64c18 0 48 30 48 48s-30 16-48 16zm336 0c-18 0-48 2-48-16s30-48 48-48 32 14 32 32-14 32-32 32z\"\/><\/svg><\/label><label><input aria-label=\"2\" type=\"radio\" name=\"kc_captcha\" value=\"bot\" \/><svg aria-hidden=\"true\" role=\"img\" xmlns=\"http:\/\/www.w3.org\/2000\/svg\" viewBox=\"0 0 512 512\"><path fill=\"currentColor\" d=\"M350 99c-54 0-98-35-166-35-25 0-47 4-68 12a56 56 0 004-24C118 24 95 1 66 0a56 56 0 00-34 102v386c0 13 11 24 24 24h16c13 0 24-11 24-24v-94c28-12 64-23 114-23 54 0 98 35 166 35 48 0 86-16 122-41 9-6 14-15 14-26V96c0-23-24-39-45-29-35 16-77 32-117 32z\"\/><\/svg><\/label><label><input aria-label=\"3\" type=\"radio\" name=\"kc_captcha\" value=\"kc_human\" \/><svg aria-hidden=\"true\" role=\"img\" xmlns=\"http:\/\/www.w3.org\/2000\/svg\" viewBox=\"0 0 640 512\"><path fill=\"currentColor\" d=\"M624 352h-16V244c0-13-5-25-14-34L494 110c-9-9-21-14-34-14h-44V48c0-26-21-48-48-48H48C22 0 0 22 0 48v320c0 27 22 48 48 48h16a96 96 0 00192 0h128a96 96 0 00192 0h48c9 0 16-7 16-16v-32c0-9-7-16-16-16zM160 464a48 48 0 110-96 48 48 0 010 96zm320 0a48 48 0 110-96 48 48 0 010 96zm80-208H416V144h44l100 100v12z\"\/><\/svg><\/label>\r\n    <\/span>\r\n    <span style=\"display:none\">\r\n        <input type=\"text\" name=\"kc_honeypot\">\r\n    <\/span><\/span><\/span>\n\t<\/p>\n<\/div>\n<div class=\"dib w100 mb20\">\n\t<p><span class=\"wpcf7-form-control-wrap\" data-name=\"acceptance-return-declaration\"><span class=\"wpcf7-form-control wpcf7-acceptance\"><span class=\"wpcf7-list-item\"><label><input type=\"checkbox\" name=\"acceptance-return-declaration\" value=\"1\" aria-invalid=\"false\" \/><span class=\"wpcf7-list-item-label\">Poprzez wys\u0142anie niniejszego formularza o\u015bwiadczam i\u017c odst\u0119puj\u0119 od umowy sprzeda\u017cy w ci\u0105gu 14 dni od daty otrzymania zam\u00f3wienia i zobowi\u0105zuj\u0119 si\u0119 wys\u0142a\u0107 na w\u0142asny koszt zwracane produkty bez \u015blad\u00f3w u\u017cytkowania pod adres podany wy\u017cej i wed\u0142ug instrukcji opisanej wy\u017cej.<\/span><\/label><\/span><\/span><\/span>\n\t<\/p>\n<\/div>\n<div class=\"dib w100 mb20\">\n\t<p><span class=\"wpcf7-form-control-wrap\" data-name=\"acceptance-term-policy\"><span class=\"wpcf7-form-control wpcf7-acceptance\"><span class=\"wpcf7-list-item\"><label><input type=\"checkbox\" name=\"acceptance-term-policy\" value=\"1\" aria-invalid=\"false\" \/><span class=\"wpcf7-list-item-label\">Wyra\u017cam zgod\u0119 na przetwarzanie moich danych osobowych zgodnie z <span class=\"contact-terms\"><a href=\"https:\/\/interiorposter.com\/pl\/polityka-prywatnosci\" target=\"_blank\">Polityk\u0105 prywatno\u015bci<\/a><\/span>.<\/span><\/label><\/span><\/span><\/span>\n\t<\/p>\n<\/div>\n<div class=\"dib w100 mb20\">\n\t<p><span class=\"wpcf7-form-control-wrap\" data-name=\"acceptance-term-generaly\"><span class=\"wpcf7-form-control wpcf7-acceptance\"><span class=\"wpcf7-list-item\"><label><input type=\"checkbox\" name=\"acceptance-term-generaly\" value=\"1\" aria-invalid=\"false\" \/><span class=\"wpcf7-list-item-label\">O\u015bwiadczam, \u017ce zapozna\u0142em(-am) si\u0119 z <span class=\"contact-terms\"><a href=\"https:\/\/interiorposter.com\/pl\/regulamin\" target=\"_blank\">Regulaminem<\/a><\/span> i akceptuj\u0119 jego tre\u015b\u0107.<\/span><\/label><\/span><\/span><\/span>\n\t<\/p>\n<\/div>\n<div class=\"dib w100\">\n\t<p><input class=\"wpcf7-form-control wpcf7-submit has-spinner\" type=\"submit\" value=\"Wy\u015blij\" \/>\n\t<\/p>\n<\/div><div class=\"wpcf7-response-output\" aria-hidden=\"true\"><\/div>\n<\/form>\n<\/div>\n\n","protected":false},"excerpt":{"rendered":"<p>Dzi\u0119kujemy za zakupy w naszym sklepie! Je\u015bli chc\u0105 Pa\u0144stwo zwr\u00f3ci\u0107 zakupiony produkt, prosimy o wype\u0142nienie poni\u017cszego formularza. Prosimy pami\u0119ta\u0107, \u017ce maj\u0105 Pa\u0144stwo prawo do zwrotu towaru w ci\u0105gu 14 dni [&hellip;]<\/p>\n","protected":false},"author":1,"featured_media":0,"parent":0,"menu_order":0,"comment_status":"closed","ping_status":"closed","template":"","meta":{"footnotes":""},"class_list":["post-220","page","type-page","status-publish","hentry"],"aioseo_notices":[],"_links":{"self":[{"href":"https:\/\/interiorposter.com\/pl\/wp-json\/wp\/v2\/pages\/220","targetHints":{"allow":["GET"]}}],"collection":[{"href":"https:\/\/interiorposter.com\/pl\/wp-json\/wp\/v2\/pages"}],"about":[{"href":"https:\/\/interiorposter.com\/pl\/wp-json\/wp\/v2\/types\/page"}],"author":[{"embeddable":true,"href":"https:\/\/interiorposter.com\/pl\/wp-json\/wp\/v2\/users\/1"}],"replies":[{"embeddable":true,"href":"https:\/\/interiorposter.com\/pl\/wp-json\/wp\/v2\/comments?post=220"}],"version-history":[{"count":0,"href":"https:\/\/interiorposter.com\/pl\/wp-json\/wp\/v2\/pages\/220\/revisions"}],"wp:attachment":[{"href":"https:\/\/interiorposter.com\/pl\/wp-json\/wp\/v2\/media?parent=220"}],"curies":[{"name":"wp","href":"https:\/\/api.w.org\/{rel}","templated":true}]}}