{"id":188,"date":"2025-05-11T20:41:05","date_gmt":"2025-05-11T18:41:05","guid":{"rendered":"https:\/\/interiorposter.com\/czas-realizacji-zamowienia\/"},"modified":"2025-07-21T01:19:20","modified_gmt":"2025-07-20T23:19:20","slug":"czas-realizacji-zamowienia","status":"publish","type":"page","link":"https:\/\/interiorposter.com\/pl\/czas-realizacji-zamowienia\/","title":{"rendered":"Czas realizacji zam\u00f3wienia"},"content":{"rendered":"<p>Czas realizacji zam\u00f3wie\u0144 w sklepie z obrazami <strong>InteriorPoster.com<\/strong> z regu\u0142y wynosi <strong>od 5 do 10 dni roboczych<\/strong>. Wi\u0119kszo\u015b\u0107 produkt\u00f3w wykonujemy indywidualnie pod ka\u017cde zam\u00f3wienie. Czas realizacji zam\u00f3wienia z dostaw\u0105 w Polsce z regu\u0142y trwa od 4 do 7 dni roboczych. Prosimy pami\u0119ta\u0107, \u017ce zam\u00f3wienia wysy\u0142amy z Polski, dlatego przesy\u0142ki poza Polsk\u0119 mog\u0105 mie\u0107 nieco d\u0142u\u017cszy czas dostawy, z regu\u0142y \u0142\u0105cznie czas realizacji zam\u00f3wienia nie przekracza 10 dni roboczych.<\/p>\n<p>Tak przebiega realizacja zam\u00f3wienia w naszym sklepie:<\/p>\n<p><a href=\"https:\/\/interiorposter.com\/wp-content\/uploads\/2025\/06\/order_steps_pl_02.jpg\" data-rel=\"lightbox-image-0\" data-rl_title=\"\" data-rl_caption=\"\" title=\"\"><img loading=\"lazy\" decoding=\"async\" class=\"aligncenter size-full wp-image-1156\" src=\"https:\/\/interiorposter.com\/wp-content\/uploads\/2025\/06\/order_steps_pl_02.jpg\" alt=\"Czas realizacji zam\u00f3wienia\" width=\"830\" height=\"310\" srcset=\"https:\/\/interiorposter.com\/wp-content\/uploads\/2025\/06\/order_steps_pl_02.jpg 830w, https:\/\/interiorposter.com\/wp-content\/uploads\/2025\/06\/order_steps_pl_02-300x112.jpg 300w, https:\/\/interiorposter.com\/wp-content\/uploads\/2025\/06\/order_steps_pl_02-768x287.jpg 768w, https:\/\/interiorposter.com\/wp-content\/uploads\/2025\/06\/order_steps_pl_02-575x215.jpg 575w, https:\/\/interiorposter.com\/wp-content\/uploads\/2025\/06\/order_steps_pl_02-380x142.jpg 380w, https:\/\/interiorposter.com\/wp-content\/uploads\/2025\/06\/order_steps_pl_02-800x299.jpg 800w\" sizes=\"auto, (max-width: 830px) 100vw, 830px\" \/><\/a><\/p>\n","protected":false},"excerpt":{"rendered":"<p>Czas realizacji zam\u00f3wie\u0144 w sklepie z obrazami InteriorPoster.com z regu\u0142y wynosi od 5 do 10 dni roboczych. Wi\u0119kszo\u015b\u0107 produkt\u00f3w wykonujemy indywidualnie pod ka\u017cde zam\u00f3wienie. Czas realizacji zam\u00f3wienia z dostaw\u0105 w [&hellip;]<\/p>\n","protected":false},"author":1,"featured_media":0,"parent":0,"menu_order":0,"comment_status":"closed","ping_status":"closed","template":"","meta":{"footnotes":""},"class_list":["post-188","page","type-page","status-publish","hentry"],"aioseo_notices":[],"_links":{"self":[{"href":"https:\/\/interiorposter.com\/pl\/wp-json\/wp\/v2\/pages\/188","targetHints":{"allow":["GET"]}}],"collection":[{"href":"https:\/\/interiorposter.com\/pl\/wp-json\/wp\/v2\/pages"}],"about":[{"href":"https:\/\/interiorposter.com\/pl\/wp-json\/wp\/v2\/types\/page"}],"author":[{"embeddable":true,"href":"https:\/\/interiorposter.com\/pl\/wp-json\/wp\/v2\/users\/1"}],"replies":[{"embeddable":true,"href":"https:\/\/interiorposter.com\/pl\/wp-json\/wp\/v2\/comments?post=188"}],"version-history":[{"count":0,"href":"https:\/\/interiorposter.com\/pl\/wp-json\/wp\/v2\/pages\/188\/revisions"}],"wp:attachment":[{"href":"https:\/\/interiorposter.com\/pl\/wp-json\/wp\/v2\/media?parent=188"}],"curies":[{"name":"wp","href":"https:\/\/api.w.org\/{rel}","templated":true}]}}