{"id":181,"date":"2025-05-11T20:32:32","date_gmt":"2025-05-11T18:32:32","guid":{"rendered":"https:\/\/interiorposter.com\/jakosc-obrazow\/"},"modified":"2025-07-21T01:48:18","modified_gmt":"2025-07-20T23:48:18","slug":"jakosc-obrazow","status":"publish","type":"page","link":"https:\/\/interiorposter.com\/pl\/jakosc-obrazow\/","title":{"rendered":"Jako\u015b\u0107 obraz\u00f3w i plakat\u00f3w"},"content":{"rendered":"<p>Obrazy i plakaty dost\u0119pne w ofercie sklepu internetowego <strong>InteriorPoster.com<\/strong> pochodz\u0105 z polskiej produkcji (Unia Europejska). Do druku u\u017cywamy certyfikowanych tuszy HP o niskiej emisji chemicznej, co sprawia, \u017ce nasze produkty s\u0105 bezpieczne dla zdrowia i \u015brodowiska.<\/p>\n<h2>Obrazy<\/h2>\n<p>Do produkcji obraz\u00f3w u\u017cywamy p\u0142\u00f3tna naturalnego (bawe\u0142na lub mieszanka lnu i bawe\u0142ny) lub syntetycznego (poliester).<\/p>\n<p>P\u0142\u00f3tno syntetyczne (potocznie zwane Canvas) to materia\u0142 o wysokiej gramaturze wynosz\u0105cej 260 g\/m2, powierzchnia materia\u0142u jest bia\u0142a, ma struktur\u0119 tekstyln\u0105. Canvas naturalny, czyli p\u0142\u00f3tno naturalne, to materia\u0142 pochodzenia naturalnego, r\u00f3wnie\u017c o gramaturze wynosz\u0105cej 260 g\/m2 specjalnie przygotowane do zadruku. Po\u0142\u0105czenie struktury materia\u0142u z fotograficzn\u0105 jako\u015bci\u0105 wydruku lateksowego tworzy niepowtarzalne dekoracje do ka\u017cdego wn\u0119trza. Po zadruku i wyci\u0119ciu, p\u0142\u00f3tno naci\u0105gane jest na krosno z prawdziwego drewna sosnowego. Tak przygotowany produkt jest <strong>gotowy do powieszenia na \u015bcianie<\/strong>. Do obrazu do\u0142\u0105czamy r\u00f3wnie\u017c dwie zawieszki wbijane, kt\u00f3re mog\u0105 Pa\u0144stwo zastosowa\u0107 opcjonalnie (wi\u0119cej w <a href=\"https:\/\/interiorposter.com\/pl\/jak-zawiesic-obraz-na-sciane\/\">Instrukcji Monta\u017cu<\/a>).<\/p>\n<p><a href=\"https:\/\/interiorposter.com\/wp-content\/uploads\/2025\/06\/natural_or_synthetic_001_pl.png\" data-rel=\"lightbox-image-0\" data-rl_title=\"\" data-rl_caption=\"\" title=\"\"><img loading=\"lazy\" decoding=\"async\" class=\"aligncenter size-full wp-image-1099\" src=\"https:\/\/interiorposter.com\/wp-content\/uploads\/2025\/06\/natural_or_synthetic_001_pl.png\" alt=\"Jako\u015b\u0107 obraz\u00f3w\" width=\"2000\" height=\"838\" srcset=\"https:\/\/interiorposter.com\/wp-content\/uploads\/2025\/06\/natural_or_synthetic_001_pl.png 2000w, https:\/\/interiorposter.com\/wp-content\/uploads\/2025\/06\/natural_or_synthetic_001_pl-300x126.png 300w, https:\/\/interiorposter.com\/wp-content\/uploads\/2025\/06\/natural_or_synthetic_001_pl-1024x429.png 1024w, https:\/\/interiorposter.com\/wp-content\/uploads\/2025\/06\/natural_or_synthetic_001_pl-768x322.png 768w, https:\/\/interiorposter.com\/wp-content\/uploads\/2025\/06\/natural_or_synthetic_001_pl-1536x644.png 1536w, https:\/\/interiorposter.com\/wp-content\/uploads\/2025\/06\/natural_or_synthetic_001_pl-1140x478.png 1140w, https:\/\/interiorposter.com\/wp-content\/uploads\/2025\/06\/natural_or_synthetic_001_pl-920x385.png 920w, https:\/\/interiorposter.com\/wp-content\/uploads\/2025\/06\/natural_or_synthetic_001_pl-575x241.png 575w, https:\/\/interiorposter.com\/wp-content\/uploads\/2025\/06\/natural_or_synthetic_001_pl-380x159.png 380w, https:\/\/interiorposter.com\/wp-content\/uploads\/2025\/06\/natural_or_synthetic_001_pl-800x335.png 800w\" sizes=\"auto, (max-width: 2000px) 100vw, 2000px\" \/><\/a><\/p>\n<p><strong>P\u0142\u00f3tno syntetyczne<\/strong>:<\/p>\n<ul>\n<li>bardzo \u017cywe kolory i ostre detale;<\/li>\n<li>powierzchnia bardziej jednolita i g\u0142adka;<\/li>\n<li>bardziej odporne na czynniki atmosferyczne;<\/li>\n<li>bardziej odporne na wilgo\u0107 i promieniowanie UV;<\/li>\n<li>lepiej nadaje si\u0119 do zastosowa\u0144 w pomieszczeniach komercyjnych;<\/li>\n<li>jest \u0142atwiejsze w utrzymaniu, sprz\u0105taniu.<\/li>\n<\/ul>\n<p><strong>P\u0142\u00f3tno naturalne<\/strong>:<\/p>\n<ul>\n<li>kolory bardziej cieple, organiczne, mi\u0119kkie, stonowane;<\/li>\n<li>efekt bardziej podobny do malarstwa ni\u017c wydruku.<\/li>\n<li>powierzchnia bardziej nier\u00f3wna, z widoczn\u0105 nieregularn\u0105 faktur\u0105.<\/li>\n<li>potrzebuje bardziej wyrafinowanych i stabilnych warunk\u00f3w atmosferycznych;<\/li>\n<li>mo\u017ce reagowa\u0107 na zmiany wilgotno\u015bci, temperatury, ci\u015bnienia;<\/li>\n<li>z czasem mo\u017ce si\u0119 kurczy\u0107, rozci\u0105ga\u0107 lub blakn\u0105\u0107;<\/li>\n<li>wymaga ostro\u017cniejszego przechowywania i ekspozycji.<\/li>\n<\/ul>\n<p><a href=\"https:\/\/interiorposter.com\/wp-content\/uploads\/2025\/06\/natural_or_synthetic_002_pl.png\" data-rel=\"lightbox-image-1\" data-rl_title=\"\" data-rl_caption=\"\" title=\"\"><img loading=\"lazy\" decoding=\"async\" class=\"aligncenter size-full wp-image-1115\" src=\"https:\/\/interiorposter.com\/wp-content\/uploads\/2025\/06\/natural_or_synthetic_002_pl.png\" alt=\"Jako\u015b\u0107 obraz\u00f3w\" width=\"2000\" height=\"838\" srcset=\"https:\/\/interiorposter.com\/wp-content\/uploads\/2025\/06\/natural_or_synthetic_002_pl.png 2000w, https:\/\/interiorposter.com\/wp-content\/uploads\/2025\/06\/natural_or_synthetic_002_pl-300x126.png 300w, https:\/\/interiorposter.com\/wp-content\/uploads\/2025\/06\/natural_or_synthetic_002_pl-1024x429.png 1024w, https:\/\/interiorposter.com\/wp-content\/uploads\/2025\/06\/natural_or_synthetic_002_pl-768x322.png 768w, https:\/\/interiorposter.com\/wp-content\/uploads\/2025\/06\/natural_or_synthetic_002_pl-1536x644.png 1536w, https:\/\/interiorposter.com\/wp-content\/uploads\/2025\/06\/natural_or_synthetic_002_pl-1140x478.png 1140w, https:\/\/interiorposter.com\/wp-content\/uploads\/2025\/06\/natural_or_synthetic_002_pl-920x385.png 920w, https:\/\/interiorposter.com\/wp-content\/uploads\/2025\/06\/natural_or_synthetic_002_pl-575x241.png 575w, https:\/\/interiorposter.com\/wp-content\/uploads\/2025\/06\/natural_or_synthetic_002_pl-380x159.png 380w, https:\/\/interiorposter.com\/wp-content\/uploads\/2025\/06\/natural_or_synthetic_002_pl-800x335.png 800w\" sizes=\"auto, (max-width: 2000px) 100vw, 2000px\" \/><\/a><\/p>\n<p><a href=\"https:\/\/interiorposter.com\/wp-content\/uploads\/2025\/06\/natural_or_synthetic_003_pl.png\" data-rel=\"lightbox-image-2\" data-rl_title=\"\" data-rl_caption=\"\" title=\"\"><img loading=\"lazy\" decoding=\"async\" class=\"aligncenter size-full wp-image-1131\" src=\"https:\/\/interiorposter.com\/wp-content\/uploads\/2025\/06\/natural_or_synthetic_003_pl.png\" alt=\"Jako\u015b\u0107 obraz\u00f3w\" width=\"2000\" height=\"838\" srcset=\"https:\/\/interiorposter.com\/wp-content\/uploads\/2025\/06\/natural_or_synthetic_003_pl.png 2000w, https:\/\/interiorposter.com\/wp-content\/uploads\/2025\/06\/natural_or_synthetic_003_pl-300x126.png 300w, https:\/\/interiorposter.com\/wp-content\/uploads\/2025\/06\/natural_or_synthetic_003_pl-1024x429.png 1024w, https:\/\/interiorposter.com\/wp-content\/uploads\/2025\/06\/natural_or_synthetic_003_pl-768x322.png 768w, https:\/\/interiorposter.com\/wp-content\/uploads\/2025\/06\/natural_or_synthetic_003_pl-1536x644.png 1536w, https:\/\/interiorposter.com\/wp-content\/uploads\/2025\/06\/natural_or_synthetic_003_pl-1140x478.png 1140w, https:\/\/interiorposter.com\/wp-content\/uploads\/2025\/06\/natural_or_synthetic_003_pl-920x385.png 920w, https:\/\/interiorposter.com\/wp-content\/uploads\/2025\/06\/natural_or_synthetic_003_pl-575x241.png 575w, https:\/\/interiorposter.com\/wp-content\/uploads\/2025\/06\/natural_or_synthetic_003_pl-380x159.png 380w, https:\/\/interiorposter.com\/wp-content\/uploads\/2025\/06\/natural_or_synthetic_003_pl-800x335.png 800w\" sizes=\"auto, (max-width: 2000px) 100vw, 2000px\" \/><\/a><\/p>\n<h2>Plakaty<\/h2>\n<p>Do produkcji plakat\u00f3w u\u017cywamy papieru plakatowego o gramaturze od 115 g\/m\u00b2 do 200 g\/m\u00b2. Papier ten bardzo dobrze odwzorowuje kolory i jest bardziej odporny na warunki atmosferyczne (w por\u00f3wnaniu do zwyk\u0142ego papieru). Plakaty w naszej ofercie dost\u0119pne w kilku rodzajach wykonania: bez ramy (sam wydruk), w ramie aluminiowej lub drewnianej.<\/p>\n<p>Plakaty w ramach s\u0105 zabezpieczane od tylu (od strony \u015bciany) p\u0142yt\u0105 HDF (High Density Fibreboard), a z przodu cienkim przezroczystym plexi. Oto struktura plakatu w ramce:<\/p>\n<p><a href=\"https:\/\/interiorposter.com\/wp-content\/uploads\/2025\/06\/poster_001.png\" data-rel=\"lightbox-image-3\" data-rl_title=\"\" data-rl_caption=\"\" title=\"\"><img loading=\"lazy\" decoding=\"async\" class=\"alignnone wp-image-1135 size-full\" src=\"https:\/\/interiorposter.com\/wp-content\/uploads\/2025\/06\/poster_001.png\" alt=\"Poster structure\" width=\"496\" height=\"608\" srcset=\"https:\/\/interiorposter.com\/wp-content\/uploads\/2025\/06\/poster_001.png 496w, https:\/\/interiorposter.com\/wp-content\/uploads\/2025\/06\/poster_001-245x300.png 245w, https:\/\/interiorposter.com\/wp-content\/uploads\/2025\/06\/poster_001-380x466.png 380w\" sizes=\"auto, (max-width: 496px) 100vw, 496px\" \/><\/a><\/p>\n<p><strong>Uwaga!<\/strong> Plakaty w ramce aluminiowej zawieraj\u0105 spr\u0119\u017cyste elementy. Podczas prac monta\u017cowych prosimy o zachowanie szczeg\u00f3lnej uwagi, ostro\u017cno\u015bci i przestrzeganie zasad BHP. Zalecamy wszelkie prace monta\u017cowe i naprawcze wykonywa\u0107 w okularach ochronnych.<\/p>\n<p><a href=\"https:\/\/interiorposter.com\/wp-content\/uploads\/2025\/06\/poster_002.png\" data-rel=\"lightbox-image-4\" data-rl_title=\"\" data-rl_caption=\"\" title=\"\"><img loading=\"lazy\" decoding=\"async\" class=\"alignnone wp-image-1139 size-full\" src=\"https:\/\/interiorposter.com\/wp-content\/uploads\/2025\/06\/poster_002.png\" alt=\"Spring element\" width=\"895\" height=\"385\" srcset=\"https:\/\/interiorposter.com\/wp-content\/uploads\/2025\/06\/poster_002.png 895w, https:\/\/interiorposter.com\/wp-content\/uploads\/2025\/06\/poster_002-300x129.png 300w, https:\/\/interiorposter.com\/wp-content\/uploads\/2025\/06\/poster_002-768x330.png 768w, https:\/\/interiorposter.com\/wp-content\/uploads\/2025\/06\/poster_002-575x247.png 575w, https:\/\/interiorposter.com\/wp-content\/uploads\/2025\/06\/poster_002-380x163.png 380w, https:\/\/interiorposter.com\/wp-content\/uploads\/2025\/06\/poster_002-800x344.png 800w\" sizes=\"auto, (max-width: 895px) 100vw, 895px\" \/><\/a><\/p>\n<h2>Bezpiecze\u0144stwo<\/h2>\n<p>W zale\u017cno\u015bci od rodzaju, nasze produkty posiadaj\u0105 nast\u0119puj\u0105ce certyfikaty i atestaty:<\/p>\n<div class=\"rl-gallery-container rl-loading\" id=\"rl-gallery-container-1\" data-gallery_id=\"1232\"> <div class=\"rl-gallery rl-basicgrid-gallery \" id=\"rl-gallery-1\" data-gallery_no=\"1\"> <div class=\"rl-gallery-item\"><a href=\"\" style=\"cursor: default;\" title=\"\" data-rl_title=\"\" class=\"rl-gallery-link\" data-rl_caption=\"\" data-rel=\"lightbox-gallery-1\"><img loading=\"lazy\" decoding=\"async\" src=\"https:\/\/interiorposter.com\/wp-content\/uploads\/2025\/06\/oekotex.jpg\" width=\"250\" height=\"250\" alt=\"OEKO TEX\"\/><\/a><\/div><div class=\"rl-gallery-item\"><a href=\"\" style=\"cursor: default;\" title=\"\" data-rl_title=\"\" class=\"rl-gallery-link\" data-rl_caption=\"\" data-rel=\"lightbox-gallery-1\"><img loading=\"lazy\" decoding=\"async\" src=\"https:\/\/interiorposter.com\/wp-content\/uploads\/2025\/06\/pzh-300x258.jpg\" width=\"300\" height=\"258\" alt=\"Produkt z atestatem PZH\"\/><\/a><\/div><div class=\"rl-gallery-item\"><a href=\"\" style=\"cursor: default;\" title=\"\" data-rl_title=\"\" class=\"rl-gallery-link\" data-rl_caption=\"\" data-rel=\"lightbox-gallery-1\"><img loading=\"lazy\" decoding=\"async\" src=\"https:\/\/interiorposter.com\/wp-content\/uploads\/2025\/06\/fsc-256x300.jpg\" width=\"256\" height=\"300\" alt=\"FSC MIX\"\/><\/a><\/div><div class=\"rl-gallery-item\"><a href=\"\" style=\"cursor: default;\" title=\"\" data-rl_title=\"\" class=\"rl-gallery-link\" data-rl_caption=\"\" data-rel=\"lightbox-gallery-1\"><img loading=\"lazy\" decoding=\"async\" src=\"https:\/\/interiorposter.com\/wp-content\/uploads\/2025\/06\/emissions.jpg\" width=\"276\" height=\"145\" alt=\"Emissions dans l&#039;air interieur\"\/><\/a><\/div><div class=\"rl-gallery-item\"><a href=\"\" style=\"cursor: default;\" title=\"\" data-rl_title=\"\" class=\"rl-gallery-link\" data-rl_caption=\"\" data-rel=\"lightbox-gallery-1\"><img loading=\"lazy\" decoding=\"async\" src=\"https:\/\/interiorposter.com\/wp-content\/uploads\/2025\/06\/ce_en_15102-300x278.jpg\" width=\"300\" height=\"278\" alt=\"CE EN 15102\"\/><\/a><\/div> <\/div> <\/div>\n","protected":false},"excerpt":{"rendered":"<p>Obrazy i plakaty dost\u0119pne w ofercie sklepu internetowego InteriorPoster.com pochodz\u0105 z polskiej produkcji (Unia Europejska). Do druku u\u017cywamy certyfikowanych tuszy HP o niskiej emisji chemicznej, co sprawia, \u017ce nasze produkty [&hellip;]<\/p>\n","protected":false},"author":1,"featured_media":0,"parent":0,"menu_order":0,"comment_status":"closed","ping_status":"closed","template":"","meta":{"footnotes":""},"class_list":["post-181","page","type-page","status-publish","hentry"],"aioseo_notices":[],"_links":{"self":[{"href":"https:\/\/interiorposter.com\/pl\/wp-json\/wp\/v2\/pages\/181","targetHints":{"allow":["GET"]}}],"collection":[{"href":"https:\/\/interiorposter.com\/pl\/wp-json\/wp\/v2\/pages"}],"about":[{"href":"https:\/\/interiorposter.com\/pl\/wp-json\/wp\/v2\/types\/page"}],"author":[{"embeddable":true,"href":"https:\/\/interiorposter.com\/pl\/wp-json\/wp\/v2\/users\/1"}],"replies":[{"embeddable":true,"href":"https:\/\/interiorposter.com\/pl\/wp-json\/wp\/v2\/comments?post=181"}],"version-history":[{"count":0,"href":"https:\/\/interiorposter.com\/pl\/wp-json\/wp\/v2\/pages\/181\/revisions"}],"wp:attachment":[{"href":"https:\/\/interiorposter.com\/pl\/wp-json\/wp\/v2\/media?parent=181"}],"curies":[{"name":"wp","href":"https:\/\/api.w.org\/{rel}","templated":true}]}}