{"id":174,"date":"2025-05-11T02:40:40","date_gmt":"2025-05-11T00:40:40","guid":{"rendered":"https:\/\/interiorposter.com\/godziny-pracy\/"},"modified":"2025-07-21T01:03:59","modified_gmt":"2025-07-20T23:03:59","slug":"godziny-pracy","status":"publish","type":"page","link":"https:\/\/interiorposter.com\/pl\/godziny-pracy\/","title":{"rendered":"Godziny pracy"},"content":{"rendered":"<p><img loading=\"lazy\" decoding=\"async\" class=\"size-thumbnail wp-image-1006 alignleft\" src=\"https:\/\/interiorposter.com\/wp-content\/uploads\/2025\/05\/24_h_clock-150x150.png\" alt=\"24h\" width=\"150\" height=\"150\" srcset=\"https:\/\/interiorposter.com\/wp-content\/uploads\/2025\/05\/24_h_clock-150x150.png 150w, https:\/\/interiorposter.com\/wp-content\/uploads\/2025\/05\/24_h_clock-300x300.png 300w, https:\/\/interiorposter.com\/wp-content\/uploads\/2025\/05\/24_h_clock-380x380.png 380w, https:\/\/interiorposter.com\/wp-content\/uploads\/2025\/05\/24_h_clock-420x420.png 420w, https:\/\/interiorposter.com\/wp-content\/uploads\/2025\/05\/24_h_clock-100x100.png 100w, https:\/\/interiorposter.com\/wp-content\/uploads\/2025\/05\/24_h_clock.png 512w\" sizes=\"auto, (max-width: 150px) 100vw, 150px\" \/>Sklep internetowy z obrazami <strong>InteriorPoster.com<\/strong> przyjmuje zam\u00f3wienia <strong>24\/7<\/strong> przez ca\u0142y rok.<\/p>\n<p>Wi\u0119kszo\u015b\u0107 obraz\u00f3w oraz innych produkt\u00f3w wykonujemy indywidualnie na zam\u00f3wienie.<\/p>\n<p>Produkcja oraz obs\u0142uga klienta funkcjonuj\u0105 w dni robocze zgodne z kalendarzem obowi\u0105zuj\u0105cym w Polsce \u2013 od poniedzia\u0142ku do pi\u0105tku, z wy\u0142\u0105czeniem dni ustawowo wolnych od pracy. <strong>Obs\u0142uga klienta jest dost\u0119pna w godzinach 11:00\u201316:00<\/strong> (czasu polskiego) w dni robocze. Produkcja dzia\u0142a w godzinach od 08:00 do 16:00 w dni robocze.<\/p>\n<p>Kontakt mailowy oraz <strong>formularz kontaktowy<\/strong> <a href=\"https:\/\/interiorposter.com\/pl\/kontakt\">https:\/\/interiorposter.com\/pl\/kontakt<\/a> s\u0105 dost\u0119pne 24\/7 przez ca\u0142y rok.<\/p>\n","protected":false},"excerpt":{"rendered":"<p>Sklep internetowy z obrazami InteriorPoster.com przyjmuje zam\u00f3wienia 24\/7 przez ca\u0142y rok. Wi\u0119kszo\u015b\u0107 obraz\u00f3w oraz innych produkt\u00f3w wykonujemy indywidualnie na zam\u00f3wienie. Produkcja oraz obs\u0142uga klienta funkcjonuj\u0105 w dni robocze zgodne z [&hellip;]<\/p>\n","protected":false},"author":1,"featured_media":0,"parent":0,"menu_order":0,"comment_status":"closed","ping_status":"closed","template":"","meta":{"footnotes":""},"class_list":["post-174","page","type-page","status-publish","hentry"],"aioseo_notices":[],"_links":{"self":[{"href":"https:\/\/interiorposter.com\/pl\/wp-json\/wp\/v2\/pages\/174","targetHints":{"allow":["GET"]}}],"collection":[{"href":"https:\/\/interiorposter.com\/pl\/wp-json\/wp\/v2\/pages"}],"about":[{"href":"https:\/\/interiorposter.com\/pl\/wp-json\/wp\/v2\/types\/page"}],"author":[{"embeddable":true,"href":"https:\/\/interiorposter.com\/pl\/wp-json\/wp\/v2\/users\/1"}],"replies":[{"embeddable":true,"href":"https:\/\/interiorposter.com\/pl\/wp-json\/wp\/v2\/comments?post=174"}],"version-history":[{"count":0,"href":"https:\/\/interiorposter.com\/pl\/wp-json\/wp\/v2\/pages\/174\/revisions"}],"wp:attachment":[{"href":"https:\/\/interiorposter.com\/pl\/wp-json\/wp\/v2\/media?parent=174"}],"curies":[{"name":"wp","href":"https:\/\/api.w.org\/{rel}","templated":true}]}}