{"id":171,"date":"2025-05-11T02:32:30","date_gmt":"2025-05-11T00:32:30","guid":{"rendered":"https:\/\/interiorposter.com\/o-nas\/"},"modified":"2025-07-21T00:55:45","modified_gmt":"2025-07-20T22:55:45","slug":"o-nas","status":"publish","type":"page","link":"https:\/\/interiorposter.com\/pl\/o-nas\/","title":{"rendered":"O nas"},"content":{"rendered":"<p>Sklep z obrazami <strong>InteriorPoster.com<\/strong> jest prowadzony przez firm\u0119 <strong>Baltic Computers Sp. z o.o.<\/strong><\/p>\n<h3>Tworzymy sztuk\u0119, kt\u00f3ra wprowadza styl, harmoni\u0119 i charakter do Twojej przestrzeni.<\/h3>\n<p>Jeste\u015bmy europejsk\u0105 firm\u0105 z siedzib\u0105 w Polsce. Nasze produkty s\u0105 produkowane w Unii Europejskiej, w Polsce. Wi\u0119kszo\u015b\u0107 produkt\u00f3w produkujemy indywidualnie pod ka\u017cde zam\u00f3wienie, tj produkujemy bezpo\u015brednio dla Ciebie, drogi Kliencie! Dzia\u0142amy z pe\u0142n\u0105 dba\u0142o\u015bci\u0105 o ka\u017cdy detal, jako\u015b\u0107 i bezpiecze\u0144stwo (r\u00f3wnie\u017c te zdrowotne).<\/p>\n<p>Obecnie dostarczamy nasze prace do klient\u00f3w w Polsce, Czechach i Niemczech. Dzia\u0142amy w kierunku rozszerzenia geografii sprzeda\u017cy. Strony naszego sklepu dost\u0119pne s\u0105 w j\u0119zyku polskim, niemieckim, czeskim oraz angielskim, aby zakupy by\u0142y intuicyjne i wygodne dla ka\u017cdego.<\/p>\n<h3>Co nas wyr\u00f3\u017cnia?<\/h3>\n<p>Bezpiecze\u0144stwo i jako\u015b\u0107. Nasze produkty posiadaj\u0105 atest higieniczny oraz spe\u0142niaj\u0105 normy odporno\u015bci na ogie\u0144 (Euroclass).<\/p>\n<p>Zr\u00f3wnowa\u017cona produkcja. U\u017cywamy certyfikowanych tuszy HP o niskiej emisji chemicznej, kt\u00f3re s\u0105 bezpieczne zar\u00f3wno dla zdrowia, jak i \u015brodowiska.<\/p>\n<p>Wi\u0119cej informacji o jako\u015bci naszych produkt\u00f3w: <a href=\"https:\/\/interiorposter.com\/pl\/jakosc-obrazow\">https:\/\/interiorposter.com\/pl\/jakosc-obrazow<\/a>.<\/p>\n<p>Produkujemy na zam\u00f3wienie. Nie magazynujemy. Ka\u017cdy obraz i plakat drukujemy dopiero po z\u0142o\u017ceniu zam\u00f3wienia, co minimalizuje odpady i pozwala dostarczy\u0107 Ci \u015bwie\u017cy, wyj\u0105tkowy produkt.<\/p>\n<p>Nasz\u0105 misj\u0105 jest \u0142\u0105czenie estetyki z odpowiedzialno\u015bci\u0105. Oferujemy dekoracje \u015bcienne, kt\u00f3re zachwycaj\u0105 i s\u0105 bezpieczne dla dom\u00f3w, biur i przestrzeni publicznych.<\/p>\n<p>Oto jak krok po kroku realizujemy Twoje zam\u00f3wienia: <a href=\"https:\/\/interiorposter.com\/pl\/czas-realizacji-zamowienia\">https:\/\/interiorposter.com\/pl\/czas-realizacji-zamowienia<\/a>.<\/p>\n<p>Zapraszamy do \u015bwiata, w kt\u00f3rym sztuka spotyka nowoczesn\u0105 technologi\u0119.<\/p>\n","protected":false},"excerpt":{"rendered":"<p>Sklep z obrazami InteriorPoster.com jest prowadzony przez firm\u0119 Baltic Computers Sp. z o.o. Tworzymy sztuk\u0119, kt\u00f3ra wprowadza styl, harmoni\u0119 i charakter do Twojej przestrzeni. Jeste\u015bmy europejsk\u0105 firm\u0105 z siedzib\u0105 w [&hellip;]<\/p>\n","protected":false},"author":1,"featured_media":1247,"parent":0,"menu_order":0,"comment_status":"closed","ping_status":"closed","template":"","meta":{"footnotes":""},"class_list":["post-171","page","type-page","status-publish","has-post-thumbnail","hentry"],"aioseo_notices":[],"_links":{"self":[{"href":"https:\/\/interiorposter.com\/pl\/wp-json\/wp\/v2\/pages\/171","targetHints":{"allow":["GET"]}}],"collection":[{"href":"https:\/\/interiorposter.com\/pl\/wp-json\/wp\/v2\/pages"}],"about":[{"href":"https:\/\/interiorposter.com\/pl\/wp-json\/wp\/v2\/types\/page"}],"author":[{"embeddable":true,"href":"https:\/\/interiorposter.com\/pl\/wp-json\/wp\/v2\/users\/1"}],"replies":[{"embeddable":true,"href":"https:\/\/interiorposter.com\/pl\/wp-json\/wp\/v2\/comments?post=171"}],"version-history":[{"count":0,"href":"https:\/\/interiorposter.com\/pl\/wp-json\/wp\/v2\/pages\/171\/revisions"}],"wp:featuredmedia":[{"embeddable":true,"href":"https:\/\/interiorposter.com\/pl\/wp-json\/wp\/v2\/media\/1247"}],"wp:attachment":[{"href":"https:\/\/interiorposter.com\/pl\/wp-json\/wp\/v2\/media?parent=171"}],"curies":[{"name":"wp","href":"https:\/\/api.w.org\/{rel}","templated":true}]}}