{"id":167,"date":"2025-05-11T20:28:11","date_gmt":"2025-05-11T18:28:11","guid":{"rendered":"https:\/\/interiorposter.com\/polityka-cookies\/"},"modified":"2025-07-21T01:16:11","modified_gmt":"2025-07-20T23:16:11","slug":"polityka-cookies","status":"publish","type":"page","link":"https:\/\/interiorposter.com\/pl\/polityka-cookies\/","title":{"rendered":"Polityka Cookies"},"content":{"rendered":"<h2 class=\"wp-block-heading\">1. Postanowienia og\u00f3lne<\/h2>\r\n<p>1.1. Niniejsza Polityka Cookies dotyczy Sklepu Internetowego <a href=\"https:\/\/interiorposter.com\/\">https:\/\/interiorposter.com<\/a>, zwanego dalej Stron\u0105 Internetow\u0105.<\/p>\r\n<p>1.2. Podmiot prowadz\u0105cy Sklep Internetowy oraz Administrator Danych Osobowych w kontek\u015bcie tego Sklepu to Baltic Computers Sp. z o.o., z siedzib\u0105 przy ulicy Chmielna 2, lok.31, 00-020 Warszawa, Polska, pos\u0142uguj\u0105ca si\u0119 numerem NIP 5252883622, wpisana do Rejestru Przedsi\u0119biorc\u00f3w, prowadzonego przez S\u0105d Rejonowy dla m. st. Warszawy w Warszawie, XII Wydzia\u0142 Gospodarczy Krajowego Rejestru S\u0105dowego pod numerem 0000930956.<\/p>\r\n<p>1.3. Strona Internetowa korzysta z Plik\u00f3w Cookies w celu zapewnienia prawid\u0142owego dzia\u0142ania serwisu, poprawy komfortu u\u017cytkowania oraz prowadzenia dzia\u0142a\u0144 analitycznych i marketingowych &#8211; wy\u0142\u0105cznie za Zgod\u0105 U\u017cytkownika.<\/p>\r\n<h2 class=\"wp-block-heading\">2. Czym s\u0105 Pliki Cookies?<\/h2>\r\n<p>2.1. Pliki Cookies to ma\u0142e pliki tekstowe, zapisywane na urz\u0105dzeniu ko\u0144cowym u\u017cytkownika (komputerze, tablecie, smartfonie itd) podczas przegl\u0105dania stron internetowych.<\/p>\r\n<p>2.2. Pliki Cookies mog\u0105 pochodzi\u0107 od Administratora Strony (cookies w\u0142asne) lub od podmiot\u00f3w trzecich, tj partner\u00f3w z kt\u00f3rymi wsp\u00f3\u0142pracujemy (cookies zewn\u0119trzne).<\/p>\r\n<h2 class=\"wp-block-heading\">3. Rodzaje Plik\u00f3w Cookies stosowane na naszej stronie<\/h2>\r\n<p>3.1. Na Stronie Internetowej mog\u0105 by\u0107 stosowane 4 typy Plik\u00f3w Cookies:<\/p>\r\n<p>3.1.1. Cookies techniczne (niezb\u0119dne). To s\u0105 Pliki Cookies, niezb\u0119dne do prawid\u0142owego funkcjonowania Strony Internetowej i jej podstawowych funkcji, do kt\u00f3rych nale\u017cy m.in. wy\u015bwietlanie kategorii i produkt\u00f3w sklepu internetowego, prawid\u0142owe funkcjonowanie nawigacji, koszyka zakupowego, online p\u0142atno\u015bci itd. Te Pliki Cookies nie wymagaj\u0105 Zgody U\u017cytkownika.<\/p>\r\n<p>3.1.2. Cookies Preferencyjne. To s\u0105 Pliki Cookies w kt\u00f3rych zapisujemy preferencje U\u017cytkownika, na przyk\u0142ad wybrany j\u0119zyk, walut\u0119 i niekt\u00f3re inne ustawienia, kt\u00f3re U\u017cytkownik za\u017cyczy\u0142 dostosowa\u0107 do w\u0142asnych potrzeb. Te Pliki Cookies nie wymagaj\u0105 Zgody U\u017cytkownika, poniewa\u017c s\u0105 zapisywane na wyra\u017ane \u017c\u0105danie u\u017cytkownika (je\u015bli wybra\u0142\/a on\/ona inn\u0105 walut\u0119 lub j\u0119zyk ni\u017c domy\u015blne), ale na naszej Stronie Internetowej udost\u0119pniamy mo\u017cliwo\u015b\u0107 wyra\u017cenia osobnej Zgody na preferencyjne Pliki Cookies.<\/p>\r\n<p>3.1.3. Cookies analityczne i\/lub statystyczne. Te Pliki Cookies w znacz\u0105cym stopniu pozwalaj\u0105 nam ulepszy\u0107 obs\u0142ug\u0119 U\u017cytkownika poprzez zrozumienie jego preferencji i zachowa\u0144 podczas wizyty na Stronie Internetowej. Te Pliki Cookies umo\u017cliwiaj\u0105 nam zbieranie anonimowych informacji o sposobie korzystania ze Strony oraz pomagaj\u0105 nam udoskonala\u0107 serwis i obs\u0142ug\u0119 U\u017cytkownik\u00f3w. Na przyk\u0142ad, s\u0105 to pliki analitycznych system\u00f3w, takich jak Google Analytics, Microsoft Clarity lub podobne, w tym nasze w\u0142asne. Przy zbieraniu danych statystycznych i analitycznych adresy IP s\u0105 anonimizowane. Za pomoc\u0105 system\u00f3w statystycznych nie zbieramy ani nie przetwarzamy \u017cadnych Danych Osobowych. Do tych Plik\u00f3w Cookies jest wymagana Zgoda U\u017cytkownika. Nie zapisujemy takich plik\u00f3w, zanim U\u017cytkownik wyrazi na to Zgod\u0119.<\/p>\r\n<p>3.1.4. Cookies marketingowe i personalizacyjne. Te Pliki Cookies s\u0142u\u017c\u0105 do wy\u015bwietlania U\u017cytkownikowi w przysz\u0142o\u015bci reklam dostosowanych do jego preferencji, pozwalaj\u0105 na na profilowanie, remarketing i retargeting. Przyk\u0142adowo, s\u0105 to zewn\u0119trzne Pliki Cookies Meta Pixel, Google Ads, GoPay remarketing i\/lub inne o podobnym przeznaczeniu. Te Pliki Cookies wymagana wyra\u017anej Zgody U\u017cytkownika. Nie zapisujemy takich plik\u00f3w, zanim U\u017cytkownik wyrazi na to Zgod\u0119.<\/p>\r\n<h2 class=\"wp-block-heading\">4. Zgoda na stosowanie plik\u00f3w cookies<\/h2>\r\n<p class=\"mb10\">4.1. Podczas pierwszej wizyty na Stronie Internetowej U\u017cytkownikowi zostanie wy\u015bwietlony komunikat informuj\u0105cy, \u017ce wykorzystujemy Pliki Cookies, w oknie (popup) umo\u017cliwiaj\u0105cym:<\/p>\r\n<ul class=\"wp-block-list\">\r\n<li>zaakceptowanie wszystkich Plik\u00f3w Cookies;<\/li>\r\n<li>lub odrzucenie wszystkich Plik\u00f3w Cookies, poza niezb\u0119dnymi;<\/li>\r\n<li>lub szczeg\u00f3lne dostosowanie ustawie\u0144 Plik\u00f3w Cookies (tj wyb\u00f3r na kt\u00f3re Pliki Cookies U\u017cytkownik wyra\u017ca zgod\u0119).<\/li>\r\n<\/ul>\r\n<p class=\"mb10\">4.2. U\u017cytkownik mo\u017ce w ka\u017cdej chwili zmieni\u0107 ustawienia lub wycofa\u0107 zgod\u0119 poprzez:<\/p>\r\n<ul class=\"wp-block-list\"><li>klikni\u0119cie przycisku &#8220;Ustawienia plik\u00f3w cookie&#8221; dost\u0119pnego w dolnym prawym rogu strony;<\/li>\r\n<li>zmian\u0119 ustawie\u0144 przegl\u0105darki internetowej.<\/li>\r\n<\/ul>\r\n<h2 class=\"wp-block-heading\">5. Postanowienia ko\u0144cowe<\/h2>\r\n<p>5.1. Kontakt do Administratora Danych Osobowych i Administratora Strony Internetowej (email): contact@interiorposter.com.<\/p>\r\n<p>5.2. Niniejsza Polityka Plik\u00f3w Cookies zosta\u0142a sporz\u0105dzona w j\u0119zyku Polskim i przet\u0142umaczona na inne j\u0119zyki. W razie rozbie\u017cno\u015bci mi\u0119dzy wersjami j\u0119zykowymi dokumentu wi\u0105\u017c\u0105c\u0105 jest wersja w j\u0119zyku Polskim.<\/p>\r\n<p>5.3. W\u0142a\u015bcicielem i Administratorem Sklepu Internetowego jest podmiot zarejestrowany na terytorium Rzeczypospolitej Polskiej. W zwi\u0105zku z tym, do wszelkich spraw zwi\u0105zanych z korzystaniem ze Sklepu, w tym do zawierania i wykonywania um\u00f3w sprzeda\u017cy, stosuje si\u0119 Prawo Polskie. Wszelkie ewentualne spory lub roszczenia wynikaj\u0105ce z korzystania ze Sklepu Internetowego lub zawartych za jego po\u015brednictwem um\u00f3w b\u0119d\u0105 rozstrzygane przez s\u0105d powszechny na terytorium Rzeczypospolitej Polskiej, w\u0142a\u015bciwy dla siedziby Administratora Strony Internetowej.<\/p>\r\n<p>5.4. Dla konsument\u00f3w obowi\u0105zuj\u0105 odpowiednie przepisy prawa kraju, w kt\u00f3rym maj\u0105 swoje zwyk\u0142e miejsce zamieszkania. Je\u015bli w kraju swojego zwyk\u0142ego miejsca zamieszkania konsument korzysta z korzystniejszych przepis\u00f3w prawa konsumenckiego, zastosowanie polskiego prawa nie pozbawia go tej ochrony.<\/p>\r\n<p>5.5. Link do polskiej wersji tej strony (to jest polska wersja): <a href=\"https:\/\/interiorposter.com\/pl\/polityka-cookies\">https:\/\/interiorposter.com\/pl\/polityka-cookies<\/a>.<\/p>\r\n<p>5.6. Niniejsza Polityka Plik\u00f3w Cookies stanowi integraln\u0105 cz\u0119\u015b\u0107 Regulaminu Sklepu Internetowego (<a href=\"https:\/\/interiorposter.com\/pl\/regulamin\">https:\/\/interiorposter.com\/pl\/regulamin<\/a>) i obowi\u0105zuje wszystkich U\u017cytkownik\u00f3w korzystaj\u0105cych ze Sklepu.<\/p>\r\n<p>5.7. W przypadku uznania kt\u00f3regokolwiek z postanowie\u0144 niniejszej Polityki Cookies za niewa\u017cne, bezskuteczne lub niewywo\u0142uj\u0105ce skutk\u00f3w prawnych, nie wp\u0142ywa to na wa\u017cno\u015b\u0107 pozosta\u0142ych postanowie\u0144, kt\u00f3re pozostaj\u0105 w mocy.<\/p>\r\n<p>5.8. Polityka Cookies mo\u017ce by\u0107 aktualizowana w celu uwzgl\u0119dnienia zmian prawnych, technologicznych lub organizacyjnych. O istotnych zmianach poinformujemy zarejestrowanych U\u017cytkownik\u00f3w drog\u0105 mailow\u0105.<\/p>\r\n<p>5.9. Data ostatniej aktualizacji niniejszego dokumentu: 2025-05-17.<\/p>","protected":false},"excerpt":{"rendered":"<p>1. Postanowienia og\u00f3lne 1.1. Niniejsza Polityka Cookies dotyczy Sklepu Internetowego https:\/\/interiorposter.com, zwanego dalej Stron\u0105 Internetow\u0105. 1.2. Podmiot prowadz\u0105cy Sklep Internetowy oraz Administrator Danych Osobowych w kontek\u015bcie tego Sklepu to Baltic [&hellip;]<\/p>\n","protected":false},"author":1,"featured_media":0,"parent":0,"menu_order":0,"comment_status":"closed","ping_status":"closed","template":"","meta":{"footnotes":""},"class_list":["post-167","page","type-page","status-publish","hentry"],"aioseo_notices":[],"_links":{"self":[{"href":"https:\/\/interiorposter.com\/pl\/wp-json\/wp\/v2\/pages\/167","targetHints":{"allow":["GET"]}}],"collection":[{"href":"https:\/\/interiorposter.com\/pl\/wp-json\/wp\/v2\/pages"}],"about":[{"href":"https:\/\/interiorposter.com\/pl\/wp-json\/wp\/v2\/types\/page"}],"author":[{"embeddable":true,"href":"https:\/\/interiorposter.com\/pl\/wp-json\/wp\/v2\/users\/1"}],"replies":[{"embeddable":true,"href":"https:\/\/interiorposter.com\/pl\/wp-json\/wp\/v2\/comments?post=167"}],"version-history":[{"count":0,"href":"https:\/\/interiorposter.com\/pl\/wp-json\/wp\/v2\/pages\/167\/revisions"}],"wp:attachment":[{"href":"https:\/\/interiorposter.com\/pl\/wp-json\/wp\/v2\/media?parent=167"}],"curies":[{"name":"wp","href":"https:\/\/api.w.org\/{rel}","templated":true}]}}