{"id":158,"date":"2025-05-11T02:36:52","date_gmt":"2025-05-11T00:36:52","guid":{"rendered":"https:\/\/interiorposter.com\/platnosci\/"},"modified":"2025-09-27T04:05:38","modified_gmt":"2025-09-27T02:05:38","slug":"platnosci","status":"publish","type":"page","link":"https:\/\/interiorposter.com\/pl\/platnosci\/","title":{"rendered":"P\u0142atno\u015bci"},"content":{"rendered":"<h2>Akceptowane metody p\u0142atno\u015bci<\/h2>\n<p><img loading=\"lazy\" decoding=\"async\" width=\"647\" height=\"162\" class=\"size-full wp-image-63924 alignnone\" src=\"https:\/\/interiorposter.com\/wp-content\/uploads\/2025\/09\/647x162-bank.png\" alt=\"Autopay\" srcset=\"https:\/\/interiorposter.com\/wp-content\/uploads\/2025\/09\/647x162-bank.png 647w, https:\/\/interiorposter.com\/wp-content\/uploads\/2025\/09\/647x162-bank-300x75.png 300w, https:\/\/interiorposter.com\/wp-content\/uploads\/2025\/09\/647x162-bank-575x144.png 575w, https:\/\/interiorposter.com\/wp-content\/uploads\/2025\/09\/647x162-bank-380x95.png 380w\" sizes=\"auto, (max-width: 647px) 100vw, 647px\" \/><br \/>\n<img loading=\"lazy\" decoding=\"async\" width=\"319\" height=\"110\" class=\"size-full wp-image-63902 alignnone\" src=\"https:\/\/interiorposter.com\/wp-content\/uploads\/2025\/09\/banner_pl_just_pp_319x110.jpg\" alt=\"PayPal\" srcset=\"https:\/\/interiorposter.com\/wp-content\/uploads\/2025\/09\/banner_pl_just_pp_319x110.jpg 319w, https:\/\/interiorposter.com\/wp-content\/uploads\/2025\/09\/banner_pl_just_pp_319x110-300x103.jpg 300w\" sizes=\"auto, (max-width: 319px) 100vw, 319px\" \/><br \/>\n<img loading=\"lazy\" decoding=\"async\" width=\"123\" height=\"123\" class=\"size-full wp-image-63929 alignnone\" src=\"https:\/\/interiorposter.com\/wp-content\/uploads\/2025\/09\/mastercard_visa_123x123.png\" alt=\"Mastercard Visa\" srcset=\"https:\/\/interiorposter.com\/wp-content\/uploads\/2025\/09\/mastercard_visa_123x123.png 123w, https:\/\/interiorposter.com\/wp-content\/uploads\/2025\/09\/mastercard_visa_123x123-100x100.png 100w, https:\/\/interiorposter.com\/wp-content\/uploads\/2025\/09\/mastercard_visa_123x123-50x50.png 50w\" sizes=\"auto, (max-width: 123px) 100vw, 123px\" \/><br \/>\n<img loading=\"lazy\" decoding=\"async\" width=\"123\" height=\"123\" class=\"size-full wp-image-63935 alignnone\" src=\"https:\/\/interiorposter.com\/wp-content\/uploads\/2025\/09\/blik.gif\" alt=\"Blik\" srcset=\"https:\/\/interiorposter.com\/wp-content\/uploads\/2025\/09\/blik.gif 123w, https:\/\/interiorposter.com\/wp-content\/uploads\/2025\/09\/blik-100x100.gif 100w, https:\/\/interiorposter.com\/wp-content\/uploads\/2025\/09\/blik-50x50.gif 50w\" sizes=\"auto, (max-width: 123px) 100vw, 123px\" \/><\/p>\n<p>Obecnie w naszym sklepie mo\u017cesz zap\u0142aci\u0107 za zam\u00f3wienie w nast\u0119puj\u0105cy spos\u00f3b:<\/p>\n<ul>\n<li><strong>Szybkie przelewy Autopay<\/strong> (PLN, CZK, EUR) \u2013 szybkie przelewy online z polskich bank\u00f3w.<\/li>\n<li><strong>Przelew tradycyjny<\/strong> (PLN, CZK, EUR) \u2013 po z\u0142o\u017ceniu zam\u00f3wienia otrzymasz dane do przelewu bankowego.<\/li>\n<li><strong>PayPal<\/strong> (PLN, CZK, EUR) \u2013 szybka p\u0142atno\u015b\u0107 online, w tym kart\u0105 p\u0142atnicz\u0105 lub kredytow\u0105, bez konieczno\u015bci posiadania konta PayPal.<\/li>\n<li><strong>Karty p\u0142atnicze<\/strong>: Visa, Visa Electron, Mastercard, MasterCard Electronic, Maestro.<\/li>\n<li><strong>BLIK<\/strong>.<\/li>\n<\/ul>\n<p>W najbli\u017cszej przysz\u0142o\u015bci planujemy poszerzenie oferty o dodatkowe metody p\u0142atno\u015bci.<\/p>\n<h2>Waluty i przeliczanie cen<\/h2>\n<ul>\n<li>Obs\u0142ugiwane waluty: PLN, CZK, EUR.<\/li>\n<li>Walut\u0105 bazow\u0105 sklepu jest PLN.<\/li>\n<li>Wszystkie ceny wy\u015bwietlane w CZK i EUR s\u0105 przeliczane na podstawie u\u015brednionego bie\u017c\u0105cego kursu wymiany z dnia zakupu.<\/li>\n<li>Za przewalutowanie naliczamy op\u0142at\u0119 2%.<\/li>\n<\/ul>\n<h2>Bezpiecze\u0144stwo p\u0142atno\u015bci<\/h2>\n<p>Korzystamy wy\u0142\u0105cznie ze sprawdzonych i bezpiecznych dostawc\u00f3w us\u0142ug p\u0142atniczych. Wszystkie transakcje odbywaj\u0105 si\u0119 z wykorzystaniem szyfrowanego po\u0142\u0105czenia z operatorem p\u0142atno\u015bci, co gwarantuje poufno\u015b\u0107 i ochron\u0119 danych finansowych i osobowych. My jako sklep nie przechowujemy numer\u00f3w kart p\u0142atniczych, ani danych do logowania na konto operatora p\u0142atno\u015bci.<\/p>\n<h2>Dane do przelewu<\/h2>\n<p>Szczeg\u00f3\u0142owe dane do przelewu otrzymasz w wiadomo\u015bci e-mail po z\u0142o\u017ceniu zam\u00f3wienia. Pami\u0119taj, aby w tytule przelewu wpisa\u0107 numer zam\u00f3wienia, co u\u0142atwi i przyspieszy realizacj\u0119 zam\u00f3wienia.<\/p>\n<p>Nasze konto bankowe (tradycyjne przelewy bankowe przyjmujemy wy\u0142\u0105cznie na to konto):<\/p>\n<pre>Numer konta (IBAN): <strong>PL 25 1600 1462 1806 0572 5000 0001\r\n<\/strong>Odbiorca: <strong>InteriorPoster.com - Baltic Computers Sp. z o.o.\r\n<\/strong>Tytu\u0142 przelewu: Podaj Tw\u00f3j numer zam\u00f3wienia\r\nNazwa banku: <strong>BNP Paribas Bank Polska\r\n<\/strong>BIC \/ Swift: <strong>PPABPLPKXXX<\/strong><\/pre>\n<p>&nbsp;<\/p>\n","protected":false},"excerpt":{"rendered":"<p>Akceptowane metody p\u0142atno\u015bci Obecnie w naszym sklepie mo\u017cesz zap\u0142aci\u0107 za zam\u00f3wienie w nast\u0119puj\u0105cy spos\u00f3b: Szybkie przelewy Autopay (PLN, CZK, EUR) \u2013 szybkie przelewy online z polskich bank\u00f3w. Przelew tradycyjny (PLN, [&hellip;]<\/p>\n","protected":false},"author":1,"featured_media":0,"parent":0,"menu_order":0,"comment_status":"closed","ping_status":"closed","template":"","meta":{"footnotes":""},"class_list":["post-158","page","type-page","status-publish","hentry"],"aioseo_notices":[],"_links":{"self":[{"href":"https:\/\/interiorposter.com\/pl\/wp-json\/wp\/v2\/pages\/158","targetHints":{"allow":["GET"]}}],"collection":[{"href":"https:\/\/interiorposter.com\/pl\/wp-json\/wp\/v2\/pages"}],"about":[{"href":"https:\/\/interiorposter.com\/pl\/wp-json\/wp\/v2\/types\/page"}],"author":[{"embeddable":true,"href":"https:\/\/interiorposter.com\/pl\/wp-json\/wp\/v2\/users\/1"}],"replies":[{"embeddable":true,"href":"https:\/\/interiorposter.com\/pl\/wp-json\/wp\/v2\/comments?post=158"}],"version-history":[{"count":0,"href":"https:\/\/interiorposter.com\/pl\/wp-json\/wp\/v2\/pages\/158\/revisions"}],"wp:attachment":[{"href":"https:\/\/interiorposter.com\/pl\/wp-json\/wp\/v2\/media?parent=158"}],"curies":[{"name":"wp","href":"https:\/\/api.w.org\/{rel}","templated":true}]}}