{"id":155,"date":"2025-05-11T02:35:19","date_gmt":"2025-05-11T00:35:19","guid":{"rendered":"https:\/\/interiorposter.com\/dostawa\/"},"modified":"2025-09-28T04:45:36","modified_gmt":"2025-09-28T02:45:36","slug":"dostawa","status":"publish","type":"page","link":"https:\/\/interiorposter.com\/pl\/dostawa\/","title":{"rendered":"Dostawa"},"content":{"rendered":"<p>Obrazy i plakaty dost\u0119pne w ofercie sklepu internetowego <a href=\"https:\/\/interiorposter.com\">InteriorPoster.com<\/a> s\u0105 produkowane w EU w Polsce.<\/p>\n<p>Ceny dostawy obraz\u00f3w i plakat\u00f3w w sklepie internetowym <a href=\"https:\/\/interiorposter.com\">InteriorPoster.com<\/a> s\u0105 uzale\u017cnione od trzech czynnik\u00f3w:<\/p>\n<p>1. Kraj dostawy, wskazany przez Zamawiaj\u0105cego.<\/p>\n<p>2. \u0141\u0105cznej wagi paczki.<\/p>\n<p>3. Wymiar\u00f3w paczki.<\/p>\n<p>Informacje o czasie realizacji zam\u00f3wie\u0144 znajdziesz na stronie <a href=\"https:\/\/interiorposter.com\/pl\/czas-realizacji-zamowienia\">https:\/\/interiorposter.com\/pl\/czas-realizacji-zamowienia<\/a>.<\/p>\n<p>Obecnie dostarczamy nasze produkty do Polski, Czech i Niemiec. W razie potrzeby dostawy produktu do innego kraju prosimy o kontakt za po\u015brednictwem formularza kontaktowego: <a href=\"https:\/\/interiorposter.com\/pl\/kontakt\">https:\/\/interiorposter.com\/pl\/kontakt<\/a>.<\/p>\n<p>Prosimy pami\u0119ta\u0107, \u017ce przy wycenie dostawy firmy kurierskie mierz\u0105 rozmiar opakowania, a nie samego obrazu. Dlatego do wymiaru pojedynczego obrazu nale\u017cy doliczy\u0107 5 cm do ka\u017cdego wymiaru. Waga liczy si\u0119 \u0142\u0105cznie z opakowaniem i materia\u0142ami zabezpieczaj\u0105cymi. Je\u015bli zam\u00f3wienie dotyczy kilku obraz\u00f3w lub plakat\u00f3w, w zale\u017cno\u015bci od wymiaru, waki i charakteru zam\u00f3wionych produkt\u00f3w, pakujemy je \u0142\u0105cznie do jednej paczki albo wysy\u0142amy w kilku paczkach, pobieraj\u0105c op\u0142at\u0119 od najwi\u0119kszej paczki z zam\u00f3wienia.<\/p>\n<p>Obecnie dostawy organizujemy za po\u015brednictwem firmy kurierskiej DHL. Oto cennik dostaw, obowi\u0105zuj\u0105cy w sklepie <a href=\"https:\/\/interiorposter.com\">InteriorPoster.com<\/a>:<\/p>\n<table>\n<tbody>\n<tr style=\"background-color: #f0f0f0;\">\n<td>Kraj dostawy<\/td>\n<td><strong>Paczka rozmiar M<\/strong>: do 120 x 60 cm, do 5 kg<\/td>\n<td><strong>Paczka rozmiar L<\/strong>: do 120 x 60 cm, od 5 do 20 kg<\/td>\n<td><strong>Paczka rozmiar XL<\/strong>: powy\u017cej 120 x 60 cm lub \u0142\u0105czna waga ponad 20 kg<\/td>\n<\/tr>\n<tr>\n<td><strong>Polska<\/strong><\/td>\n<td>21.99 PLN<\/td>\n<td>21.99 PLN<\/td>\n<td>25.99 PLN<\/td>\n<\/tr>\n<tr>\n<td><strong>Czechy<\/strong><\/td>\n<td>29.99 PLN \/ <span class=\"woocommerce-Price-amount amount\"><bdi>175,64&nbsp;<span class=\"woocommerce-Price-currencySymbol\">&#75;&#269;<\/span><\/bdi><\/span><\/td>\n<td>34.99 PLN \/ <span class=\"woocommerce-Price-amount amount\"><bdi>204,92&nbsp;<span class=\"woocommerce-Price-currencySymbol\">&#75;&#269;<\/span><\/bdi><\/span><\/td>\n<td>49.99 PLN \/ <span class=\"woocommerce-Price-amount amount\"><bdi>292,77&nbsp;<span class=\"woocommerce-Price-currencySymbol\">&#75;&#269;<\/span><\/bdi><\/span><\/td>\n<\/tr>\n<tr>\n<td><strong>Niemcy<\/strong><\/td>\n<td>29.99 PLN \/ <span class=\"woocommerce-Price-amount amount\"><bdi>7,23&nbsp;<span class=\"woocommerce-Price-currencySymbol\">&euro;<\/span><\/bdi><\/span><\/td>\n<td>34.99 PLN \/ <span class=\"woocommerce-Price-amount amount\"><bdi>8,44&nbsp;<span class=\"woocommerce-Price-currencySymbol\">&euro;<\/span><\/bdi><\/span><\/td>\n<td>49.99 PLN \/ <span class=\"woocommerce-Price-amount amount\"><bdi>12,05&nbsp;<span class=\"woocommerce-Price-currencySymbol\">&euro;<\/span><\/bdi><\/span><\/td>\n<\/tr>\n<\/tbody>\n<\/table>\n<p>Obrazy, plakaty i inne produkty dostarczamy w dobrze zabezpieczonych kartonach. Oto przyk\u0142ad dostarczonego przez nas produktu:<\/p>\n<p><a href=\"https:\/\/interiorposter.com\/wp-content\/uploads\/2025\/09\/dostawa_karton.jpg\" data-rel=\"lightbox-image-0\" data-rl_title=\"\" data-rl_caption=\"\" title=\"\"><img loading=\"lazy\" decoding=\"async\" class=\"alignleft size-full wp-image-63967\" src=\"https:\/\/interiorposter.com\/wp-content\/uploads\/2025\/09\/dostawa_karton.jpg\" alt=\"Deliver\" width=\"2134\" height=\"1000\" srcset=\"https:\/\/interiorposter.com\/wp-content\/uploads\/2025\/09\/dostawa_karton.jpg 2134w, https:\/\/interiorposter.com\/wp-content\/uploads\/2025\/09\/dostawa_karton-300x141.jpg 300w, https:\/\/interiorposter.com\/wp-content\/uploads\/2025\/09\/dostawa_karton-1024x480.jpg 1024w, https:\/\/interiorposter.com\/wp-content\/uploads\/2025\/09\/dostawa_karton-768x360.jpg 768w, https:\/\/interiorposter.com\/wp-content\/uploads\/2025\/09\/dostawa_karton-1536x720.jpg 1536w, https:\/\/interiorposter.com\/wp-content\/uploads\/2025\/09\/dostawa_karton-2048x960.jpg 2048w, https:\/\/interiorposter.com\/wp-content\/uploads\/2025\/09\/dostawa_karton-1140x534.jpg 1140w, https:\/\/interiorposter.com\/wp-content\/uploads\/2025\/09\/dostawa_karton-920x431.jpg 920w, https:\/\/interiorposter.com\/wp-content\/uploads\/2025\/09\/dostawa_karton-575x269.jpg 575w, https:\/\/interiorposter.com\/wp-content\/uploads\/2025\/09\/dostawa_karton-380x178.jpg 380w, https:\/\/interiorposter.com\/wp-content\/uploads\/2025\/09\/dostawa_karton-800x375.jpg 800w\" sizes=\"auto, (max-width: 2134px) 100vw, 2134px\" \/><\/a><\/p>\n","protected":false},"excerpt":{"rendered":"<p>Obrazy i plakaty dost\u0119pne w ofercie sklepu internetowego InteriorPoster.com s\u0105 produkowane w EU w Polsce. Ceny dostawy obraz\u00f3w i plakat\u00f3w w sklepie internetowym InteriorPoster.com s\u0105 uzale\u017cnione od trzech czynnik\u00f3w: 1. [&hellip;]<\/p>\n","protected":false},"author":1,"featured_media":63771,"parent":0,"menu_order":0,"comment_status":"closed","ping_status":"closed","template":"","meta":{"footnotes":""},"class_list":["post-155","page","type-page","status-publish","has-post-thumbnail","hentry"],"aioseo_notices":[],"_links":{"self":[{"href":"https:\/\/interiorposter.com\/pl\/wp-json\/wp\/v2\/pages\/155","targetHints":{"allow":["GET"]}}],"collection":[{"href":"https:\/\/interiorposter.com\/pl\/wp-json\/wp\/v2\/pages"}],"about":[{"href":"https:\/\/interiorposter.com\/pl\/wp-json\/wp\/v2\/types\/page"}],"author":[{"embeddable":true,"href":"https:\/\/interiorposter.com\/pl\/wp-json\/wp\/v2\/users\/1"}],"replies":[{"embeddable":true,"href":"https:\/\/interiorposter.com\/pl\/wp-json\/wp\/v2\/comments?post=155"}],"version-history":[{"count":0,"href":"https:\/\/interiorposter.com\/pl\/wp-json\/wp\/v2\/pages\/155\/revisions"}],"wp:featuredmedia":[{"embeddable":true,"href":"https:\/\/interiorposter.com\/pl\/wp-json\/wp\/v2\/media\/63771"}],"wp:attachment":[{"href":"https:\/\/interiorposter.com\/pl\/wp-json\/wp\/v2\/media?parent=155"}],"curies":[{"name":"wp","href":"https:\/\/api.w.org\/{rel}","templated":true}]}}