{"id":1073,"date":"2025-06-09T01:14:11","date_gmt":"2025-06-08T23:14:11","guid":{"rendered":"https:\/\/interiorposter.com\/?page_id=1073"},"modified":"2025-09-28T03:51:08","modified_gmt":"2025-09-28T01:51:08","slug":"jak-zawiesic-obraz-na-sciane","status":"publish","type":"page","link":"https:\/\/interiorposter.com\/pl\/jak-zawiesic-obraz-na-sciane\/","title":{"rendered":"Jak zawiesi\u0107 obraz na \u015bcian\u0119?"},"content":{"rendered":"<p>W zale\u017cno\u015bci od typu obrazu (obraz czy plakat, typ ramy) i wymiar\u00f3w istnieje kilka mo\u017cliwo\u015bci monta\u017cu obrazu na \u015bcianie.<\/p>\n<p><strong>Uwaga!<\/strong> Przy pracach monta\u017cowych prosimy o przestrzeganie zasad BHP. Sklep nie ponosi odpowiedzialno\u015bci za szkody wyrz\u0105dzone przez osob\u0119 montuj\u0105c\u0105 zakupiony produkt.<\/p>\n<p>Wi\u0119kszo\u015b\u0107 plakat\u00f3w w aluminiowej ramie dostarczamy z zamontowan\u0105 zawieszk\u0105:<\/p>\n<p><a href=\"https:\/\/interiorposter.com\/wp-content\/uploads\/2025\/09\/instrukcja_montazu_001-1024x436.jpg\" data-rel=\"lightbox-image-0\" data-rl_title=\"\" data-rl_caption=\"\" title=\"\"><img loading=\"lazy\" decoding=\"async\" class=\"aligncenter size-large wp-image-63856\" src=\"https:\/\/interiorposter.com\/wp-content\/uploads\/2025\/09\/instrukcja_montazu_001-1024x436.jpg\" alt=\"Wall Art mounting instructions - img 1\" width=\"1024\" height=\"436\" srcset=\"https:\/\/interiorposter.com\/wp-content\/uploads\/2025\/09\/instrukcja_montazu_001-1024x436.jpg 1024w, https:\/\/interiorposter.com\/wp-content\/uploads\/2025\/09\/instrukcja_montazu_001-300x128.jpg 300w, https:\/\/interiorposter.com\/wp-content\/uploads\/2025\/09\/instrukcja_montazu_001-768x327.jpg 768w, https:\/\/interiorposter.com\/wp-content\/uploads\/2025\/09\/instrukcja_montazu_001-1140x486.jpg 1140w, https:\/\/interiorposter.com\/wp-content\/uploads\/2025\/09\/instrukcja_montazu_001-920x392.jpg 920w, https:\/\/interiorposter.com\/wp-content\/uploads\/2025\/09\/instrukcja_montazu_001-575x245.jpg 575w, https:\/\/interiorposter.com\/wp-content\/uploads\/2025\/09\/instrukcja_montazu_001-380x162.jpg 380w, https:\/\/interiorposter.com\/wp-content\/uploads\/2025\/09\/instrukcja_montazu_001-800x341.jpg 800w, https:\/\/interiorposter.com\/wp-content\/uploads\/2025\/09\/instrukcja_montazu_001.jpg 1173w\" sizes=\"auto, (max-width: 1024px) 100vw, 1024px\" \/><\/a><\/p>\n<p><strong>Uwaga!<\/strong> Obrazy i plakaty w ramie aluminiowej zawieraj\u0105 spr\u0119\u017cyste elementy, prosimy o niewyjmowanie tych element\u00f3w i zachowanie szczeg\u00f3lnej ostro\u017cno\u015bci.<\/p>\n<p><a href=\"https:\/\/interiorposter.com\/wp-content\/uploads\/2025\/09\/instrukcja_montazu_002-1024x575.jpg\" data-rel=\"lightbox-image-1\" data-rl_title=\"\" data-rl_caption=\"\" title=\"\"><img loading=\"lazy\" decoding=\"async\" class=\"aligncenter size-large wp-image-63860\" src=\"https:\/\/interiorposter.com\/wp-content\/uploads\/2025\/09\/instrukcja_montazu_002-1024x575.jpg\" alt=\"Wall Art mounting instructions - img 2\" width=\"1024\" height=\"575\" srcset=\"https:\/\/interiorposter.com\/wp-content\/uploads\/2025\/09\/instrukcja_montazu_002-1024x575.jpg 1024w, https:\/\/interiorposter.com\/wp-content\/uploads\/2025\/09\/instrukcja_montazu_002-300x169.jpg 300w, https:\/\/interiorposter.com\/wp-content\/uploads\/2025\/09\/instrukcja_montazu_002-768x432.jpg 768w, https:\/\/interiorposter.com\/wp-content\/uploads\/2025\/09\/instrukcja_montazu_002-1140x641.jpg 1140w, https:\/\/interiorposter.com\/wp-content\/uploads\/2025\/09\/instrukcja_montazu_002-920x517.jpg 920w, https:\/\/interiorposter.com\/wp-content\/uploads\/2025\/09\/instrukcja_montazu_002-575x323.jpg 575w, https:\/\/interiorposter.com\/wp-content\/uploads\/2025\/09\/instrukcja_montazu_002-380x214.jpg 380w, https:\/\/interiorposter.com\/wp-content\/uploads\/2025\/09\/instrukcja_montazu_002-800x450.jpg 800w, https:\/\/interiorposter.com\/wp-content\/uploads\/2025\/09\/instrukcja_montazu_002.jpg 1500w\" sizes=\"auto, (max-width: 1024px) 100vw, 1024px\" \/><\/a><\/p>\n<p>Obrazy w ramie drewnianej dostarczamy w komplecie z zawieszk\u0105, kt\u00f3r\u0105 trzeba samodzielnie zamontowa\u0107 do ramy. W zale\u017cno\u015bci od wymiaru obrazu, w komplecie mo\u017ce by\u0107 do\u0142\u0105czona jedna lub dwie wbijane zawieszki:<\/p>\n<p><a href=\"https:\/\/interiorposter.com\/wp-content\/uploads\/2025\/09\/instrukcja_montazu_003-1024x505.jpg\" data-rel=\"lightbox-image-2\" data-rl_title=\"\" data-rl_caption=\"\" title=\"\"><img loading=\"lazy\" decoding=\"async\" class=\"aligncenter size-large wp-image-63864\" src=\"https:\/\/interiorposter.com\/wp-content\/uploads\/2025\/09\/instrukcja_montazu_003-1024x505.jpg\" alt=\"Wall Art mounting instructions - img 3\" width=\"1024\" height=\"505\" srcset=\"https:\/\/interiorposter.com\/wp-content\/uploads\/2025\/09\/instrukcja_montazu_003-1024x505.jpg 1024w, https:\/\/interiorposter.com\/wp-content\/uploads\/2025\/09\/instrukcja_montazu_003-300x148.jpg 300w, https:\/\/interiorposter.com\/wp-content\/uploads\/2025\/09\/instrukcja_montazu_003-768x379.jpg 768w, https:\/\/interiorposter.com\/wp-content\/uploads\/2025\/09\/instrukcja_montazu_003-1536x758.jpg 1536w, https:\/\/interiorposter.com\/wp-content\/uploads\/2025\/09\/instrukcja_montazu_003-2048x1011.jpg 2048w, https:\/\/interiorposter.com\/wp-content\/uploads\/2025\/09\/instrukcja_montazu_003-1140x563.jpg 1140w, https:\/\/interiorposter.com\/wp-content\/uploads\/2025\/09\/instrukcja_montazu_003-920x454.jpg 920w, https:\/\/interiorposter.com\/wp-content\/uploads\/2025\/09\/instrukcja_montazu_003-575x284.jpg 575w, https:\/\/interiorposter.com\/wp-content\/uploads\/2025\/09\/instrukcja_montazu_003-380x188.jpg 380w, https:\/\/interiorposter.com\/wp-content\/uploads\/2025\/09\/instrukcja_montazu_003-800x395.jpg 800w\" sizes=\"auto, (max-width: 1024px) 100vw, 1024px\" \/><\/a><\/p>\n<p>Je\u015bli obraz ma zosta\u0107 zamontowany na \u015bcianie, nale\u017cy najpierw wbi\u0107 zawieszk\u0119 lub zawieszki od tylnej strony w g\u00f3rn\u0105 belk\u0119 drewnianej ramy, zamontowa\u0107 \u015brub\u0119 lub gwo\u017ad\u017a w \u015bcianie i zawiesi\u0107 obraz. Dla mniejszych obraz\u00f3w zawieszka jest jedna i nale\u017cy j\u0105 wbi\u0107 od tylnej strony g\u00f3rnej cz\u0119\u015bci ramy dok\u0142adnie po\u015brodku belki ramy:<\/p>\n<p><a href=\"https:\/\/interiorposter.com\/wp-content\/uploads\/2025\/09\/instrukcja_montazu_004-1024x746.jpg\" data-rel=\"lightbox-image-3\" data-rl_title=\"\" data-rl_caption=\"\" title=\"\"><img loading=\"lazy\" decoding=\"async\" class=\"aligncenter size-large wp-image-63868\" src=\"https:\/\/interiorposter.com\/wp-content\/uploads\/2025\/09\/instrukcja_montazu_004-1024x746.jpg\" alt=\"Wall Art mounting instructions - img 4\" width=\"1024\" height=\"746\" srcset=\"https:\/\/interiorposter.com\/wp-content\/uploads\/2025\/09\/instrukcja_montazu_004-1024x746.jpg 1024w, https:\/\/interiorposter.com\/wp-content\/uploads\/2025\/09\/instrukcja_montazu_004-300x219.jpg 300w, https:\/\/interiorposter.com\/wp-content\/uploads\/2025\/09\/instrukcja_montazu_004-768x560.jpg 768w, https:\/\/interiorposter.com\/wp-content\/uploads\/2025\/09\/instrukcja_montazu_004-1536x1119.jpg 1536w, https:\/\/interiorposter.com\/wp-content\/uploads\/2025\/09\/instrukcja_montazu_004-2048x1493.jpg 2048w, https:\/\/interiorposter.com\/wp-content\/uploads\/2025\/09\/instrukcja_montazu_004-1140x831.jpg 1140w, https:\/\/interiorposter.com\/wp-content\/uploads\/2025\/09\/instrukcja_montazu_004-920x670.jpg 920w, https:\/\/interiorposter.com\/wp-content\/uploads\/2025\/09\/instrukcja_montazu_004-575x419.jpg 575w, https:\/\/interiorposter.com\/wp-content\/uploads\/2025\/09\/instrukcja_montazu_004-380x277.jpg 380w, https:\/\/interiorposter.com\/wp-content\/uploads\/2025\/09\/instrukcja_montazu_004-800x583.jpg 800w\" sizes=\"auto, (max-width: 1024px) 100vw, 1024px\" \/><\/a><\/p>\n<p>Przed wbijaniem zawieszek nale\u017cy przygotowa\u0107 czyste miejsce do pracy, \u017ceby nie uszkodzi\u0107 i nie pobrudzi\u0107 obrazu:<\/p>\n<p><a href=\"https:\/\/interiorposter.com\/wp-content\/uploads\/2025\/09\/instrukcja_montazu_005-scaled.jpg\" data-rel=\"lightbox-image-4\" data-rl_title=\"\" data-rl_caption=\"\" title=\"\"><img loading=\"lazy\" decoding=\"async\" class=\"aligncenter size-large wp-image-63872\" src=\"https:\/\/interiorposter.com\/wp-content\/uploads\/2025\/09\/instrukcja_montazu_005-768x1024.jpg\" alt=\"Wall Art mounting instructions - img 5\" width=\"768\" height=\"1024\" srcset=\"https:\/\/interiorposter.com\/wp-content\/uploads\/2025\/09\/instrukcja_montazu_005-768x1024.jpg 768w, https:\/\/interiorposter.com\/wp-content\/uploads\/2025\/09\/instrukcja_montazu_005-225x300.jpg 225w, https:\/\/interiorposter.com\/wp-content\/uploads\/2025\/09\/instrukcja_montazu_005-1152x1536.jpg 1152w, https:\/\/interiorposter.com\/wp-content\/uploads\/2025\/09\/instrukcja_montazu_005-1536x2048.jpg 1536w, https:\/\/interiorposter.com\/wp-content\/uploads\/2025\/09\/instrukcja_montazu_005-1140x1520.jpg 1140w, https:\/\/interiorposter.com\/wp-content\/uploads\/2025\/09\/instrukcja_montazu_005-920x1227.jpg 920w, https:\/\/interiorposter.com\/wp-content\/uploads\/2025\/09\/instrukcja_montazu_005-575x767.jpg 575w, https:\/\/interiorposter.com\/wp-content\/uploads\/2025\/09\/instrukcja_montazu_005-380x507.jpg 380w, https:\/\/interiorposter.com\/wp-content\/uploads\/2025\/09\/instrukcja_montazu_005-800x1067.jpg 800w, https:\/\/interiorposter.com\/wp-content\/uploads\/2025\/09\/instrukcja_montazu_005-scaled.jpg 1920w\" sizes=\"auto, (max-width: 768px) 100vw, 768px\" \/><\/a><\/p>\n<p>Dla wi\u0119kszych obraz\u00f3w, je\u015bli do zestawu do\u0142\u0105czone s\u0105 dwie zawieszki, nale\u017cy odmierzy\u0107 10 cm od prawej i 10 cm od lewej strony g\u00f3rnej belki drewnianej ramy i wbi\u0107 obie zawieszki symetrycznie na tej samej linii od tylnej strony ramy:<\/p>\n<p><a href=\"https:\/\/interiorposter.com\/wp-content\/uploads\/2025\/09\/instrukcja_montazu_006-1024x701.jpg\" data-rel=\"lightbox-image-5\" data-rl_title=\"\" data-rl_caption=\"\" title=\"\"><img loading=\"lazy\" decoding=\"async\" class=\"aligncenter size-large wp-image-63876\" src=\"https:\/\/interiorposter.com\/wp-content\/uploads\/2025\/09\/instrukcja_montazu_006-1024x701.jpg\" alt=\"Wall Art mounting instructions - img 6\" width=\"1024\" height=\"701\" srcset=\"https:\/\/interiorposter.com\/wp-content\/uploads\/2025\/09\/instrukcja_montazu_006-1024x701.jpg 1024w, https:\/\/interiorposter.com\/wp-content\/uploads\/2025\/09\/instrukcja_montazu_006-300x205.jpg 300w, https:\/\/interiorposter.com\/wp-content\/uploads\/2025\/09\/instrukcja_montazu_006-768x526.jpg 768w, https:\/\/interiorposter.com\/wp-content\/uploads\/2025\/09\/instrukcja_montazu_006-1536x1052.jpg 1536w, https:\/\/interiorposter.com\/wp-content\/uploads\/2025\/09\/instrukcja_montazu_006-2048x1402.jpg 2048w, https:\/\/interiorposter.com\/wp-content\/uploads\/2025\/09\/instrukcja_montazu_006-1140x781.jpg 1140w, https:\/\/interiorposter.com\/wp-content\/uploads\/2025\/09\/instrukcja_montazu_006-920x630.jpg 920w, https:\/\/interiorposter.com\/wp-content\/uploads\/2025\/09\/instrukcja_montazu_006-575x394.jpg 575w, https:\/\/interiorposter.com\/wp-content\/uploads\/2025\/09\/instrukcja_montazu_006-380x260.jpg 380w, https:\/\/interiorposter.com\/wp-content\/uploads\/2025\/09\/instrukcja_montazu_006-800x548.jpg 800w\" sizes=\"auto, (max-width: 1024px) 100vw, 1024px\" \/><\/a><\/p>\n<p>Je\u015bli nie uda\u0142o si\u0119 r\u00f3wno i trwale wbi\u0107 zawieszki, nie nale\u017cy drugi raz wbija\u0107 zawieszki w to samo miejsce (grozi spadni\u0119ciem obrazu), wtedy nale\u017cy wbi\u0107 zawieszk\u0119 w innym miejscu, przesuni\u0119tym o kilka lub kilkana\u015bcie milimetr\u00f3w od poprzedniego miejsca:<\/p>\n<p><a href=\"https:\/\/interiorposter.com\/wp-content\/uploads\/2025\/09\/instrukcja_montazu_007-1024x896.jpg\" data-rel=\"lightbox-image-6\" data-rl_title=\"\" data-rl_caption=\"\" title=\"\"><img loading=\"lazy\" decoding=\"async\" class=\"aligncenter size-large wp-image-63880\" src=\"https:\/\/interiorposter.com\/wp-content\/uploads\/2025\/09\/instrukcja_montazu_007-1024x896.jpg\" alt=\"Wall Art mounting instructions - img 7\" width=\"1024\" height=\"896\" srcset=\"https:\/\/interiorposter.com\/wp-content\/uploads\/2025\/09\/instrukcja_montazu_007-1024x896.jpg 1024w, https:\/\/interiorposter.com\/wp-content\/uploads\/2025\/09\/instrukcja_montazu_007-300x262.jpg 300w, https:\/\/interiorposter.com\/wp-content\/uploads\/2025\/09\/instrukcja_montazu_007-768x672.jpg 768w, https:\/\/interiorposter.com\/wp-content\/uploads\/2025\/09\/instrukcja_montazu_007-1140x997.jpg 1140w, https:\/\/interiorposter.com\/wp-content\/uploads\/2025\/09\/instrukcja_montazu_007-920x805.jpg 920w, https:\/\/interiorposter.com\/wp-content\/uploads\/2025\/09\/instrukcja_montazu_007-575x503.jpg 575w, https:\/\/interiorposter.com\/wp-content\/uploads\/2025\/09\/instrukcja_montazu_007-380x332.jpg 380w, https:\/\/interiorposter.com\/wp-content\/uploads\/2025\/09\/instrukcja_montazu_007-800x700.jpg 800w, https:\/\/interiorposter.com\/wp-content\/uploads\/2025\/09\/instrukcja_montazu_007.jpg 1500w\" sizes=\"auto, (max-width: 1024px) 100vw, 1024px\" \/><\/a><\/p>\n<p>W celu zawieszenia obrazu na \u015bcianie nale\u017cy dok\u0142adnie wymierzy\u0107 miejsce, w kt\u00f3rym chcemy zawiesi\u0107 obraz, wywierci\u0107 otw\u00f3r (lub dwa) w \u015bcianie i zamocowa\u0107 \u015brub\u0119* (jedn\u0105 lub dwie, w zale\u017cno\u015bci od ilo\u015bci zawieszek na obrazie) albo gwo\u017ad\u017a*.<\/p>\n<p>* &#8211; ten element nie jest dostarczany w komplecie z obrazem.<\/p>\n<p><a href=\"https:\/\/interiorposter.com\/wp-content\/uploads\/2025\/09\/instrukcja_montazu_008-1024x506.jpg\" data-rel=\"lightbox-image-7\" data-rl_title=\"\" data-rl_caption=\"\" title=\"\"><img loading=\"lazy\" decoding=\"async\" class=\"aligncenter size-large wp-image-63884\" src=\"https:\/\/interiorposter.com\/wp-content\/uploads\/2025\/09\/instrukcja_montazu_008-1024x506.jpg\" alt=\"Wall Art mounting instructions - img 8\" width=\"1024\" height=\"506\" srcset=\"https:\/\/interiorposter.com\/wp-content\/uploads\/2025\/09\/instrukcja_montazu_008-1024x506.jpg 1024w, https:\/\/interiorposter.com\/wp-content\/uploads\/2025\/09\/instrukcja_montazu_008-300x148.jpg 300w, https:\/\/interiorposter.com\/wp-content\/uploads\/2025\/09\/instrukcja_montazu_008-768x380.jpg 768w, https:\/\/interiorposter.com\/wp-content\/uploads\/2025\/09\/instrukcja_montazu_008-1536x759.jpg 1536w, https:\/\/interiorposter.com\/wp-content\/uploads\/2025\/09\/instrukcja_montazu_008-1140x564.jpg 1140w, https:\/\/interiorposter.com\/wp-content\/uploads\/2025\/09\/instrukcja_montazu_008-920x455.jpg 920w, https:\/\/interiorposter.com\/wp-content\/uploads\/2025\/09\/instrukcja_montazu_008-575x284.jpg 575w, https:\/\/interiorposter.com\/wp-content\/uploads\/2025\/09\/instrukcja_montazu_008-380x188.jpg 380w, https:\/\/interiorposter.com\/wp-content\/uploads\/2025\/09\/instrukcja_montazu_008-800x395.jpg 800w, https:\/\/interiorposter.com\/wp-content\/uploads\/2025\/09\/instrukcja_montazu_008.jpg 1946w\" sizes=\"auto, (max-width: 1024px) 100vw, 1024px\" \/><\/a><\/p>\n","protected":false},"excerpt":{"rendered":"<p>W zale\u017cno\u015bci od typu obrazu (obraz czy plakat, typ ramy) i wymiar\u00f3w istnieje kilka mo\u017cliwo\u015bci monta\u017cu obrazu na \u015bcianie. Uwaga! Przy pracach monta\u017cowych prosimy o przestrzeganie zasad BHP. Sklep nie [&hellip;]<\/p>\n","protected":false},"author":1,"featured_media":0,"parent":0,"menu_order":0,"comment_status":"closed","ping_status":"closed","template":"","meta":{"footnotes":""},"class_list":["post-1073","page","type-page","status-publish","hentry"],"aioseo_notices":[],"_links":{"self":[{"href":"https:\/\/interiorposter.com\/pl\/wp-json\/wp\/v2\/pages\/1073","targetHints":{"allow":["GET"]}}],"collection":[{"href":"https:\/\/interiorposter.com\/pl\/wp-json\/wp\/v2\/pages"}],"about":[{"href":"https:\/\/interiorposter.com\/pl\/wp-json\/wp\/v2\/types\/page"}],"author":[{"embeddable":true,"href":"https:\/\/interiorposter.com\/pl\/wp-json\/wp\/v2\/users\/1"}],"replies":[{"embeddable":true,"href":"https:\/\/interiorposter.com\/pl\/wp-json\/wp\/v2\/comments?post=1073"}],"version-history":[{"count":0,"href":"https:\/\/interiorposter.com\/pl\/wp-json\/wp\/v2\/pages\/1073\/revisions"}],"wp:attachment":[{"href":"https:\/\/interiorposter.com\/pl\/wp-json\/wp\/v2\/media?parent=1073"}],"curies":[{"name":"wp","href":"https:\/\/api.w.org\/{rel}","templated":true}]}}