{"id":67220,"date":"2025-11-05T01:00:08","date_gmt":"2025-11-05T00:00:08","guid":{"rendered":"https:\/\/interiorposter.com\/product\/minimalistyczny-obraz-na-plotnie-sloneczne-morze-z-zaglowkami-do-salonu-i-biura\/"},"modified":"2026-02-08T00:52:53","modified_gmt":"2026-02-07T23:52:53","slug":"minimalistyczny-obraz-na-plotnie-sloneczne-morze-z-zaglowkami-do-salonu-i-biura","status":"publish","type":"product","link":"https:\/\/interiorposter.com\/de\/product\/minimalistyczny-obraz-na-plotnie-sloneczne-morze-z-zaglowkami-do-salonu-i-biura\/","title":{"rendered":"Leinwandbild Sonniges Meer mit Segelbooten minimalistischer Stil"},"content":{"rendered":"<p>Eine Spur aus schimmerndem Licht auf dem Wasser, eine leichte Brise und ein Segelboot mit weiteren Booten am Horizont, diese Szene bringt Ruhe und Weite in Ihr Interieur. Die minimalistische Komposition lenkt den Blick auf das Wesentliche: Sonnenlicht, weiche Wolken und die beruhigende Meereslinie, wodurch die Wand sofort leichter wirkt. Farbwelt: Hell und pastellig, k\u00fchle Blaut\u00f6ne und Wei\u00df mit perligem Schimmer, dezent erw\u00e4rmt durch feine Lichtreflexe. Diese Palette hellt den Raum auf und l\u00e4sst ihn optisch gr\u00f6\u00dfer wirken, mit einer Atmosph\u00e4re von Stille und Frische.<\/p>\n<p>Ideal \u00fcber Sofa oder Sideboard im Wohnzimmer, ebenso passend f\u00fcr Schlafzimmer, Essbereich, Flur, Homeoffice oder ein Spa-Bad. In gewerblichen R\u00e4umen \u2014 Rezeption, Hotel, Praxis\/B\u00fcro, Caf\u00e9 oder Ferienapartment, schafft es eine beruhigende, professionelle Stimmung und wird zum eleganten Blickpunkt. Das vertikale Format mit weitem, offenem Himmel wirkt solo ebenso wie an einer Bilderwand und l\u00e4sst sich leicht mit weiterer K\u00fcstenkunst und Fotografie kombinieren. Das Motiv harmoniert mit modernem, skandinavischem, Coastal-, Japandi- und minimalistischem Stil; in hellem Boho-Interieur sorgt es f\u00fcr Leichtigkeit und Harmonie.<\/p>\n<p>In gro\u00dfen Formaten wird es zum modernen gro\u00dfen Wandbild f\u00fcrs Wohnzimmer und \u00f6ffnet den Raum, in kleineren Gr\u00f6\u00dfen zu einem dezenten Akzent f\u00fcr ausbalancierte Wandkompositionen. Dank der neutralen, aufgehellten Farbigkeit ist es universelle Wandkunst, die nicht dominiert, sondern den Charakter des Interieurs betont. Wenn Sie elegante Wandbilder f\u00fcrs Wohnzimmer und zeitlose Leinwandmotive suchen, wird diese Meerszene t\u00e4glich Ruhe und Licht spenden. Nur als Leinwandbild.<\/p>\n","protected":false},"excerpt":{"rendered":"<p>Helle, pastellige Meerszene mit einem Segelboot und weiteren Booten. Nur Leinwand, ideal f\u00fcrs Wohnzimmer, Schlafzimmer und B\u00fcro; hellt auf und beruhigt.<\/p>\n","protected":false},"featured_media":67200,"comment_status":"open","ping_status":"closed","template":"","meta":[],"product_brand":[],"product_cat":[66,72,109,75,81,142,103,90,69,112,84],"product_tag":[705,594,278],"class_list":{"0":"post-67220","1":"product","2":"type-product","3":"status-publish","4":"has-post-thumbnail","6":"product_cat-badezimmer","7":"product_cat-flur","8":"product_cat-fotografie-de","9":"product_cat-hotel-de","10":"product_cat-kueche","11":"product_cat-meer-kuste","12":"product_cat-minimalistisch","13":"product_cat-restaurant-de","14":"product_cat-schlafzimmer","15":"product_cat-skandinavisch","16":"product_cat-wohnzimmer","17":"product_tag-hochformat","18":"product_tag-multicolor-de","19":"product_tag-pastellfarben","21":"first","22":"instock","23":"taxable","24":"shipping-taxable","25":"purchasable","26":"product-type-variable","27":"has-default-attributes"},"aioseo_notices":[],"_links":{"self":[{"href":"https:\/\/interiorposter.com\/de\/wp-json\/wp\/v2\/product\/67220","targetHints":{"allow":["GET"]}}],"collection":[{"href":"https:\/\/interiorposter.com\/de\/wp-json\/wp\/v2\/product"}],"about":[{"href":"https:\/\/interiorposter.com\/de\/wp-json\/wp\/v2\/types\/product"}],"replies":[{"embeddable":true,"href":"https:\/\/interiorposter.com\/de\/wp-json\/wp\/v2\/comments?post=67220"}],"wp:featuredmedia":[{"embeddable":true,"href":"https:\/\/interiorposter.com\/de\/wp-json\/wp\/v2\/media\/67200"}],"wp:attachment":[{"href":"https:\/\/interiorposter.com\/de\/wp-json\/wp\/v2\/media?parent=67220"}],"wp:term":[{"taxonomy":"product_brand","embeddable":true,"href":"https:\/\/interiorposter.com\/de\/wp-json\/wp\/v2\/product_brand?post=67220"},{"taxonomy":"product_cat","embeddable":true,"href":"https:\/\/interiorposter.com\/de\/wp-json\/wp\/v2\/product_cat?post=67220"},{"taxonomy":"product_tag","embeddable":true,"href":"https:\/\/interiorposter.com\/de\/wp-json\/wp\/v2\/product_tag?post=67220"}],"curies":[{"name":"wp","href":"https:\/\/api.w.org\/{rel}","templated":true}]}}