{"id":64390,"date":"2025-06-23T03:43:38","date_gmt":"2025-06-23T01:43:38","guid":{"rendered":"https:\/\/interiorposter.com\/product\/obraz-na-plotnie-wieza-eiffla-w-czerni-i-bieli-perspektywa-od-podstawy\/"},"modified":"2025-12-15T01:29:15","modified_gmt":"2025-12-15T00:29:15","slug":"obraz-na-plotnie-wieza-eiffla-w-czerni-i-bieli-perspektywa-od-podstawy","status":"publish","type":"product","link":"https:\/\/interiorposter.com\/de\/product\/obraz-na-plotnie-wieza-eiffla-w-czerni-i-bieli-perspektywa-od-podstawy\/","title":{"rendered":"Eiffelturm von unten, Schwarzwei\u00df | Leinwandbild"},"content":{"rendered":"<p>Ein Klassiker der Weltarchitektur in einer au\u00dfergew\u00f6hnlichen Perspektive \u2013 dieses Leinwandbild zeigt den Eiffelturm aus der Sicht direkt unterhalb der Konstruktion, nach oben fotografiert. Der Blickwinkel betont die Monumentalit\u00e4t des Bauwerks und offenbart das filigrane Netzwerk aus Stahltr\u00e4gern, das einen einzigartigen Rhythmus und eine harmonische Struktur bildet. Die Schwarz-Wei\u00df-Farbgebung verleiht dem Bild Eleganz, Zeitlosigkeit und k\u00fcnstlerischen Charakter, w\u00e4hrend die Wolken am Himmel eine stimmungsvolle Kulisse schaffen, die den Kontrast zwischen Stahl und Raum unterstreicht.<\/p>\n<p>Dieses eindrucksvolle Bild passt perfekt in moderne Interieurs, Lofts, B\u00fcros sowie elegante Wohnzimmer oder Schlafzimmer. Dank der minimalistischen Farbgebung l\u00e4sst es sich problemlos mit klassischen wie auch industriellen Einrichtungen kombinieren. Die geometrische Perspektive und die starken Kontraste machen das Leinwandbild zum zentralen Blickfang, der alle Blicke auf sich zieht und dem Raum Pers\u00f6nlichkeit verleiht.<\/p>\n<p>Der hochwertige Leinwanddruck garantiert tiefe Schwarzt\u00f6ne und gestochen scharfe Details, die die Majest\u00e4t dieser Pariser Ikone voll zur Geltung bringen. Eine Dekoration, die Kunst, Reisen und Eleganz in Ihr Zuhause bringt. W\u00e4hlen Sie das Schwarz-Wei\u00df-Bild des Eiffelturms, um Ihrem Interieur einen einzigartigen Stil und franz\u00f6sischen Chic zu verleihen.<\/p>\n","protected":false},"excerpt":{"rendered":"<p>Leinwandbild des Eiffelturms in Schwarz-Wei\u00df. Die Perspektive von unten betont seine Monumentalit\u00e4t und k\u00fcnstlerische Wirkung.<\/p>\n","protected":false},"featured_media":64363,"comment_status":"open","ping_status":"closed","template":"","meta":[],"product_brand":[],"product_cat":[87,72,109,211,75,133,90,69,84],"product_tag":[181,703],"class_list":{"0":"post-64390","1":"product","2":"type-product","3":"status-publish","4":"has-post-thumbnail","6":"product_cat-buero","7":"product_cat-flur","8":"product_cat-fotografie-de","9":"product_cat-geometrisch","10":"product_cat-hotel-de","11":"product_cat-industrie","12":"product_cat-restaurant-de","13":"product_cat-schlafzimmer","14":"product_cat-wohnzimmer","15":"product_tag-grau","16":"product_tag-querformat","18":"first","19":"instock","20":"taxable","21":"shipping-taxable","22":"purchasable","23":"product-type-variable","24":"has-default-attributes"},"aioseo_notices":[],"_links":{"self":[{"href":"https:\/\/interiorposter.com\/de\/wp-json\/wp\/v2\/product\/64390","targetHints":{"allow":["GET"]}}],"collection":[{"href":"https:\/\/interiorposter.com\/de\/wp-json\/wp\/v2\/product"}],"about":[{"href":"https:\/\/interiorposter.com\/de\/wp-json\/wp\/v2\/types\/product"}],"replies":[{"embeddable":true,"href":"https:\/\/interiorposter.com\/de\/wp-json\/wp\/v2\/comments?post=64390"}],"wp:featuredmedia":[{"embeddable":true,"href":"https:\/\/interiorposter.com\/de\/wp-json\/wp\/v2\/media\/64363"}],"wp:attachment":[{"href":"https:\/\/interiorposter.com\/de\/wp-json\/wp\/v2\/media?parent=64390"}],"wp:term":[{"taxonomy":"product_brand","embeddable":true,"href":"https:\/\/interiorposter.com\/de\/wp-json\/wp\/v2\/product_brand?post=64390"},{"taxonomy":"product_cat","embeddable":true,"href":"https:\/\/interiorposter.com\/de\/wp-json\/wp\/v2\/product_cat?post=64390"},{"taxonomy":"product_tag","embeddable":true,"href":"https:\/\/interiorposter.com\/de\/wp-json\/wp\/v2\/product_tag?post=64390"}],"curies":[{"name":"wp","href":"https:\/\/api.w.org\/{rel}","templated":true}]}}