{"id":64256,"date":"2025-06-23T03:31:54","date_gmt":"2025-06-23T01:31:54","guid":{"rendered":"https:\/\/interiorposter.com\/product\/obraz-na-plotnie-sciezka-do-latarni-morskiej-turkusowe-morze-i-blekitne-niebo\/"},"modified":"2026-02-08T01:04:11","modified_gmt":"2026-02-08T00:04:11","slug":"obraz-na-plotnie-sciezka-do-latarni-morskiej-turkusowe-morze-i-blekitne-niebo","status":"publish","type":"product","link":"https:\/\/interiorposter.com\/de\/product\/obraz-na-plotnie-sciezka-do-latarni-morskiej-turkusowe-morze-i-blekitne-niebo\/","title":{"rendered":"Leinwandbild Weg zum Leuchtturm am Meer"},"content":{"rendered":"<p>Tauchen Sie ein in die ruhige K\u00fcstenatmosph\u00e4re mit diesem au\u00dfergew\u00f6hnlichen Leinwandbild, das einen Weg zeigt, der zu einem Leuchtturm f\u00fchrt. Die malerische Szenerie aus Frankreich begeistert durch die Harmonie des strahlend blauen Himmels mit wei\u00dfen Wolken und des t\u00fcrkis-blauen Meeres, das Frische und Entspannung vermittelt. Der Weg, der einem Steg \u00e4hnelt, verleiht Tiefe und Symbolik, er f\u00fchrt zum Licht und zur Hoffnung, sodass das Bild nicht nur eine Dekoration, sondern auch eine Quelle der Inspiration ist.<\/p>\n<p>Dieses Leinwandbild passt perfekt ins Wohnzimmer, Schlafzimmer, B\u00fcro oder Arbeitszimmer und bringt Ruhe und Eleganz in jeden Raum. Es harmoniert auch wunderbar mit modernen, skandinavischen oder maritimen Einrichtungen, in denen nat\u00fcrliche Farben und eine leichte Komposition den Charakter des Interieurs unterstreichen. Die helle Farbpalette l\u00e4sst R\u00e4ume gr\u00f6\u00dfer wirken und verleiht ihnen Frische, weshalb das Bild auch f\u00fcr kleinere R\u00e4ume wie Flure oder gem\u00fctliche Wohnbereiche hervorragend geeignet ist.<\/p>\n<p>Der hochwertige Leinwanddruck garantiert langlebige Farben und detailreiche Sch\u00f6nheit \u00fcber viele Jahre hinweg. Es ist eine Dekoration, die Blicke auf sich zieht, eine entspannte Atmosph\u00e4re schafft und jedem Zuhause einen einzigartigen K\u00fcstencharme verleiht. W\u00e4hlen Sie das Leinwandbild mit dem Weg zum franz\u00f6sischen Leuchtturm und bringen Sie Harmonie, Licht und einen Hauch maritimer Magie in Ihr Zuhause.<\/p>\n","protected":false},"excerpt":{"rendered":"<p>Leinwandbild mit einem Weg zum franz\u00f6sischen Leuchtturm. T\u00fcrkisfarbenes Meer und blauer Himmel verleihen dem Raum Frische und Ruhe.<\/p>\n","protected":false},"featured_media":64225,"comment_status":"open","ping_status":"closed","template":"","meta":[],"product_brand":[],"product_cat":[66,87,72,109,75,136,142,84],"product_tag":[594,703],"class_list":{"0":"post-64256","1":"product","2":"type-product","3":"status-publish","4":"has-post-thumbnail","6":"product_cat-badezimmer","7":"product_cat-buero","8":"product_cat-flur","9":"product_cat-fotografie-de","10":"product_cat-hotel-de","11":"product_cat-landschaften","12":"product_cat-meer-kuste","13":"product_cat-wohnzimmer","14":"product_tag-multicolor-de","15":"product_tag-querformat","17":"first","18":"instock","19":"taxable","20":"shipping-taxable","21":"purchasable","22":"product-type-variable","23":"has-default-attributes"},"aioseo_notices":[],"_links":{"self":[{"href":"https:\/\/interiorposter.com\/de\/wp-json\/wp\/v2\/product\/64256","targetHints":{"allow":["GET"]}}],"collection":[{"href":"https:\/\/interiorposter.com\/de\/wp-json\/wp\/v2\/product"}],"about":[{"href":"https:\/\/interiorposter.com\/de\/wp-json\/wp\/v2\/types\/product"}],"replies":[{"embeddable":true,"href":"https:\/\/interiorposter.com\/de\/wp-json\/wp\/v2\/comments?post=64256"}],"wp:featuredmedia":[{"embeddable":true,"href":"https:\/\/interiorposter.com\/de\/wp-json\/wp\/v2\/media\/64225"}],"wp:attachment":[{"href":"https:\/\/interiorposter.com\/de\/wp-json\/wp\/v2\/media?parent=64256"}],"wp:term":[{"taxonomy":"product_brand","embeddable":true,"href":"https:\/\/interiorposter.com\/de\/wp-json\/wp\/v2\/product_brand?post=64256"},{"taxonomy":"product_cat","embeddable":true,"href":"https:\/\/interiorposter.com\/de\/wp-json\/wp\/v2\/product_cat?post=64256"},{"taxonomy":"product_tag","embeddable":true,"href":"https:\/\/interiorposter.com\/de\/wp-json\/wp\/v2\/product_tag?post=64256"}],"curies":[{"name":"wp","href":"https:\/\/api.w.org\/{rel}","templated":true}]}}