{"id":519695,"date":"2026-03-05T18:51:10","date_gmt":"2026-03-05T17:51:10","guid":{"rendered":"https:\/\/interiorposter.com\/product\/tryptyk-na-plotnie-czerwone-roze-z-kroplami\/"},"modified":"2026-05-14T04:18:30","modified_gmt":"2026-05-14T02:18:30","slug":"tryptyk-na-plotnie-czerwone-roze-z-kroplami","status":"publish","type":"product","link":"https:\/\/interiorposter.com\/de\/product\/tryptyk-na-plotnie-czerwone-roze-z-kroplami\/","title":{"rendered":"Triptychon Leinwandbild rote Rosen mit Tropfen"},"content":{"rendered":"<p>Dieses Triptychon Leinwandbild mit roten Rosen und Wassertropfen schafft eine Dekoration voller Emotionen, Eleganz und romantischer Atmosph\u00e4re. Tiefe Rott\u00f6ne kontrastieren wundersch\u00f6n mit dem dunklen Gr\u00fcn der Bl\u00e4tter, wodurch das Bild den Blick anzieht und dem Interieur Ausdruck verleiht. Das florale Motiv passt hervorragend ins Wohnzimmer, Schlafzimmer, Hotel, Restaurant oder in einen eleganten Flur. Ein Leinwandbild f\u00fcr alle, die einen sinnlichen Naturakzent und die zeitlose Sch\u00f6nheit von Rosen an die Wand bringen m\u00f6chten.<\/p>\n","protected":false},"excerpt":{"rendered":"<p>Ausdrucksstarkes Triptychon Leinwandbild mit roten Rosen und Wassertropfen, ideal f\u00fcr Wohnzimmer, Schlafzimmer, Hotel oder Restaurant.<\/p>\n","protected":false},"featured_media":220624,"comment_status":"open","ping_status":"closed","template":"","meta":[],"product_brand":[],"product_cat":[72,109,100,75,124,90,69,84],"product_tag":[272,532,594],"class_list":{"0":"post-519695","1":"product","2":"type-product","3":"status-publish","4":"has-post-thumbnail","6":"product_cat-flur","7":"product_cat-fotografie-de","8":"product_cat-glamour-de","9":"product_cat-hotel-de","10":"product_cat-blumen","11":"product_cat-restaurant-de","12":"product_cat-schlafzimmer","13":"product_cat-wohnzimmer","14":"product_tag-dunkel","15":"product_tag-mehrteiliges-wandbild","16":"product_tag-multicolor-de","18":"first","19":"instock","20":"taxable","21":"shipping-taxable","22":"product-type-variable","23":"has-default-attributes"},"aioseo_notices":[],"_links":{"self":[{"href":"https:\/\/interiorposter.com\/de\/wp-json\/wp\/v2\/product\/519695","targetHints":{"allow":["GET"]}}],"collection":[{"href":"https:\/\/interiorposter.com\/de\/wp-json\/wp\/v2\/product"}],"about":[{"href":"https:\/\/interiorposter.com\/de\/wp-json\/wp\/v2\/types\/product"}],"replies":[{"embeddable":true,"href":"https:\/\/interiorposter.com\/de\/wp-json\/wp\/v2\/comments?post=519695"}],"wp:featuredmedia":[{"embeddable":true,"href":"https:\/\/interiorposter.com\/de\/wp-json\/wp\/v2\/media\/220624"}],"wp:attachment":[{"href":"https:\/\/interiorposter.com\/de\/wp-json\/wp\/v2\/media?parent=519695"}],"wp:term":[{"taxonomy":"product_brand","embeddable":true,"href":"https:\/\/interiorposter.com\/de\/wp-json\/wp\/v2\/product_brand?post=519695"},{"taxonomy":"product_cat","embeddable":true,"href":"https:\/\/interiorposter.com\/de\/wp-json\/wp\/v2\/product_cat?post=519695"},{"taxonomy":"product_tag","embeddable":true,"href":"https:\/\/interiorposter.com\/de\/wp-json\/wp\/v2\/product_tag?post=519695"}],"curies":[{"name":"wp","href":"https:\/\/api.w.org\/{rel}","templated":true}]}}