{"id":519610,"date":"2026-03-05T16:11:11","date_gmt":"2026-03-05T15:11:11","guid":{"rendered":"https:\/\/interiorposter.com\/product\/obraz-na-plotnie-slonecznik-pelen-ciepla\/"},"modified":"2026-05-11T03:57:01","modified_gmt":"2026-05-11T01:57:01","slug":"obraz-na-plotnie-slonecznik-pelen-ciepla","status":"publish","type":"product","link":"https:\/\/interiorposter.com\/de\/product\/obraz-na-plotnie-slonecznik-pelen-ciepla\/","title":{"rendered":"Leinwandbild Sonnenblume voller W\u00e4rme"},"content":{"rendered":"<p>Dieses Leinwandbild mit einer gro\u00dfen Sonnenblume in malerischer Optik bringt Freude, Licht und nat\u00fcrliche Energie in den Raum. Intensive gelbe Bl\u00fctenbl\u00e4tter, gr\u00fcne Bl\u00e4tter und ein sanft verschwommener Hintergrund schaffen eine frische, freundliche und sehr dekorative Komposition. Es ist ein sch\u00f6nes Wandbild auf Leinwand f\u00fcr Wohnzimmer, K\u00fcche, Esszimmer, Schlafzimmer, B\u00fcro, Hotel oder Restaurant, besonders f\u00fcr moderne, skandinavische, rustikale und von der Natur inspirierte Einrichtungen. Diese Dekoration belebt die Einrichtung, verleiht ihr W\u00e4rme und zieht mit ihrem positiven, sonnigen Charakter die Blicke auf sich. Die Farbgestaltung ist hell und mehrfarbig, mit einer Dominanz von Gelb, Gr\u00fcn, Beige und warmen Braunt\u00f6nen.<\/p>\n","protected":false},"excerpt":{"rendered":"<p>Freundliches Leinwandbild mit einer Sonnenblume in warmen Gelbt\u00f6nen. Dekoration f\u00fcr Wohnzimmer, K\u00fcche, Schlafzimmer oder B\u00fcro.<\/p>\n","protected":false},"featured_media":213413,"comment_status":"open","ping_status":"closed","template":"","meta":[],"product_brand":[],"product_cat":[87,75,81,298,124,90,69,84],"product_tag":[594,703],"class_list":{"0":"post-519610","1":"product","2":"type-product","3":"status-publish","4":"has-post-thumbnail","6":"product_cat-buero","7":"product_cat-hotel-de","8":"product_cat-kueche","9":"product_cat-malerei","10":"product_cat-blumen","11":"product_cat-restaurant-de","12":"product_cat-schlafzimmer","13":"product_cat-wohnzimmer","14":"product_tag-multicolor-de","15":"product_tag-querformat","17":"first","18":"instock","19":"taxable","20":"shipping-taxable","21":"purchasable","22":"product-type-variable","23":"has-default-attributes"},"aioseo_notices":[],"_links":{"self":[{"href":"https:\/\/interiorposter.com\/de\/wp-json\/wp\/v2\/product\/519610","targetHints":{"allow":["GET"]}}],"collection":[{"href":"https:\/\/interiorposter.com\/de\/wp-json\/wp\/v2\/product"}],"about":[{"href":"https:\/\/interiorposter.com\/de\/wp-json\/wp\/v2\/types\/product"}],"replies":[{"embeddable":true,"href":"https:\/\/interiorposter.com\/de\/wp-json\/wp\/v2\/comments?post=519610"}],"wp:featuredmedia":[{"embeddable":true,"href":"https:\/\/interiorposter.com\/de\/wp-json\/wp\/v2\/media\/213413"}],"wp:attachment":[{"href":"https:\/\/interiorposter.com\/de\/wp-json\/wp\/v2\/media?parent=519610"}],"wp:term":[{"taxonomy":"product_brand","embeddable":true,"href":"https:\/\/interiorposter.com\/de\/wp-json\/wp\/v2\/product_brand?post=519610"},{"taxonomy":"product_cat","embeddable":true,"href":"https:\/\/interiorposter.com\/de\/wp-json\/wp\/v2\/product_cat?post=519610"},{"taxonomy":"product_tag","embeddable":true,"href":"https:\/\/interiorposter.com\/de\/wp-json\/wp\/v2\/product_tag?post=519610"}],"curies":[{"name":"wp","href":"https:\/\/api.w.org\/{rel}","templated":true}]}}