{"id":519561,"date":"2026-03-05T17:13:56","date_gmt":"2026-03-05T16:13:56","guid":{"rendered":"https:\/\/interiorposter.com\/product\/obraz-na-plotnie-kwiaty-serce-i-magia-wody\/"},"modified":"2026-05-11T03:50:21","modified_gmt":"2026-05-11T01:50:21","slug":"obraz-na-plotnie-kwiaty-serce-i-magia-wody","status":"publish","type":"product","link":"https:\/\/interiorposter.com\/de\/product\/obraz-na-plotnie-kwiaty-serce-i-magia-wody\/","title":{"rendered":"Leinwandbild Blumen Herz und Magie des Wassers"},"content":{"rendered":"<p>Dieses Leinwandbild mit zarten Bl\u00fcten und einem Herz aus Wasser schafft eine Komposition voller Romantik, Frische und dezentem Schimmer. Helle Bl\u00fctenbl\u00e4tter, Wassertropfen und silbrige Reflexe verleihen der Dekoration Leichtigkeit, Eleganz und eine besonders ruhige Stimmung. Es ist ein sch\u00f6nes Wandbild auf Leinwand f\u00fcr Wohnzimmer, Schlafzimmer, Bad, Hotel, Kosmetiksalon oder Flur, besonders f\u00fcr glamour\u00f6se, moderne und minimalistische Einrichtungen. Diese Dekoration hellt den Raum auf, verleiht ihm Harmonie und schafft einen sinnlichen floralen Akzent. Die Farbgestaltung ist hell und grau, mit Akzenten in Wei\u00df, Puderrosa, Silber und Graphit.<\/p>\n","protected":false},"excerpt":{"rendered":"<p>Romantisches Leinwandbild mit Blumen, Herz aus Wasser und silbrigem Schimmer. Elegante Dekoration f\u00fcr Wohnzimmer, Schlafzimmer oder Bad.<\/p>\n","protected":false},"featured_media":216110,"comment_status":"open","ping_status":"closed","template":"","meta":[],"product_brand":[],"product_cat":[66,72,109,100,75,103,106,124,69,84],"product_tag":[181,275,278,703],"class_list":{"0":"post-519561","1":"product","2":"type-product","3":"status-publish","4":"has-post-thumbnail","6":"product_cat-badezimmer","7":"product_cat-flur","8":"product_cat-fotografie-de","9":"product_cat-glamour-de","10":"product_cat-hotel-de","11":"product_cat-minimalistisch","12":"product_cat-modern-de","13":"product_cat-blumen","14":"product_cat-schlafzimmer","15":"product_cat-wohnzimmer","16":"product_tag-grau","17":"product_tag-helle","18":"product_tag-pastellfarben","19":"product_tag-querformat","21":"first","22":"instock","23":"taxable","24":"shipping-taxable","25":"purchasable","26":"product-type-variable","27":"has-default-attributes"},"aioseo_notices":[],"_links":{"self":[{"href":"https:\/\/interiorposter.com\/de\/wp-json\/wp\/v2\/product\/519561","targetHints":{"allow":["GET"]}}],"collection":[{"href":"https:\/\/interiorposter.com\/de\/wp-json\/wp\/v2\/product"}],"about":[{"href":"https:\/\/interiorposter.com\/de\/wp-json\/wp\/v2\/types\/product"}],"replies":[{"embeddable":true,"href":"https:\/\/interiorposter.com\/de\/wp-json\/wp\/v2\/comments?post=519561"}],"wp:featuredmedia":[{"embeddable":true,"href":"https:\/\/interiorposter.com\/de\/wp-json\/wp\/v2\/media\/216110"}],"wp:attachment":[{"href":"https:\/\/interiorposter.com\/de\/wp-json\/wp\/v2\/media?parent=519561"}],"wp:term":[{"taxonomy":"product_brand","embeddable":true,"href":"https:\/\/interiorposter.com\/de\/wp-json\/wp\/v2\/product_brand?post=519561"},{"taxonomy":"product_cat","embeddable":true,"href":"https:\/\/interiorposter.com\/de\/wp-json\/wp\/v2\/product_cat?post=519561"},{"taxonomy":"product_tag","embeddable":true,"href":"https:\/\/interiorposter.com\/de\/wp-json\/wp\/v2\/product_tag?post=519561"}],"curies":[{"name":"wp","href":"https:\/\/api.w.org\/{rel}","templated":true}]}}