{"id":519511,"date":"2026-03-05T17:40:14","date_gmt":"2026-03-05T16:40:14","guid":{"rendered":"https:\/\/interiorposter.com\/product\/obraz-na-plotnie-lawenda-na-bialym-drewnie\/"},"modified":"2026-05-11T03:43:49","modified_gmt":"2026-05-11T01:43:49","slug":"obraz-na-plotnie-lawenda-na-bialym-drewnie","status":"publish","type":"product","link":"https:\/\/interiorposter.com\/de\/product\/obraz-na-plotnie-lawenda-na-bialym-drewnie\/","title":{"rendered":"Leinwandbild Lavendel auf wei\u00dfem Holz"},"content":{"rendered":"<p>Dieses Leinwandbild mit violettem Lavendel vor dem Hintergrund wei\u00dfer Holzbohlen bringt Leichtigkeit, Frische und ein angenehmes provenzalisches Flair in den Raum. Der Kontrast der intensiven Bl\u00fcten mit der hellen, nat\u00fcrlichen Holzstruktur schafft eine ruhige, elegante und sehr dekorative Komposition. Es ist ein sch\u00f6nes Wandbild auf Leinwand f\u00fcr K\u00fcche, Wohnzimmer, Schlafzimmer, B\u00fcro, Hotel, Restaurant oder Flur, besonders f\u00fcr skandinavische, moderne, rustikale und von der Natur inspirierte Einrichtungen. Die Farbgestaltung ist hell und pastellfarben, mit Akzenten in Violett, Wei\u00df, Gr\u00fcn und zarten Beiget\u00f6nen.<\/p>\n","protected":false},"excerpt":{"rendered":"<p>Frisches Leinwandbild mit Lavendel auf wei\u00dfem Holz. Eine zarte Dekoration f\u00fcr K\u00fcche, Wohnzimmer, Schlafzimmer oder B\u00fcro.<\/p>\n","protected":false},"featured_media":217226,"comment_status":"open","ping_status":"closed","template":"","meta":[],"product_brand":[],"product_cat":[87,72,109,75,81,124,90,69,84],"product_tag":[275,594,278,703],"class_list":{"0":"post-519511","1":"product","2":"type-product","3":"status-publish","4":"has-post-thumbnail","6":"product_cat-buero","7":"product_cat-flur","8":"product_cat-fotografie-de","9":"product_cat-hotel-de","10":"product_cat-kueche","11":"product_cat-blumen","12":"product_cat-restaurant-de","13":"product_cat-schlafzimmer","14":"product_cat-wohnzimmer","15":"product_tag-helle","16":"product_tag-multicolor-de","17":"product_tag-pastellfarben","18":"product_tag-querformat","20":"first","21":"instock","22":"taxable","23":"shipping-taxable","24":"purchasable","25":"product-type-variable","26":"has-default-attributes"},"aioseo_notices":[],"_links":{"self":[{"href":"https:\/\/interiorposter.com\/de\/wp-json\/wp\/v2\/product\/519511","targetHints":{"allow":["GET"]}}],"collection":[{"href":"https:\/\/interiorposter.com\/de\/wp-json\/wp\/v2\/product"}],"about":[{"href":"https:\/\/interiorposter.com\/de\/wp-json\/wp\/v2\/types\/product"}],"replies":[{"embeddable":true,"href":"https:\/\/interiorposter.com\/de\/wp-json\/wp\/v2\/comments?post=519511"}],"wp:featuredmedia":[{"embeddable":true,"href":"https:\/\/interiorposter.com\/de\/wp-json\/wp\/v2\/media\/217226"}],"wp:attachment":[{"href":"https:\/\/interiorposter.com\/de\/wp-json\/wp\/v2\/media?parent=519511"}],"wp:term":[{"taxonomy":"product_brand","embeddable":true,"href":"https:\/\/interiorposter.com\/de\/wp-json\/wp\/v2\/product_brand?post=519511"},{"taxonomy":"product_cat","embeddable":true,"href":"https:\/\/interiorposter.com\/de\/wp-json\/wp\/v2\/product_cat?post=519511"},{"taxonomy":"product_tag","embeddable":true,"href":"https:\/\/interiorposter.com\/de\/wp-json\/wp\/v2\/product_tag?post=519511"}],"curies":[{"name":"wp","href":"https:\/\/api.w.org\/{rel}","templated":true}]}}