{"id":519449,"date":"2026-04-03T20:36:14","date_gmt":"2026-04-03T18:36:14","guid":{"rendered":"https:\/\/interiorposter.com\/product\/obraz-na-plotnie-czerwony-kwiat-w-makro\/"},"modified":"2026-05-11T03:31:24","modified_gmt":"2026-05-11T01:31:24","slug":"obraz-na-plotnie-czerwony-kwiat-w-makro","status":"publish","type":"product","link":"https:\/\/interiorposter.com\/de\/product\/obraz-na-plotnie-czerwony-kwiat-w-makro\/","title":{"rendered":"Leinwandbild rote Blume in Makro"},"content":{"rendered":"<p>Dieses Leinwandbild mit einer roten Blume in Makroansicht zieht mit intensiver Farbe, Eleganz und sinnlicher Schlichtheit die Blicke auf sich. Ausdrucksstarke Bl\u00fctenbl\u00e4tter, zartes Licht und ein ruhiger Hintergrund schaffen eine Komposition voller Klasse, die den Raum wundersch\u00f6n belebt und ihm dekorative Energie verleiht. Es ist ein wirkungsvolles Wandbild f\u00fcr Wohnzimmer, Schlafzimmer, B\u00fcro, Hotel, Restaurant oder Flur, besonders f\u00fcr moderne, minimalistische und glamour\u00f6se Einrichtungen. Die Farbgestaltung ist dunkel und mehrfarbig, mit einer Dominanz von Rot, Graphit, Grau und dezenten warmen T\u00f6nen.<\/p>\n","protected":false},"excerpt":{"rendered":"<p>Wirkungsvolles Leinwandbild mit roter Blume in Makroansicht. Elegante Dekoration f\u00fcr Wohnzimmer, Schlafzimmer oder B\u00fcro.<\/p>\n","protected":false},"featured_media":412652,"comment_status":"closed","ping_status":"closed","template":"","meta":[],"product_brand":[],"product_cat":[87,72,109,100,75,139,103,106,124,90,69,84],"product_tag":[705,697,594],"class_list":{"0":"post-519449","1":"product","2":"type-product","3":"status-publish","4":"has-post-thumbnail","6":"product_cat-buero","7":"product_cat-flur","8":"product_cat-fotografie-de","9":"product_cat-glamour-de","10":"product_cat-hotel-de","11":"product_cat-makro-de","12":"product_cat-minimalistisch","13":"product_cat-modern-de","14":"product_cat-blumen","15":"product_cat-restaurant-de","16":"product_cat-schlafzimmer","17":"product_cat-wohnzimmer","18":"product_tag-hochformat","19":"product_tag-moderne-bilder","20":"product_tag-multicolor-de","21":"pa_size-finishing-20x30-standard-de","22":"pa_size-finishing-20x30-auf-italienischer-leinwand","23":"pa_size-finishing-20x30-premium-print-de","24":"pa_size-finishing-20x30-akustisch","25":"pa_size-finishing-40x60-standard-de","26":"pa_size-finishing-40x60-auf-italienischer-leinwand","27":"pa_size-finishing-40x60-premium-print-de","28":"pa_size-finishing-40x60-akustisch","29":"pa_size-finishing-40x60-im-naturfarbenen-holzrahmen","30":"pa_size-finishing-40x60-im-schwarzen-holzrahmen","31":"pa_size-finishing-60x90-standard-de","32":"pa_size-finishing-60x90-auf-italienischer-leinwand","33":"pa_size-finishing-60x90-premium-print-de","34":"pa_size-finishing-60x90-akustisch","35":"pa_size-finishing-60x90-im-naturfarbenen-holzrahmen","36":"pa_size-finishing-60x90-im-schwarzen-holzrahmen","37":"pa_size-finishing-80x120-standard-de","38":"pa_size-finishing-80x120-auf-italienischer-leinwand","39":"pa_size-finishing-80x120-premium-print-de","40":"pa_size-finishing-80x120-akustisch","41":"pa_size-finishing-80x120-im-naturfarbenen-holzrahmen","42":"pa_size-finishing-80x120-im-schwarzen-holzrahmen","44":"first","45":"instock","46":"purchasable","47":"product-type-variable","48":"has-default-attributes"},"aioseo_notices":[],"_links":{"self":[{"href":"https:\/\/interiorposter.com\/de\/wp-json\/wp\/v2\/product\/519449","targetHints":{"allow":["GET"]}}],"collection":[{"href":"https:\/\/interiorposter.com\/de\/wp-json\/wp\/v2\/product"}],"about":[{"href":"https:\/\/interiorposter.com\/de\/wp-json\/wp\/v2\/types\/product"}],"replies":[{"embeddable":true,"href":"https:\/\/interiorposter.com\/de\/wp-json\/wp\/v2\/comments?post=519449"}],"wp:featuredmedia":[{"embeddable":true,"href":"https:\/\/interiorposter.com\/de\/wp-json\/wp\/v2\/media\/412652"}],"wp:attachment":[{"href":"https:\/\/interiorposter.com\/de\/wp-json\/wp\/v2\/media?parent=519449"}],"wp:term":[{"taxonomy":"product_brand","embeddable":true,"href":"https:\/\/interiorposter.com\/de\/wp-json\/wp\/v2\/product_brand?post=519449"},{"taxonomy":"product_cat","embeddable":true,"href":"https:\/\/interiorposter.com\/de\/wp-json\/wp\/v2\/product_cat?post=519449"},{"taxonomy":"product_tag","embeddable":true,"href":"https:\/\/interiorposter.com\/de\/wp-json\/wp\/v2\/product_tag?post=519449"}],"curies":[{"name":"wp","href":"https:\/\/api.w.org\/{rel}","templated":true}]}}