{"id":519294,"date":"2026-04-03T07:53:39","date_gmt":"2026-04-03T05:53:39","guid":{"rendered":"https:\/\/interiorposter.com\/product\/obraz-na-plotnie-roza-w-delikatnym-swietle\/"},"modified":"2026-05-11T03:18:23","modified_gmt":"2026-05-11T01:18:23","slug":"obraz-na-plotnie-roza-w-delikatnym-swietle","status":"publish","type":"product","link":"https:\/\/interiorposter.com\/de\/product\/obraz-na-plotnie-roza-w-delikatnym-swietle\/","title":{"rendered":"Leinwandbild Rose im zarten Licht"},"content":{"rendered":"<p>Dieses Leinwandbild mit einer subtilen Rose in heller, beinahe \u00e4therischer Optik bringt Ruhe, romantische Stimmung und elegante Leichtigkeit in den Raum. Weiche Bl\u00fctenbl\u00e4tter, zartes Pastellrosa und der aufgehellte Hintergrund schaffen eine Komposition voller Harmonie und zeitlosem Charme. Es ist ein sch\u00f6nes Wandbild auf Leinwand f\u00fcr Wohnzimmer, Schlafzimmer, B\u00fcro, Hotel oder Flur, besonders f\u00fcr glamour\u00f6se, minimalistische, skandinavische und von der Natur inspirierte Einrichtungen. Diese Dekoration hellt den Raum optisch auf, verleiht ihm Zartheit und schafft einen stilvollen floralen Akzent. Die Farbgestaltung ist hell und pastellfarben, mit einer Dominanz von Wei\u00df, Puderrosa und weichen Cremet\u00f6nen.<\/p>\n","protected":false},"excerpt":{"rendered":"<p>Subtiles Leinwandbild mit einer hellen Rose im zarten Licht. Eine romantische Dekoration f\u00fcr Wohnzimmer, Schlafzimmer oder B\u00fcro.<\/p>\n","protected":false},"featured_media":405075,"comment_status":"closed","ping_status":"closed","template":"","meta":[],"product_brand":[],"product_cat":[87,72,109,100,75,139,103,106,124,69,112,84],"product_tag":[275,705,697,278],"class_list":{"0":"post-519294","1":"product","2":"type-product","3":"status-publish","4":"has-post-thumbnail","6":"product_cat-buero","7":"product_cat-flur","8":"product_cat-fotografie-de","9":"product_cat-glamour-de","10":"product_cat-hotel-de","11":"product_cat-makro-de","12":"product_cat-minimalistisch","13":"product_cat-modern-de","14":"product_cat-blumen","15":"product_cat-schlafzimmer","16":"product_cat-skandinavisch","17":"product_cat-wohnzimmer","18":"product_tag-helle","19":"product_tag-hochformat","20":"product_tag-moderne-bilder","21":"product_tag-pastellfarben","22":"pa_size-finishing-20x30-standard-de","23":"pa_size-finishing-20x30-auf-italienischer-leinwand","24":"pa_size-finishing-20x30-premium-print-de","25":"pa_size-finishing-20x30-akustisch","26":"pa_size-finishing-40x60-standard-de","27":"pa_size-finishing-40x60-auf-italienischer-leinwand","28":"pa_size-finishing-40x60-premium-print-de","29":"pa_size-finishing-40x60-akustisch","30":"pa_size-finishing-40x60-im-naturfarbenen-holzrahmen","31":"pa_size-finishing-40x60-im-schwarzen-holzrahmen","32":"pa_size-finishing-60x90-standard-de","33":"pa_size-finishing-60x90-auf-italienischer-leinwand","34":"pa_size-finishing-60x90-premium-print-de","35":"pa_size-finishing-60x90-akustisch","36":"pa_size-finishing-60x90-im-naturfarbenen-holzrahmen","37":"pa_size-finishing-60x90-im-schwarzen-holzrahmen","38":"pa_size-finishing-80x120-standard-de","39":"pa_size-finishing-80x120-auf-italienischer-leinwand","40":"pa_size-finishing-80x120-premium-print-de","41":"pa_size-finishing-80x120-akustisch","42":"pa_size-finishing-80x120-im-naturfarbenen-holzrahmen","43":"pa_size-finishing-80x120-im-schwarzen-holzrahmen","45":"first","46":"instock","47":"purchasable","48":"product-type-variable","49":"has-default-attributes"},"aioseo_notices":[],"_links":{"self":[{"href":"https:\/\/interiorposter.com\/de\/wp-json\/wp\/v2\/product\/519294","targetHints":{"allow":["GET"]}}],"collection":[{"href":"https:\/\/interiorposter.com\/de\/wp-json\/wp\/v2\/product"}],"about":[{"href":"https:\/\/interiorposter.com\/de\/wp-json\/wp\/v2\/types\/product"}],"replies":[{"embeddable":true,"href":"https:\/\/interiorposter.com\/de\/wp-json\/wp\/v2\/comments?post=519294"}],"wp:featuredmedia":[{"embeddable":true,"href":"https:\/\/interiorposter.com\/de\/wp-json\/wp\/v2\/media\/405075"}],"wp:attachment":[{"href":"https:\/\/interiorposter.com\/de\/wp-json\/wp\/v2\/media?parent=519294"}],"wp:term":[{"taxonomy":"product_brand","embeddable":true,"href":"https:\/\/interiorposter.com\/de\/wp-json\/wp\/v2\/product_brand?post=519294"},{"taxonomy":"product_cat","embeddable":true,"href":"https:\/\/interiorposter.com\/de\/wp-json\/wp\/v2\/product_cat?post=519294"},{"taxonomy":"product_tag","embeddable":true,"href":"https:\/\/interiorposter.com\/de\/wp-json\/wp\/v2\/product_tag?post=519294"}],"curies":[{"name":"wp","href":"https:\/\/api.w.org\/{rel}","templated":true}]}}