{"id":518884,"date":"2026-04-03T03:17:37","date_gmt":"2026-04-03T01:17:37","guid":{"rendered":"https:\/\/interiorposter.com\/product\/obraz-na-plotnie-kwiaty-pelne-koloru-i-elegancji\/"},"modified":"2026-05-11T02:43:34","modified_gmt":"2026-05-11T00:43:34","slug":"obraz-na-plotnie-kwiaty-pelne-koloru-i-elegancji","status":"publish","type":"product","link":"https:\/\/interiorposter.com\/de\/product\/obraz-na-plotnie-kwiaty-pelne-koloru-i-elegancji\/","title":{"rendered":"Leinwandbild Blumen voller Farbe und Eleganz"},"content":{"rendered":"<p>Dieses Leinwandbild mit einer Komposition aus roten und rosafarbenen Blumen auf dunklem Hintergrund zieht mit intensiver Farbe, Eleganz und sinnlichem Charakter die Blicke auf sich. Tiefe Rott\u00f6ne kontrastieren wundersch\u00f6n mit dem zarten Rosa der Pfingstrosen, dem Violett kleiner Bl\u00fcten und dem frischen Gr\u00fcn der Bl\u00e4tter. Es ist ein wirkungsvolles Wandbild auf Leinwand f\u00fcr Wohnzimmer, Schlafzimmer, B\u00fcro, Hotel, Restaurant oder Flur, besonders f\u00fcr moderne, glamour\u00f6se und von der Natur inspirierte Einrichtungen. Diese Dekoration belebt die Einrichtung, verleiht ihr Ausdrucksst\u00e4rke und schafft einen gem\u00fctlichen floralen Akzent. Die Farbgestaltung ist dunkel und mehrfarbig, dominiert von Rot, Rosa, Gr\u00fcn, Violett und Schwarz.<\/p>\n","protected":false},"excerpt":{"rendered":"<p>Wirkungsvolles Leinwandbild mit roten und rosafarbenen Blumen auf dunklem Hintergrund. Elegante Dekoration f\u00fcr Wohnzimmer, Schlafzimmer oder B\u00fcro.<\/p>\n","protected":false},"featured_media":392622,"comment_status":"closed","ping_status":"closed","template":"","meta":[],"product_brand":[],"product_cat":[87,72,109,75,124,90,69,84],"product_tag":[705,697,594],"class_list":{"0":"post-518884","1":"product","2":"type-product","3":"status-publish","4":"has-post-thumbnail","6":"product_cat-buero","7":"product_cat-flur","8":"product_cat-fotografie-de","9":"product_cat-hotel-de","10":"product_cat-blumen","11":"product_cat-restaurant-de","12":"product_cat-schlafzimmer","13":"product_cat-wohnzimmer","14":"product_tag-hochformat","15":"product_tag-moderne-bilder","16":"product_tag-multicolor-de","17":"pa_size-finishing-20x30-standard-de","18":"pa_size-finishing-20x30-auf-italienischer-leinwand","19":"pa_size-finishing-20x30-premium-print-de","20":"pa_size-finishing-20x30-akustisch","21":"pa_size-finishing-40x60-standard-de","22":"pa_size-finishing-40x60-auf-italienischer-leinwand","23":"pa_size-finishing-40x60-premium-print-de","24":"pa_size-finishing-40x60-akustisch","25":"pa_size-finishing-40x60-im-naturfarbenen-holzrahmen","26":"pa_size-finishing-40x60-im-schwarzen-holzrahmen","27":"pa_size-finishing-60x90-standard-de","28":"pa_size-finishing-60x90-auf-italienischer-leinwand","29":"pa_size-finishing-60x90-premium-print-de","30":"pa_size-finishing-60x90-akustisch","31":"pa_size-finishing-60x90-im-naturfarbenen-holzrahmen","32":"pa_size-finishing-60x90-im-schwarzen-holzrahmen","33":"pa_size-finishing-80x120-standard-de","34":"pa_size-finishing-80x120-auf-italienischer-leinwand","35":"pa_size-finishing-80x120-premium-print-de","36":"pa_size-finishing-80x120-akustisch","37":"pa_size-finishing-80x120-im-naturfarbenen-holzrahmen","38":"pa_size-finishing-80x120-im-schwarzen-holzrahmen","40":"first","41":"instock","42":"purchasable","43":"product-type-variable","44":"has-default-attributes"},"aioseo_notices":[],"_links":{"self":[{"href":"https:\/\/interiorposter.com\/de\/wp-json\/wp\/v2\/product\/518884","targetHints":{"allow":["GET"]}}],"collection":[{"href":"https:\/\/interiorposter.com\/de\/wp-json\/wp\/v2\/product"}],"about":[{"href":"https:\/\/interiorposter.com\/de\/wp-json\/wp\/v2\/types\/product"}],"replies":[{"embeddable":true,"href":"https:\/\/interiorposter.com\/de\/wp-json\/wp\/v2\/comments?post=518884"}],"wp:featuredmedia":[{"embeddable":true,"href":"https:\/\/interiorposter.com\/de\/wp-json\/wp\/v2\/media\/392622"}],"wp:attachment":[{"href":"https:\/\/interiorposter.com\/de\/wp-json\/wp\/v2\/media?parent=518884"}],"wp:term":[{"taxonomy":"product_brand","embeddable":true,"href":"https:\/\/interiorposter.com\/de\/wp-json\/wp\/v2\/product_brand?post=518884"},{"taxonomy":"product_cat","embeddable":true,"href":"https:\/\/interiorposter.com\/de\/wp-json\/wp\/v2\/product_cat?post=518884"},{"taxonomy":"product_tag","embeddable":true,"href":"https:\/\/interiorposter.com\/de\/wp-json\/wp\/v2\/product_tag?post=518884"}],"curies":[{"name":"wp","href":"https:\/\/api.w.org\/{rel}","templated":true}]}}