{"id":518806,"date":"2026-04-01T23:38:07","date_gmt":"2026-04-01T21:38:07","guid":{"rendered":"https:\/\/interiorposter.com\/product\/obraz-na-plotnie-slon-na-sercu-z-roz\/"},"modified":"2026-05-11T02:38:37","modified_gmt":"2026-05-11T00:38:37","slug":"obraz-na-plotnie-slon-na-sercu-z-roz","status":"publish","type":"product","link":"https:\/\/interiorposter.com\/de\/product\/obraz-na-plotnie-slon-na-sercu-z-roz\/","title":{"rendered":"Leinwandbild Elefant auf einem Herz aus Rosen"},"content":{"rendered":"<p>Dieses Leinwandbild mit einem kleinen Elefanten, der auf einem Herz aus rosafarbenen Rosen steht, ist eine Dekoration voller Z\u00e4rtlichkeit, Leichtigkeit und positiver Emotionen. Der zarte Hintergrund, weiche Rosat\u00f6ne und das subtile Tiermotiv schaffen eine Komposition, die charmant, romantisch und sehr wohnlich wirkt. Es ist ein sch\u00f6nes Wandbild f\u00fcr Wohnzimmer, Schlafzimmer, Kinderzimmer, Hotel, Flur oder ein gem\u00fctliches B\u00fcro. Es passt hervorragend zu modernen, skandinavischen, romantischen und von der Natur inspirierten Einrichtungen. Die Farbgestaltung ist hell und pastellfarben, mit einer Dominanz von Rosa, Wei\u00df, Grau und zarten Beiget\u00f6nen.<\/p>\n","protected":false},"excerpt":{"rendered":"<p>Charmantes Leinwandbild mit kleinem Elefanten auf einem Herz aus rosa Rosen. Romantische Dekoration f\u00fcr Wohnzimmer, Schlafzimmer oder Kinderzimmer.<\/p>\n","protected":false},"featured_media":315575,"comment_status":"closed","ping_status":"closed","template":"","meta":[],"product_brand":[],"product_cat":[72,75,290,106,124,69,255,84],"product_tag":[275,705,697,594,278],"class_list":{"0":"post-518806","1":"product","2":"type-product","3":"status-publish","4":"has-post-thumbnail","6":"product_cat-flur","7":"product_cat-hotel-de","8":"product_cat-illustrationen","9":"product_cat-modern-de","10":"product_cat-blumen","11":"product_cat-schlafzimmer","12":"product_cat-tiere-natur","13":"product_cat-wohnzimmer","14":"product_tag-helle","15":"product_tag-hochformat","16":"product_tag-moderne-bilder","17":"product_tag-multicolor-de","18":"product_tag-pastellfarben","19":"pa_size-finishing-20x30-standard-de","20":"pa_size-finishing-20x30-auf-italienischer-leinwand","21":"pa_size-finishing-20x30-premium-print-de","22":"pa_size-finishing-20x30-akustisch","23":"pa_size-finishing-40x60-standard-de","24":"pa_size-finishing-40x60-auf-italienischer-leinwand","25":"pa_size-finishing-40x60-premium-print-de","26":"pa_size-finishing-40x60-akustisch","27":"pa_size-finishing-40x60-im-naturfarbenen-holzrahmen","28":"pa_size-finishing-40x60-im-schwarzen-holzrahmen","29":"pa_size-finishing-60x90-standard-de","30":"pa_size-finishing-60x90-auf-italienischer-leinwand","31":"pa_size-finishing-60x90-premium-print-de","32":"pa_size-finishing-60x90-akustisch","33":"pa_size-finishing-60x90-im-naturfarbenen-holzrahmen","34":"pa_size-finishing-60x90-im-schwarzen-holzrahmen","35":"pa_size-finishing-80x120-standard-de","36":"pa_size-finishing-80x120-auf-italienischer-leinwand","37":"pa_size-finishing-80x120-premium-print-de","38":"pa_size-finishing-80x120-akustisch","39":"pa_size-finishing-80x120-im-naturfarbenen-holzrahmen","40":"pa_size-finishing-80x120-im-schwarzen-holzrahmen","42":"first","43":"instock","44":"purchasable","45":"product-type-variable","46":"has-default-attributes"},"aioseo_notices":[],"_links":{"self":[{"href":"https:\/\/interiorposter.com\/de\/wp-json\/wp\/v2\/product\/518806","targetHints":{"allow":["GET"]}}],"collection":[{"href":"https:\/\/interiorposter.com\/de\/wp-json\/wp\/v2\/product"}],"about":[{"href":"https:\/\/interiorposter.com\/de\/wp-json\/wp\/v2\/types\/product"}],"replies":[{"embeddable":true,"href":"https:\/\/interiorposter.com\/de\/wp-json\/wp\/v2\/comments?post=518806"}],"wp:featuredmedia":[{"embeddable":true,"href":"https:\/\/interiorposter.com\/de\/wp-json\/wp\/v2\/media\/315575"}],"wp:attachment":[{"href":"https:\/\/interiorposter.com\/de\/wp-json\/wp\/v2\/media?parent=518806"}],"wp:term":[{"taxonomy":"product_brand","embeddable":true,"href":"https:\/\/interiorposter.com\/de\/wp-json\/wp\/v2\/product_brand?post=518806"},{"taxonomy":"product_cat","embeddable":true,"href":"https:\/\/interiorposter.com\/de\/wp-json\/wp\/v2\/product_cat?post=518806"},{"taxonomy":"product_tag","embeddable":true,"href":"https:\/\/interiorposter.com\/de\/wp-json\/wp\/v2\/product_tag?post=518806"}],"curies":[{"name":"wp","href":"https:\/\/api.w.org\/{rel}","templated":true}]}}