{"id":518728,"date":"2026-04-03T22:05:03","date_gmt":"2026-04-03T20:05:03","guid":{"rendered":"https:\/\/interiorposter.com\/product\/obraz-na-plotnie-kwiaty-w-swietlistej-bieli\/"},"modified":"2026-05-10T23:32:31","modified_gmt":"2026-05-10T21:32:31","slug":"obraz-na-plotnie-kwiaty-w-swietlistej-bieli","status":"publish","type":"product","link":"https:\/\/interiorposter.com\/de\/product\/obraz-na-plotnie-kwiaty-w-swietlistej-bieli\/","title":{"rendered":"Leinwandbild Blumen in leuchtendem Wei\u00df"},"content":{"rendered":"<p>Dieses Leinwandbild mit transparenten Bl\u00fcten in Makroansicht begeistert mit Zartheit, Eleganz und au\u00dfergew\u00f6hnlicher Leichtigkeit. Die durchbrochene Struktur der Bl\u00fctenbl\u00e4tter, subtile Details und der Kontrast von Schwarz und Wei\u00df schaffen eine moderne, ruhige und sehr stilvolle Komposition. Es ist ein sch\u00f6nes Wandbild auf Leinwand f\u00fcr Wohnzimmer, Schlafzimmer, B\u00fcro, Hotel oder Flur, besonders f\u00fcr minimalistische, skandinavische, moderne und glamour\u00f6se Einrichtungen. Diese Dekoration verleiht dem Raum Klasse, wirkt nicht erdr\u00fcckend und eignet sich hervorragend als eleganter Wandakzent. Die Farbgestaltung ist hell und grau, dominiert von Wei\u00df, Schwarz und Graphitt\u00f6nen.<\/p>\n","protected":false},"excerpt":{"rendered":"<p>Elegantes Leinwandbild mit transparenten Bl\u00fcten in Makroansicht. Eine subtile Dekoration f\u00fcr Wohnzimmer, Schlafzimmer oder B\u00fcro.<\/p>\n","protected":false},"featured_media":415751,"comment_status":"closed","ping_status":"closed","template":"","meta":[],"product_brand":[],"product_cat":[87,72,109,100,75,139,103,106,124,69,112,84],"product_tag":[181,275,705,697],"class_list":{"0":"post-518728","1":"product","2":"type-product","3":"status-publish","4":"has-post-thumbnail","6":"product_cat-buero","7":"product_cat-flur","8":"product_cat-fotografie-de","9":"product_cat-glamour-de","10":"product_cat-hotel-de","11":"product_cat-makro-de","12":"product_cat-minimalistisch","13":"product_cat-modern-de","14":"product_cat-blumen","15":"product_cat-schlafzimmer","16":"product_cat-skandinavisch","17":"product_cat-wohnzimmer","18":"product_tag-grau","19":"product_tag-helle","20":"product_tag-hochformat","21":"product_tag-moderne-bilder","22":"pa_size-finishing-20x30-standard-de","23":"pa_size-finishing-20x30-auf-italienischer-leinwand","24":"pa_size-finishing-20x30-premium-print-de","25":"pa_size-finishing-20x30-akustisch","26":"pa_size-finishing-40x60-standard-de","27":"pa_size-finishing-40x60-auf-italienischer-leinwand","28":"pa_size-finishing-40x60-premium-print-de","29":"pa_size-finishing-40x60-akustisch","30":"pa_size-finishing-40x60-im-naturfarbenen-holzrahmen","31":"pa_size-finishing-40x60-im-schwarzen-holzrahmen","32":"pa_size-finishing-60x90-standard-de","33":"pa_size-finishing-60x90-auf-italienischer-leinwand","34":"pa_size-finishing-60x90-premium-print-de","35":"pa_size-finishing-60x90-akustisch","36":"pa_size-finishing-60x90-im-naturfarbenen-holzrahmen","37":"pa_size-finishing-60x90-im-schwarzen-holzrahmen","38":"pa_size-finishing-80x120-standard-de","39":"pa_size-finishing-80x120-auf-italienischer-leinwand","40":"pa_size-finishing-80x120-premium-print-de","41":"pa_size-finishing-80x120-akustisch","42":"pa_size-finishing-80x120-im-naturfarbenen-holzrahmen","43":"pa_size-finishing-80x120-im-schwarzen-holzrahmen","45":"first","46":"instock","47":"purchasable","48":"product-type-variable","49":"has-default-attributes"},"aioseo_notices":[],"_links":{"self":[{"href":"https:\/\/interiorposter.com\/de\/wp-json\/wp\/v2\/product\/518728","targetHints":{"allow":["GET"]}}],"collection":[{"href":"https:\/\/interiorposter.com\/de\/wp-json\/wp\/v2\/product"}],"about":[{"href":"https:\/\/interiorposter.com\/de\/wp-json\/wp\/v2\/types\/product"}],"replies":[{"embeddable":true,"href":"https:\/\/interiorposter.com\/de\/wp-json\/wp\/v2\/comments?post=518728"}],"wp:featuredmedia":[{"embeddable":true,"href":"https:\/\/interiorposter.com\/de\/wp-json\/wp\/v2\/media\/415751"}],"wp:attachment":[{"href":"https:\/\/interiorposter.com\/de\/wp-json\/wp\/v2\/media?parent=518728"}],"wp:term":[{"taxonomy":"product_brand","embeddable":true,"href":"https:\/\/interiorposter.com\/de\/wp-json\/wp\/v2\/product_brand?post=518728"},{"taxonomy":"product_cat","embeddable":true,"href":"https:\/\/interiorposter.com\/de\/wp-json\/wp\/v2\/product_cat?post=518728"},{"taxonomy":"product_tag","embeddable":true,"href":"https:\/\/interiorposter.com\/de\/wp-json\/wp\/v2\/product_tag?post=518728"}],"curies":[{"name":"wp","href":"https:\/\/api.w.org\/{rel}","templated":true}]}}