{"id":518650,"date":"2026-04-03T18:19:30","date_gmt":"2026-04-03T16:19:30","guid":{"rendered":"https:\/\/interiorposter.com\/product\/obraz-na-plotnie-zolte-kwiaty-w-lekkiej-abstrakcji\/"},"modified":"2026-05-10T23:23:45","modified_gmt":"2026-05-10T21:23:45","slug":"obraz-na-plotnie-zolte-kwiaty-w-lekkiej-abstrakcji","status":"publish","type":"product","link":"https:\/\/interiorposter.com\/de\/product\/obraz-na-plotnie-zolte-kwiaty-w-lekkiej-abstrakcji\/","title":{"rendered":"Leinwandbild gelbe Blumen in leichter Abstraktion"},"content":{"rendered":"<p>Dieses Leinwandbild mit gelben Blumen in einer subtilen, abstrakten Darstellung bringt Licht, Leichtigkeit und eine freundliche Stimmung in den Raum. Zarte Pinselstriche, ein verschwommener Hintergrund und schlanke schwarze Stiele schaffen eine Komposition, die elegant, frisch und voller k\u00fcnstlerischem Charme wirkt. Es ist ein sch\u00f6nes Wandbild f\u00fcr Wohnzimmer, Schlafzimmer, B\u00fcro, Hotel, Restaurant oder Flur, besonders f\u00fcr moderne, minimalistische und skandinavische Einrichtungen. Die Farbgestaltung ist hell, mit Akzenten in Gelb, Wei\u00df, Grau und Schwarz.<\/p>\n","protected":false},"excerpt":{"rendered":"<p>Helles Leinwandbild mit gelben Blumen in leichter Abstraktion. Elegante Dekoration f\u00fcr Wohnzimmer, Schlafzimmer oder B\u00fcro.<\/p>\n","protected":false},"featured_media":411151,"comment_status":"closed","ping_status":"closed","template":"","meta":[],"product_brand":[],"product_cat":[96,87,72,75,298,103,106,124,90,69,112,84],"product_tag":[181,275,697,594,703],"class_list":{"0":"post-518650","1":"product","2":"type-product","3":"status-publish","4":"has-post-thumbnail","6":"product_cat-abstrakt","7":"product_cat-buero","8":"product_cat-flur","9":"product_cat-hotel-de","10":"product_cat-malerei","11":"product_cat-minimalistisch","12":"product_cat-modern-de","13":"product_cat-blumen","14":"product_cat-restaurant-de","15":"product_cat-schlafzimmer","16":"product_cat-skandinavisch","17":"product_cat-wohnzimmer","18":"product_tag-grau","19":"product_tag-helle","20":"product_tag-moderne-bilder","21":"product_tag-multicolor-de","22":"product_tag-querformat","23":"pa_size-finishing-30x20-standard-de","24":"pa_size-finishing-30x20-auf-italienischer-leinwand","25":"pa_size-finishing-30x20-premium-print-de","26":"pa_size-finishing-30x20-akustisch","27":"pa_size-finishing-60x40-standard-de","28":"pa_size-finishing-60x40-auf-italienischer-leinwand","29":"pa_size-finishing-60x40-premium-print-de","30":"pa_size-finishing-60x40-akustisch","31":"pa_size-finishing-60x40-im-naturfarbenen-holzrahmen","32":"pa_size-finishing-60x40-im-schwarzen-holzrahmen","33":"pa_size-finishing-90x60-standard-de","34":"pa_size-finishing-90x60-auf-italienischer-leinwand","35":"pa_size-finishing-90x60-premium-print-de","36":"pa_size-finishing-90x60-akustyczny-de","37":"pa_size-finishing-90x60-im-naturfarbenen-holzrahmen","38":"pa_size-finishing-90x60-im-schwarzen-holzrahmen","39":"pa_size-finishing-120x80-standard-de","40":"pa_size-finishing-120x80-auf-italienischer-leinwand","41":"pa_size-finishing-120x80-premium-print-de","42":"pa_size-finishing-120x80-akustisch","43":"pa_size-finishing-120x80-im-naturfarbenen-holzrahmen","44":"pa_size-finishing-120x80-im-schwarzen-holzrahmen","46":"first","47":"instock","48":"purchasable","49":"product-type-variable","50":"has-default-attributes"},"aioseo_notices":[],"_links":{"self":[{"href":"https:\/\/interiorposter.com\/de\/wp-json\/wp\/v2\/product\/518650","targetHints":{"allow":["GET"]}}],"collection":[{"href":"https:\/\/interiorposter.com\/de\/wp-json\/wp\/v2\/product"}],"about":[{"href":"https:\/\/interiorposter.com\/de\/wp-json\/wp\/v2\/types\/product"}],"replies":[{"embeddable":true,"href":"https:\/\/interiorposter.com\/de\/wp-json\/wp\/v2\/comments?post=518650"}],"wp:featuredmedia":[{"embeddable":true,"href":"https:\/\/interiorposter.com\/de\/wp-json\/wp\/v2\/media\/411151"}],"wp:attachment":[{"href":"https:\/\/interiorposter.com\/de\/wp-json\/wp\/v2\/media?parent=518650"}],"wp:term":[{"taxonomy":"product_brand","embeddable":true,"href":"https:\/\/interiorposter.com\/de\/wp-json\/wp\/v2\/product_brand?post=518650"},{"taxonomy":"product_cat","embeddable":true,"href":"https:\/\/interiorposter.com\/de\/wp-json\/wp\/v2\/product_cat?post=518650"},{"taxonomy":"product_tag","embeddable":true,"href":"https:\/\/interiorposter.com\/de\/wp-json\/wp\/v2\/product_tag?post=518650"}],"curies":[{"name":"wp","href":"https:\/\/api.w.org\/{rel}","templated":true}]}}