{"id":518490,"date":"2026-04-04T07:40:04","date_gmt":"2026-04-04T05:40:04","guid":{"rendered":"https:\/\/interiorposter.com\/product\/obraz-na-plotnie-subtelne-liscie-w-stylu-vintage\/"},"modified":"2026-05-10T23:14:13","modified_gmt":"2026-05-10T21:14:13","slug":"obraz-na-plotnie-subtelne-liscie-w-stylu-vintage","status":"publish","type":"product","link":"https:\/\/interiorposter.com\/de\/product\/obraz-na-plotnie-subtelne-liscie-w-stylu-vintage\/","title":{"rendered":"Leinwandbild subtile Bl\u00e4tter im Vintage Stil"},"content":{"rendered":"<p>Dieses Leinwandbild mit zarten Bl\u00e4ttern im Vintage Stil begeistert mit Ruhe, Leichtigkeit und nat\u00fcrlicher Eleganz. Transparente Formen, weiche Ton\u00fcberg\u00e4nge und ein gealterter Hintergrund schaffen eine subtile, dekorative und sehr stilvolle Komposition. Es ist ein sch\u00f6nes Wandbild auf Leinwand f\u00fcr Wohnzimmer, Schlafzimmer, B\u00fcro, Hotel oder Flur, besonders f\u00fcr minimalistische, skandinavische, moderne und von der Natur inspirierte Einrichtungen. Diese Dekoration bringt Harmonie, W\u00e4rme und eine beruhigende Stimmung in den Raum. Die Farbgestaltung ist hell und grau, mit Akzenten in Beige, Braun, Graphit und gebrochenem Wei\u00df.<\/p>\n","protected":false},"excerpt":{"rendered":"<p>Subtiles Leinwandbild mit transparenten Bl\u00e4ttern im Vintage Stil. Eine elegante Dekoration f\u00fcr Wohnzimmer, Schlafzimmer, B\u00fcro oder Hotel.<\/p>\n","protected":false},"featured_media":435198,"comment_status":"closed","ping_status":"closed","template":"","meta":[],"product_brand":[],"product_cat":[87,72,75,290,103,106,124,69,112,84],"product_tag":[181,697,703],"class_list":{"0":"post-518490","1":"product","2":"type-product","3":"status-publish","4":"has-post-thumbnail","6":"product_cat-buero","7":"product_cat-flur","8":"product_cat-hotel-de","9":"product_cat-illustrationen","10":"product_cat-minimalistisch","11":"product_cat-modern-de","12":"product_cat-blumen","13":"product_cat-schlafzimmer","14":"product_cat-skandinavisch","15":"product_cat-wohnzimmer","16":"product_tag-grau","17":"product_tag-moderne-bilder","18":"product_tag-querformat","19":"pa_size-finishing-30x20-standard-de","20":"pa_size-finishing-30x20-auf-italienischer-leinwand","21":"pa_size-finishing-30x20-premium-print-de","22":"pa_size-finishing-30x20-akustisch","23":"pa_size-finishing-60x40-standard-de","24":"pa_size-finishing-60x40-auf-italienischer-leinwand","25":"pa_size-finishing-60x40-premium-print-de","26":"pa_size-finishing-60x40-akustisch","27":"pa_size-finishing-60x40-im-naturfarbenen-holzrahmen","28":"pa_size-finishing-60x40-im-schwarzen-holzrahmen","29":"pa_size-finishing-90x60-standard-de","30":"pa_size-finishing-90x60-auf-italienischer-leinwand","31":"pa_size-finishing-90x60-premium-print-de","32":"pa_size-finishing-90x60-akustyczny-de","33":"pa_size-finishing-90x60-im-naturfarbenen-holzrahmen","34":"pa_size-finishing-90x60-im-schwarzen-holzrahmen","35":"pa_size-finishing-120x80-standard-de","36":"pa_size-finishing-120x80-auf-italienischer-leinwand","37":"pa_size-finishing-120x80-premium-print-de","38":"pa_size-finishing-120x80-akustisch","39":"pa_size-finishing-120x80-im-naturfarbenen-holzrahmen","40":"pa_size-finishing-120x80-im-schwarzen-holzrahmen","42":"first","43":"instock","44":"purchasable","45":"product-type-variable","46":"has-default-attributes"},"aioseo_notices":[],"_links":{"self":[{"href":"https:\/\/interiorposter.com\/de\/wp-json\/wp\/v2\/product\/518490","targetHints":{"allow":["GET"]}}],"collection":[{"href":"https:\/\/interiorposter.com\/de\/wp-json\/wp\/v2\/product"}],"about":[{"href":"https:\/\/interiorposter.com\/de\/wp-json\/wp\/v2\/types\/product"}],"replies":[{"embeddable":true,"href":"https:\/\/interiorposter.com\/de\/wp-json\/wp\/v2\/comments?post=518490"}],"wp:featuredmedia":[{"embeddable":true,"href":"https:\/\/interiorposter.com\/de\/wp-json\/wp\/v2\/media\/435198"}],"wp:attachment":[{"href":"https:\/\/interiorposter.com\/de\/wp-json\/wp\/v2\/media?parent=518490"}],"wp:term":[{"taxonomy":"product_brand","embeddable":true,"href":"https:\/\/interiorposter.com\/de\/wp-json\/wp\/v2\/product_brand?post=518490"},{"taxonomy":"product_cat","embeddable":true,"href":"https:\/\/interiorposter.com\/de\/wp-json\/wp\/v2\/product_cat?post=518490"},{"taxonomy":"product_tag","embeddable":true,"href":"https:\/\/interiorposter.com\/de\/wp-json\/wp\/v2\/product_tag?post=518490"}],"curies":[{"name":"wp","href":"https:\/\/api.w.org\/{rel}","templated":true}]}}