{"id":518408,"date":"2026-04-04T07:00:03","date_gmt":"2026-04-04T05:00:03","guid":{"rendered":"https:\/\/interiorposter.com\/product\/obraz-na-plotnie-abstrakcyjne-galezie-w-szarosci\/"},"modified":"2026-05-10T23:08:05","modified_gmt":"2026-05-10T21:08:05","slug":"obraz-na-plotnie-abstrakcyjne-galezie-w-szarosci","status":"publish","type":"product","link":"https:\/\/interiorposter.com\/de\/product\/obraz-na-plotnie-abstrakcyjne-galezie-w-szarosci\/","title":{"rendered":"Leinwandbild abstrakte \u00c4ste in Graut\u00f6nen"},"content":{"rendered":"<p>Dieses Leinwandbild mit dem Motiv schwarzer, verzweigter \u00c4ste auf hellem Hintergrund zieht mit moderner Schlichtheit und ausdrucksstarker Form die Blicke auf sich. Die dynamische Linienf\u00fchrung der \u00c4ste schafft eine Dekoration voller Charakter und bewahrt zugleich eine elegante und zur\u00fcckhaltende Optik. Es ist eine hervorragende Wahl f\u00fcr Wohnzimmer, Schlafzimmer, B\u00fcro, Hotel oder Flur, besonders f\u00fcr minimalistische, moderne und skandinavische Einrichtungen. Ein solches Wandbild unterstreicht die Einrichtung auf sch\u00f6ne Weise, verleiht ihr Tiefe und bringt einen k\u00fcnstlerischen Akzent in den Raum, ohne ihn zu \u00fcberladen. Die Farbgestaltung ist hell und grau, mit einem starken Kontrast aus Schwarz, Wei\u00df und zarten Graphitt\u00f6nen.<\/p>\n","protected":false},"excerpt":{"rendered":"<p>Leinwandbild mit abstraktem Astmotiv in Schwarz und Wei\u00df. Eine stilvolle Dekoration f\u00fcr Wohnzimmer, Schlafzimmer, B\u00fcro oder Hotel.<\/p>\n","protected":false},"featured_media":433558,"comment_status":"closed","ping_status":"closed","template":"","meta":[],"product_brand":[],"product_cat":[96,87,72,75,290,103,106,124,69,112,84],"product_tag":[1303,181,275,697,703],"class_list":{"0":"post-518408","1":"product","2":"type-product","3":"status-publish","4":"has-post-thumbnail","6":"product_cat-abstrakt","7":"product_cat-buero","8":"product_cat-flur","9":"product_cat-hotel-de","10":"product_cat-illustrationen","11":"product_cat-minimalistisch","12":"product_cat-modern-de","13":"product_cat-blumen","14":"product_cat-schlafzimmer","15":"product_cat-skandinavisch","16":"product_cat-wohnzimmer","17":"product_tag-baum","18":"product_tag-grau","19":"product_tag-helle","20":"product_tag-moderne-bilder","21":"product_tag-querformat","22":"pa_size-finishing-30x20-standard-de","23":"pa_size-finishing-30x20-auf-italienischer-leinwand","24":"pa_size-finishing-30x20-premium-print-de","25":"pa_size-finishing-30x20-akustisch","26":"pa_size-finishing-60x40-standard-de","27":"pa_size-finishing-60x40-auf-italienischer-leinwand","28":"pa_size-finishing-60x40-premium-print-de","29":"pa_size-finishing-60x40-akustisch","30":"pa_size-finishing-60x40-im-naturfarbenen-holzrahmen","31":"pa_size-finishing-60x40-im-schwarzen-holzrahmen","32":"pa_size-finishing-90x60-standard-de","33":"pa_size-finishing-90x60-auf-italienischer-leinwand","34":"pa_size-finishing-90x60-premium-print-de","35":"pa_size-finishing-90x60-akustyczny-de","36":"pa_size-finishing-90x60-im-naturfarbenen-holzrahmen","37":"pa_size-finishing-90x60-im-schwarzen-holzrahmen","38":"pa_size-finishing-120x80-standard-de","39":"pa_size-finishing-120x80-auf-italienischer-leinwand","40":"pa_size-finishing-120x80-premium-print-de","41":"pa_size-finishing-120x80-akustisch","42":"pa_size-finishing-120x80-im-naturfarbenen-holzrahmen","43":"pa_size-finishing-120x80-im-schwarzen-holzrahmen","45":"first","46":"instock","47":"purchasable","48":"product-type-variable","49":"has-default-attributes"},"aioseo_notices":[],"_links":{"self":[{"href":"https:\/\/interiorposter.com\/de\/wp-json\/wp\/v2\/product\/518408","targetHints":{"allow":["GET"]}}],"collection":[{"href":"https:\/\/interiorposter.com\/de\/wp-json\/wp\/v2\/product"}],"about":[{"href":"https:\/\/interiorposter.com\/de\/wp-json\/wp\/v2\/types\/product"}],"replies":[{"embeddable":true,"href":"https:\/\/interiorposter.com\/de\/wp-json\/wp\/v2\/comments?post=518408"}],"wp:featuredmedia":[{"embeddable":true,"href":"https:\/\/interiorposter.com\/de\/wp-json\/wp\/v2\/media\/433558"}],"wp:attachment":[{"href":"https:\/\/interiorposter.com\/de\/wp-json\/wp\/v2\/media?parent=518408"}],"wp:term":[{"taxonomy":"product_brand","embeddable":true,"href":"https:\/\/interiorposter.com\/de\/wp-json\/wp\/v2\/product_brand?post=518408"},{"taxonomy":"product_cat","embeddable":true,"href":"https:\/\/interiorposter.com\/de\/wp-json\/wp\/v2\/product_cat?post=518408"},{"taxonomy":"product_tag","embeddable":true,"href":"https:\/\/interiorposter.com\/de\/wp-json\/wp\/v2\/product_tag?post=518408"}],"curies":[{"name":"wp","href":"https:\/\/api.w.org\/{rel}","templated":true}]}}