{"id":518339,"date":"2026-03-05T18:31:06","date_gmt":"2026-03-05T17:31:06","guid":{"rendered":"https:\/\/interiorposter.com\/product\/obraz-na-plotnie-tryptyk-drzewo-na-polu-lawendy\/"},"modified":"2026-05-10T23:02:26","modified_gmt":"2026-05-10T21:02:26","slug":"obraz-na-plotnie-tryptyk-drzewo-na-polu-lawendy","status":"publish","type":"product","link":"https:\/\/interiorposter.com\/de\/product\/obraz-na-plotnie-tryptyk-drzewo-na-polu-lawendy\/","title":{"rendered":"Leinwandbild Triptychon Baum im Lavendelfeld"},"content":{"rendered":"<p>Dieses Leinwandbild in Form eines Triptychons mit einem einsamen Baum inmitten eines violetten Lavendelfeldes schafft eine Dekoration voller Ruhe, Farbe und romantischer Atmosph\u00e4re. Drei Teile bilden eine wirkungsvolle Komposition mit sch\u00f6ner Perspektive, die dem Raum optisch mehr Tiefe verleiht und alle Blicke auf sich zieht. Intensive Lavendelt\u00f6ne, die gr\u00fcne Baumkrone und der stimmungsvolle Himmel verleihen dem Gesamtbild Eleganz und Frische. Es ist ein ideales Leinwandbild f\u00fcr Wohnzimmer, Schlafzimmer, B\u00fcro, Hotel oder Flur, besonders f\u00fcr moderne, provenzalische und von der Natur inspirierte Einrichtungen. Die Farbgestaltung ist mehrfarbig, mit einer Dominanz von Violett, Gr\u00fcn, Rosa und dezenten Graut\u00f6nen.<\/p>\n","protected":false},"excerpt":{"rendered":"<p>Leinwandbild Triptychon mit einsamem Baum auf einem Lavendelfeld. Eine romantische Dekoration f\u00fcr Wohnzimmer, Schlafzimmer oder B\u00fcro.<\/p>\n","protected":false},"featured_media":219636,"comment_status":"open","ping_status":"closed","template":"","meta":[],"product_brand":[],"product_cat":[87,72,109,75,136,106,124,69,84],"product_tag":[1303,532,594],"class_list":{"0":"post-518339","1":"product","2":"type-product","3":"status-publish","4":"has-post-thumbnail","6":"product_cat-buero","7":"product_cat-flur","8":"product_cat-fotografie-de","9":"product_cat-hotel-de","10":"product_cat-landschaften","11":"product_cat-modern-de","12":"product_cat-blumen","13":"product_cat-schlafzimmer","14":"product_cat-wohnzimmer","15":"product_tag-baum","16":"product_tag-mehrteiliges-wandbild","17":"product_tag-multicolor-de","19":"first","20":"instock","21":"taxable","22":"shipping-taxable","23":"purchasable","24":"product-type-variable","25":"has-default-attributes"},"aioseo_notices":[],"_links":{"self":[{"href":"https:\/\/interiorposter.com\/de\/wp-json\/wp\/v2\/product\/518339","targetHints":{"allow":["GET"]}}],"collection":[{"href":"https:\/\/interiorposter.com\/de\/wp-json\/wp\/v2\/product"}],"about":[{"href":"https:\/\/interiorposter.com\/de\/wp-json\/wp\/v2\/types\/product"}],"replies":[{"embeddable":true,"href":"https:\/\/interiorposter.com\/de\/wp-json\/wp\/v2\/comments?post=518339"}],"wp:featuredmedia":[{"embeddable":true,"href":"https:\/\/interiorposter.com\/de\/wp-json\/wp\/v2\/media\/219636"}],"wp:attachment":[{"href":"https:\/\/interiorposter.com\/de\/wp-json\/wp\/v2\/media?parent=518339"}],"wp:term":[{"taxonomy":"product_brand","embeddable":true,"href":"https:\/\/interiorposter.com\/de\/wp-json\/wp\/v2\/product_brand?post=518339"},{"taxonomy":"product_cat","embeddable":true,"href":"https:\/\/interiorposter.com\/de\/wp-json\/wp\/v2\/product_cat?post=518339"},{"taxonomy":"product_tag","embeddable":true,"href":"https:\/\/interiorposter.com\/de\/wp-json\/wp\/v2\/product_tag?post=518339"}],"curies":[{"name":"wp","href":"https:\/\/api.w.org\/{rel}","templated":true}]}}