{"id":517524,"date":"2026-04-03T08:23:05","date_gmt":"2026-04-03T06:23:05","guid":{"rendered":"https:\/\/interiorposter.com\/product\/obraz-na-plotnie-rozowe-kwiaty-wisni\/"},"modified":"2026-05-09T21:32:20","modified_gmt":"2026-05-09T19:32:20","slug":"obraz-na-plotnie-rozowe-kwiaty-wisni","status":"publish","type":"product","link":"https:\/\/interiorposter.com\/de\/product\/obraz-na-plotnie-rozowe-kwiaty-wisni\/","title":{"rendered":"Leinwandbild rosa Kirschbl\u00fcten"},"content":{"rendered":"<p>Dieses Leinwandbild mit bl\u00fchenden Kirschzweigen begeistert mit Leichtigkeit, Frische und einer romantischen Ausstrahlung. Die dichte Krone aus zarten rosa Bl\u00fcten bildet eine subtile, lichtvolle Komposition, die den Raum erw\u00e4rmt und eine ruhige Fr\u00fchlingsatmosph\u00e4re hineinbringt. Es ist ein sch\u00f6nes Wandbild auf Leinwand f\u00fcr Wohnzimmer, Schlafzimmer, B\u00fcro, Hotel, Flur oder ein elegantes Restaurant, besonders f\u00fcr moderne, skandinavische und von der Natur inspirierte Einrichtungen. Die Farbgestaltung ist hell und pastellfarben, mit einer Dominanz von Rosa, Wei\u00df und den nat\u00fcrlichen Braunt\u00f6nen der Zweige.<\/p>\n","protected":false},"excerpt":{"rendered":"<p>Zartes Leinwandbild mit rosa Kirschbl\u00fcten. Eine romantische Dekoration f\u00fcr Wohnzimmer, Schlafzimmer, B\u00fcro oder Hotel.<\/p>\n","protected":false},"featured_media":406389,"comment_status":"closed","ping_status":"closed","template":"","meta":[],"product_brand":[],"product_cat":[87,72,109,75,124,90,69,84],"product_tag":[1303,705,697,594,278],"class_list":{"0":"post-517524","1":"product","2":"type-product","3":"status-publish","4":"has-post-thumbnail","6":"product_cat-buero","7":"product_cat-flur","8":"product_cat-fotografie-de","9":"product_cat-hotel-de","10":"product_cat-blumen","11":"product_cat-restaurant-de","12":"product_cat-schlafzimmer","13":"product_cat-wohnzimmer","14":"product_tag-baum","15":"product_tag-hochformat","16":"product_tag-moderne-bilder","17":"product_tag-multicolor-de","18":"product_tag-pastellfarben","19":"pa_size-finishing-20x30-standard-de","20":"pa_size-finishing-20x30-auf-italienischer-leinwand","21":"pa_size-finishing-20x30-premium-print-de","22":"pa_size-finishing-20x30-akustisch","23":"pa_size-finishing-40x60-standard-de","24":"pa_size-finishing-40x60-auf-italienischer-leinwand","25":"pa_size-finishing-40x60-premium-print-de","26":"pa_size-finishing-40x60-akustisch","27":"pa_size-finishing-40x60-im-naturfarbenen-holzrahmen","28":"pa_size-finishing-40x60-im-schwarzen-holzrahmen","29":"pa_size-finishing-60x90-standard-de","30":"pa_size-finishing-60x90-auf-italienischer-leinwand","31":"pa_size-finishing-60x90-premium-print-de","32":"pa_size-finishing-60x90-akustisch","33":"pa_size-finishing-60x90-im-naturfarbenen-holzrahmen","34":"pa_size-finishing-60x90-im-schwarzen-holzrahmen","35":"pa_size-finishing-80x120-standard-de","36":"pa_size-finishing-80x120-auf-italienischer-leinwand","37":"pa_size-finishing-80x120-premium-print-de","38":"pa_size-finishing-80x120-akustisch","39":"pa_size-finishing-80x120-im-naturfarbenen-holzrahmen","40":"pa_size-finishing-80x120-im-schwarzen-holzrahmen","42":"first","43":"instock","44":"purchasable","45":"product-type-variable","46":"has-default-attributes"},"aioseo_notices":[],"_links":{"self":[{"href":"https:\/\/interiorposter.com\/de\/wp-json\/wp\/v2\/product\/517524","targetHints":{"allow":["GET"]}}],"collection":[{"href":"https:\/\/interiorposter.com\/de\/wp-json\/wp\/v2\/product"}],"about":[{"href":"https:\/\/interiorposter.com\/de\/wp-json\/wp\/v2\/types\/product"}],"replies":[{"embeddable":true,"href":"https:\/\/interiorposter.com\/de\/wp-json\/wp\/v2\/comments?post=517524"}],"wp:featuredmedia":[{"embeddable":true,"href":"https:\/\/interiorposter.com\/de\/wp-json\/wp\/v2\/media\/406389"}],"wp:attachment":[{"href":"https:\/\/interiorposter.com\/de\/wp-json\/wp\/v2\/media?parent=517524"}],"wp:term":[{"taxonomy":"product_brand","embeddable":true,"href":"https:\/\/interiorposter.com\/de\/wp-json\/wp\/v2\/product_brand?post=517524"},{"taxonomy":"product_cat","embeddable":true,"href":"https:\/\/interiorposter.com\/de\/wp-json\/wp\/v2\/product_cat?post=517524"},{"taxonomy":"product_tag","embeddable":true,"href":"https:\/\/interiorposter.com\/de\/wp-json\/wp\/v2\/product_tag?post=517524"}],"curies":[{"name":"wp","href":"https:\/\/api.w.org\/{rel}","templated":true}]}}