{"id":517442,"date":"2026-05-09T22:05:04","date_gmt":"2026-05-09T20:05:04","guid":{"rendered":"https:\/\/interiorposter.com\/product\/obraz-na-plotnie-samotne-drzewo-we-mgle-w-gorach\/"},"modified":"2026-05-09T21:23:35","modified_gmt":"2026-05-09T19:23:35","slug":"obraz-na-plotnie-samotne-drzewo-we-mgle-w-gorach","status":"publish","type":"product","link":"https:\/\/interiorposter.com\/de\/product\/obraz-na-plotnie-samotne-drzewo-we-mgle-w-gorach\/","title":{"rendered":"Leinwandbild einsamer Baum im Nebel in den Bergen"},"content":{"rendered":"<p>Dieses Leinwandbild mit einem einsamen Baum auf einem gr\u00fcnen Hang inmitten nebliger Berge bringt Ruhe, Weite und nat\u00fcrliche Frische in den Raum. Die subtile Perspektive, das weiche Licht und der Kontrast von sattem Gr\u00fcn mit hellem Nebel schaffen eine elegante und beruhigende Komposition. Es ist ein sch\u00f6nes Wandbild auf Leinwand f\u00fcr Wohnzimmer, Schlafzimmer, B\u00fcro, Hotel oder Flur, besonders f\u00fcr moderne, skandinavische und von der Natur inspirierte Einrichtungen. Die Farbgestaltung ist hell, mit Akzenten in Gr\u00fcn, Wei\u00df, Grau und Graphit.<\/p>\n","protected":false},"excerpt":{"rendered":"<p>Stimmungsvolles Leinwandbild mit einsamem Baum auf einem Berghang. Eine ruhige Dekoration f\u00fcr Wohnzimmer, Schlafzimmer oder B\u00fcro.<\/p>\n","protected":false},"featured_media":334414,"comment_status":"closed","ping_status":"closed","template":"","meta":[],"product_brand":[],"product_cat":[87,72,109,75,136,124,69,112,84],"product_tag":[1303,705,697,594],"class_list":{"0":"post-517442","1":"product","2":"type-product","3":"status-publish","4":"has-post-thumbnail","6":"product_cat-buero","7":"product_cat-flur","8":"product_cat-fotografie-de","9":"product_cat-hotel-de","10":"product_cat-landschaften","11":"product_cat-blumen","12":"product_cat-schlafzimmer","13":"product_cat-skandinavisch","14":"product_cat-wohnzimmer","15":"product_tag-baum","16":"product_tag-hochformat","17":"product_tag-moderne-bilder","18":"product_tag-multicolor-de","19":"pa_size-finishing-20x30-standard-de","20":"pa_size-finishing-20x30-auf-italienischer-leinwand","21":"pa_size-finishing-20x30-premium-print-de","22":"pa_size-finishing-20x30-akustisch","23":"pa_size-finishing-40x60-standard-de","24":"pa_size-finishing-40x60-auf-italienischer-leinwand","25":"pa_size-finishing-40x60-premium-print-de","26":"pa_size-finishing-40x60-akustisch","27":"pa_size-finishing-40x60-im-naturfarbenen-holzrahmen","28":"pa_size-finishing-40x60-im-schwarzen-holzrahmen","29":"pa_size-finishing-60x90-standard-de","30":"pa_size-finishing-60x90-auf-italienischer-leinwand","31":"pa_size-finishing-60x90-premium-print-de","32":"pa_size-finishing-60x90-akustisch","33":"pa_size-finishing-60x90-im-naturfarbenen-holzrahmen","34":"pa_size-finishing-60x90-im-schwarzen-holzrahmen","35":"pa_size-finishing-80x120-standard-de","36":"pa_size-finishing-80x120-auf-italienischer-leinwand","37":"pa_size-finishing-80x120-premium-print-de","38":"pa_size-finishing-80x120-akustisch","39":"pa_size-finishing-80x120-im-naturfarbenen-holzrahmen","40":"pa_size-finishing-80x120-im-schwarzen-holzrahmen","42":"first","43":"instock","44":"purchasable","45":"product-type-variable","46":"has-default-attributes"},"aioseo_notices":[],"_links":{"self":[{"href":"https:\/\/interiorposter.com\/de\/wp-json\/wp\/v2\/product\/517442","targetHints":{"allow":["GET"]}}],"collection":[{"href":"https:\/\/interiorposter.com\/de\/wp-json\/wp\/v2\/product"}],"about":[{"href":"https:\/\/interiorposter.com\/de\/wp-json\/wp\/v2\/types\/product"}],"replies":[{"embeddable":true,"href":"https:\/\/interiorposter.com\/de\/wp-json\/wp\/v2\/comments?post=517442"}],"wp:featuredmedia":[{"embeddable":true,"href":"https:\/\/interiorposter.com\/de\/wp-json\/wp\/v2\/media\/334414"}],"wp:attachment":[{"href":"https:\/\/interiorposter.com\/de\/wp-json\/wp\/v2\/media?parent=517442"}],"wp:term":[{"taxonomy":"product_brand","embeddable":true,"href":"https:\/\/interiorposter.com\/de\/wp-json\/wp\/v2\/product_brand?post=517442"},{"taxonomy":"product_cat","embeddable":true,"href":"https:\/\/interiorposter.com\/de\/wp-json\/wp\/v2\/product_cat?post=517442"},{"taxonomy":"product_tag","embeddable":true,"href":"https:\/\/interiorposter.com\/de\/wp-json\/wp\/v2\/product_tag?post=517442"}],"curies":[{"name":"wp","href":"https:\/\/api.w.org\/{rel}","templated":true}]}}