{"id":517283,"date":"2026-05-09T22:05:12","date_gmt":"2026-05-09T20:05:12","guid":{"rendered":"https:\/\/interiorposter.com\/product\/obraz-na-plotnie-gustav-klimt-drzewo-zycia-reprodukcja\/"},"modified":"2026-05-09T01:25:48","modified_gmt":"2026-05-08T23:25:48","slug":"obraz-na-plotnie-gustav-klimt-drzewo-zycia-reprodukcja","status":"publish","type":"product","link":"https:\/\/interiorposter.com\/de\/product\/obraz-na-plotnie-gustav-klimt-drzewo-zycia-reprodukcja\/","title":{"rendered":"Leinwandbild Gustav Klimt Lebensbaum Reproduktion"},"content":{"rendered":"<p>Dieses auf Leinwand gedruckte Bild zeigt eine Reproduktion von Gustav Klimts Lebensbaum, voller dekorativer Spiralen, rhythmischer Linien und symbolischer Eleganz. Der warme Hintergrund in Gold- und Oranget\u00f6nen verbindet sich wundersch\u00f6n mit dem Gr\u00fcn der geometrischen Bl\u00e4tter und wei\u00dfen Bl\u00fcten und schafft eine blickfangende Komposition mit k\u00fcnstlerischem Charme. Es ist ein besonderes Wandbild auf Leinwand f\u00fcr Wohnzimmer, Schlafzimmer, B\u00fcro, Hotel oder Flur, besonders f\u00fcr klassische, glamour\u00f6se und k\u00fcnstlerische Einrichtungen. Die Farbgestaltung ist mehrfarbig, dominiert von Gold, Orange, Gr\u00fcn und Wei\u00df.<\/p>\n","protected":false},"excerpt":{"rendered":"<p>Reproduktion von Gustav Klimts Lebensbaum auf Leinwand gedruckt. Dekoratives Wandbild f\u00fcr Wohnzimmer, Schlafzimmer, B\u00fcro oder Hotel.<\/p>\n","protected":false},"featured_media":292658,"comment_status":"closed","ping_status":"closed","template":"","meta":[],"product_brand":[],"product_cat":[87,72,100,75,290,208,298,124,69,84],"product_tag":[1303,705,697,594,278],"class_list":{"0":"post-517283","1":"product","2":"type-product","3":"status-publish","4":"has-post-thumbnail","6":"product_cat-buero","7":"product_cat-flur","8":"product_cat-glamour-de","9":"product_cat-hotel-de","10":"product_cat-illustrationen","11":"product_cat-konzeptkunst","12":"product_cat-malerei","13":"product_cat-blumen","14":"product_cat-schlafzimmer","15":"product_cat-wohnzimmer","16":"product_tag-baum","17":"product_tag-hochformat","18":"product_tag-moderne-bilder","19":"product_tag-multicolor-de","20":"product_tag-pastellfarben","21":"pa_size-finishing-20x30-standard-de","22":"pa_size-finishing-20x30-auf-italienischer-leinwand","23":"pa_size-finishing-20x30-premium-print-de","24":"pa_size-finishing-20x30-akustisch","25":"pa_size-finishing-40x60-standard-de","26":"pa_size-finishing-40x60-auf-italienischer-leinwand","27":"pa_size-finishing-40x60-premium-print-de","28":"pa_size-finishing-40x60-akustisch","29":"pa_size-finishing-40x60-im-naturfarbenen-holzrahmen","30":"pa_size-finishing-40x60-im-schwarzen-holzrahmen","31":"pa_size-finishing-60x90-standard-de","32":"pa_size-finishing-60x90-auf-italienischer-leinwand","33":"pa_size-finishing-60x90-premium-print-de","34":"pa_size-finishing-60x90-akustisch","35":"pa_size-finishing-60x90-im-naturfarbenen-holzrahmen","36":"pa_size-finishing-60x90-im-schwarzen-holzrahmen","37":"pa_size-finishing-80x120-standard-de","38":"pa_size-finishing-80x120-auf-italienischer-leinwand","39":"pa_size-finishing-80x120-premium-print-de","40":"pa_size-finishing-80x120-akustisch","41":"pa_size-finishing-80x120-im-naturfarbenen-holzrahmen","42":"pa_size-finishing-80x120-im-schwarzen-holzrahmen","44":"first","45":"instock","46":"purchasable","47":"product-type-variable","48":"has-default-attributes"},"aioseo_notices":[],"_links":{"self":[{"href":"https:\/\/interiorposter.com\/de\/wp-json\/wp\/v2\/product\/517283","targetHints":{"allow":["GET"]}}],"collection":[{"href":"https:\/\/interiorposter.com\/de\/wp-json\/wp\/v2\/product"}],"about":[{"href":"https:\/\/interiorposter.com\/de\/wp-json\/wp\/v2\/types\/product"}],"replies":[{"embeddable":true,"href":"https:\/\/interiorposter.com\/de\/wp-json\/wp\/v2\/comments?post=517283"}],"wp:featuredmedia":[{"embeddable":true,"href":"https:\/\/interiorposter.com\/de\/wp-json\/wp\/v2\/media\/292658"}],"wp:attachment":[{"href":"https:\/\/interiorposter.com\/de\/wp-json\/wp\/v2\/media?parent=517283"}],"wp:term":[{"taxonomy":"product_brand","embeddable":true,"href":"https:\/\/interiorposter.com\/de\/wp-json\/wp\/v2\/product_brand?post=517283"},{"taxonomy":"product_cat","embeddable":true,"href":"https:\/\/interiorposter.com\/de\/wp-json\/wp\/v2\/product_cat?post=517283"},{"taxonomy":"product_tag","embeddable":true,"href":"https:\/\/interiorposter.com\/de\/wp-json\/wp\/v2\/product_tag?post=517283"}],"curies":[{"name":"wp","href":"https:\/\/api.w.org\/{rel}","templated":true}]}}