{"id":517175,"date":"2026-05-09T22:05:26","date_gmt":"2026-05-09T20:05:26","guid":{"rendered":"https:\/\/interiorposter.com\/product\/obraz-wieloczesciowy-drzewo-zycia-w-zlotej-elegancji\/"},"modified":"2026-05-08T19:01:14","modified_gmt":"2026-05-08T17:01:14","slug":"obraz-wieloczesciowy-drzewo-zycia-w-zlotej-elegancji","status":"publish","type":"product","link":"https:\/\/interiorposter.com\/de\/product\/obraz-wieloczesciowy-drzewo-zycia-w-zlotej-elegancji\/","title":{"rendered":"Mehrteiliges Leinwandbild Lebensbaum in goldener Eleganz"},"content":{"rendered":"<p>Dieses mehrteilige Leinwandbild mit dem Motiv des Lebensbaums begeistert mit einer leichten, eleganten Komposition und dem dezenten Schimmer goldener Details. F\u00fcnf aufeinander abgestimmte Teile schaffen eine wirkungsvolle Wanddekoration, die den Charakter des Raumes wundersch\u00f6n unterstreicht und Harmonie sowie einen besonderen Stil in das Interieur bringt. Zarte \u00c4ste, dekorative Ornamente und weiche Linien verleihen dem Gesamtbild eine dekorative und zugleich moderne Ausstrahlung. Es ist eine ausgezeichnete Wahl f\u00fcr Wohnzimmer, Schlafzimmer, B\u00fcro, Hotel oder Flur, besonders f\u00fcr glamour\u00f6se, moderne und k\u00fcnstlerische Einrichtungen. Die Farbgestaltung ist hell und mehrfarbig, mit Akzenten in Gold, Beige, Wei\u00df, Puderrrosa und Violett.<\/p>\n","protected":false},"excerpt":{"rendered":"<p>Elegantes mehrteiliges Leinwandbild mit Lebensbaum und goldenen Details. Eine stilvolle Dekoration f\u00fcr Wohnzimmer, Schlafzimmer, B\u00fcro oder Hotel.<\/p>\n","protected":false},"featured_media":291905,"comment_status":"closed","ping_status":"closed","template":"","meta":[],"product_brand":[],"product_cat":[96,87,72,100,75,290,106,124,69,84],"product_tag":[1303,275,532,697,594,278],"class_list":{"0":"post-517175","1":"product","2":"type-product","3":"status-publish","4":"has-post-thumbnail","6":"product_cat-abstrakt","7":"product_cat-buero","8":"product_cat-flur","9":"product_cat-glamour-de","10":"product_cat-hotel-de","11":"product_cat-illustrationen","12":"product_cat-modern-de","13":"product_cat-blumen","14":"product_cat-schlafzimmer","15":"product_cat-wohnzimmer","16":"product_tag-baum","17":"product_tag-helle","18":"product_tag-mehrteiliges-wandbild","19":"product_tag-moderne-bilder","20":"product_tag-multicolor-de","21":"product_tag-pastellfarben","22":"pa_size-finishing-200x80-akustisch","23":"pa_size-finishing-200x80-auf-italienischer-leinwand","24":"pa_size-finishing-200x80-premium-print-de","25":"pa_size-finishing-200x80-standard-de","26":"pa_size-finishing-225x90-akustisch","27":"pa_size-finishing-225x90-auf-italienischer-leinwand","28":"pa_size-finishing-225x90-premium-print-de","29":"pa_size-finishing-225x90-standard-de","31":"first","32":"instock","33":"purchasable","34":"product-type-variable","35":"has-default-attributes"},"aioseo_notices":[],"_links":{"self":[{"href":"https:\/\/interiorposter.com\/de\/wp-json\/wp\/v2\/product\/517175","targetHints":{"allow":["GET"]}}],"collection":[{"href":"https:\/\/interiorposter.com\/de\/wp-json\/wp\/v2\/product"}],"about":[{"href":"https:\/\/interiorposter.com\/de\/wp-json\/wp\/v2\/types\/product"}],"replies":[{"embeddable":true,"href":"https:\/\/interiorposter.com\/de\/wp-json\/wp\/v2\/comments?post=517175"}],"wp:featuredmedia":[{"embeddable":true,"href":"https:\/\/interiorposter.com\/de\/wp-json\/wp\/v2\/media\/291905"}],"wp:attachment":[{"href":"https:\/\/interiorposter.com\/de\/wp-json\/wp\/v2\/media?parent=517175"}],"wp:term":[{"taxonomy":"product_brand","embeddable":true,"href":"https:\/\/interiorposter.com\/de\/wp-json\/wp\/v2\/product_brand?post=517175"},{"taxonomy":"product_cat","embeddable":true,"href":"https:\/\/interiorposter.com\/de\/wp-json\/wp\/v2\/product_cat?post=517175"},{"taxonomy":"product_tag","embeddable":true,"href":"https:\/\/interiorposter.com\/de\/wp-json\/wp\/v2\/product_tag?post=517175"}],"curies":[{"name":"wp","href":"https:\/\/api.w.org\/{rel}","templated":true}]}}