{"id":517124,"date":"2026-05-09T22:05:32","date_gmt":"2026-05-09T20:05:32","guid":{"rendered":"https:\/\/interiorposter.com\/product\/obraz-na-plotnie-zlote-drzewo-zycia-glamour\/"},"modified":"2026-05-08T15:37:43","modified_gmt":"2026-05-08T13:37:43","slug":"obraz-na-plotnie-zlote-drzewo-zycia-glamour","status":"publish","type":"product","link":"https:\/\/interiorposter.com\/de\/product\/obraz-na-plotnie-zlote-drzewo-zycia-glamour\/","title":{"rendered":"Leinwandbild goldener Lebensbaum im Glamour Stil"},"content":{"rendered":"<p>Dieses Leinwandbild mit goldenem Lebensbaum begeistert mit einer F\u00fclle an Details, dekorativen Spiralen und einem dezenten Schimmer. Die Komposition verbindet k\u00fcnstlerische Fantasie mit Eleganz und unterstreicht damit perfekt den Charakter von Wohnzimmer, Schlafzimmer, B\u00fcro, Hotel, Restaurant oder repr\u00e4sentativem Flur. Es ist ein wirkungsvolles Wandbild f\u00fcr moderne, glamour\u00f6se und k\u00fcnstlerische Interieurs, die einen ausdrucksstarken dekorativen Akzent brauchen. Die Farbgestaltung ist mehrfarbig und dunkel, mit kr\u00e4ftigen Akzenten in Gold, Grau, Gr\u00fcn, Rosa und Orange.<\/p>\n","protected":false},"excerpt":{"rendered":"<p>Dekoratives Leinwandbild mit goldenem Lebensbaum, Spiralen und dezentem Schimmer. Eine elegante Dekoration f\u00fcr Wohnzimmer, Schlafzimmer oder B\u00fcro.<\/p>\n","protected":false},"featured_media":291702,"comment_status":"closed","ping_status":"closed","template":"","meta":[],"product_brand":[],"product_cat":[96,87,72,100,75,290,106,124,90,69,84],"product_tag":[1303,697,594,703],"class_list":{"0":"post-517124","1":"product","2":"type-product","3":"status-publish","4":"has-post-thumbnail","6":"product_cat-abstrakt","7":"product_cat-buero","8":"product_cat-flur","9":"product_cat-glamour-de","10":"product_cat-hotel-de","11":"product_cat-illustrationen","12":"product_cat-modern-de","13":"product_cat-blumen","14":"product_cat-restaurant-de","15":"product_cat-schlafzimmer","16":"product_cat-wohnzimmer","17":"product_tag-baum","18":"product_tag-moderne-bilder","19":"product_tag-multicolor-de","20":"product_tag-querformat","21":"pa_size-finishing-30x20-standard-de","22":"pa_size-finishing-30x20-auf-italienischer-leinwand","23":"pa_size-finishing-30x20-premium-print-de","24":"pa_size-finishing-30x20-akustisch","25":"pa_size-finishing-60x40-standard-de","26":"pa_size-finishing-60x40-auf-italienischer-leinwand","27":"pa_size-finishing-60x40-premium-print-de","28":"pa_size-finishing-60x40-akustisch","29":"pa_size-finishing-60x40-im-naturfarbenen-holzrahmen","30":"pa_size-finishing-60x40-im-schwarzen-holzrahmen","31":"pa_size-finishing-90x60-standard-de","32":"pa_size-finishing-90x60-auf-italienischer-leinwand","33":"pa_size-finishing-90x60-premium-print-de","34":"pa_size-finishing-90x60-akustyczny-de","35":"pa_size-finishing-90x60-im-naturfarbenen-holzrahmen","36":"pa_size-finishing-90x60-im-schwarzen-holzrahmen","37":"pa_size-finishing-120x80-standard-de","38":"pa_size-finishing-120x80-auf-italienischer-leinwand","39":"pa_size-finishing-120x80-premium-print-de","40":"pa_size-finishing-120x80-akustisch","41":"pa_size-finishing-120x80-im-naturfarbenen-holzrahmen","42":"pa_size-finishing-120x80-im-schwarzen-holzrahmen","44":"first","45":"instock","46":"purchasable","47":"product-type-variable","48":"has-default-attributes"},"aioseo_notices":[],"_links":{"self":[{"href":"https:\/\/interiorposter.com\/de\/wp-json\/wp\/v2\/product\/517124","targetHints":{"allow":["GET"]}}],"collection":[{"href":"https:\/\/interiorposter.com\/de\/wp-json\/wp\/v2\/product"}],"about":[{"href":"https:\/\/interiorposter.com\/de\/wp-json\/wp\/v2\/types\/product"}],"replies":[{"embeddable":true,"href":"https:\/\/interiorposter.com\/de\/wp-json\/wp\/v2\/comments?post=517124"}],"wp:featuredmedia":[{"embeddable":true,"href":"https:\/\/interiorposter.com\/de\/wp-json\/wp\/v2\/media\/291702"}],"wp:attachment":[{"href":"https:\/\/interiorposter.com\/de\/wp-json\/wp\/v2\/media?parent=517124"}],"wp:term":[{"taxonomy":"product_brand","embeddable":true,"href":"https:\/\/interiorposter.com\/de\/wp-json\/wp\/v2\/product_brand?post=517124"},{"taxonomy":"product_cat","embeddable":true,"href":"https:\/\/interiorposter.com\/de\/wp-json\/wp\/v2\/product_cat?post=517124"},{"taxonomy":"product_tag","embeddable":true,"href":"https:\/\/interiorposter.com\/de\/wp-json\/wp\/v2\/product_tag?post=517124"}],"curies":[{"name":"wp","href":"https:\/\/api.w.org\/{rel}","templated":true}]}}