{"id":517004,"date":"2026-05-09T22:05:43","date_gmt":"2026-05-09T20:05:43","guid":{"rendered":"https:\/\/interiorposter.com\/product\/obraz-na-plotnie-zimowe-drzewo-w-szarosci\/"},"modified":"2026-05-08T01:11:50","modified_gmt":"2026-05-07T23:11:50","slug":"obraz-na-plotnie-zimowe-drzewo-w-szarosci","status":"publish","type":"product","link":"https:\/\/interiorposter.com\/de\/product\/obraz-na-plotnie-zimowe-drzewo-w-szarosci\/","title":{"rendered":"Leinwandbild Winterbaum in Graut\u00f6nen"},"content":{"rendered":"<p>Dieses Leinwandbild mit einem einzelnen Baum in winterlicher, monochromer Darstellung begeistert durch Ruhe und elegante Schlichtheit. Zarte Graut\u00f6ne, Wei\u00df und das Spiel transparenter Formen schaffen eine subtile, moderne und sehr stilvolle Komposition. Es ist ein sch\u00f6nes Wandbild auf Leinwand f\u00fcr Wohnzimmer, Schlafzimmer, B\u00fcro, Hotel oder Flur, besonders f\u00fcr minimalistische, skandinavische und moderne Interieurs. Die Farbgestaltung ist hell und grau, wodurch die Dekoration den Raum optisch aufhellt.<\/p>\n","protected":false},"excerpt":{"rendered":"<p>Subtiles Leinwandbild mit Winterbaum in Wei\u00df- und Graut\u00f6nen. Eine elegante Dekoration f\u00fcr Wohnzimmer, Schlafzimmer oder B\u00fcro.<\/p>\n","protected":false},"featured_media":263956,"comment_status":"closed","ping_status":"closed","template":"","meta":[],"product_brand":[],"product_cat":[87,72,75,290,103,106,124,69,112,84],"product_tag":[1303,181,275,705,697],"class_list":{"0":"post-517004","1":"product","2":"type-product","3":"status-publish","4":"has-post-thumbnail","6":"product_cat-buero","7":"product_cat-flur","8":"product_cat-hotel-de","9":"product_cat-illustrationen","10":"product_cat-minimalistisch","11":"product_cat-modern-de","12":"product_cat-blumen","13":"product_cat-schlafzimmer","14":"product_cat-skandinavisch","15":"product_cat-wohnzimmer","16":"product_tag-baum","17":"product_tag-grau","18":"product_tag-helle","19":"product_tag-hochformat","20":"product_tag-moderne-bilder","21":"pa_size-finishing-20x30-standard-de","22":"pa_size-finishing-20x30-auf-italienischer-leinwand","23":"pa_size-finishing-20x30-premium-print-de","24":"pa_size-finishing-20x30-akustisch","25":"pa_size-finishing-40x60-standard-de","26":"pa_size-finishing-40x60-auf-italienischer-leinwand","27":"pa_size-finishing-40x60-premium-print-de","28":"pa_size-finishing-40x60-akustisch","29":"pa_size-finishing-40x60-im-naturfarbenen-holzrahmen","30":"pa_size-finishing-40x60-im-schwarzen-holzrahmen","31":"pa_size-finishing-60x90-standard-de","32":"pa_size-finishing-60x90-auf-italienischer-leinwand","33":"pa_size-finishing-60x90-premium-print-de","34":"pa_size-finishing-60x90-akustisch","35":"pa_size-finishing-60x90-im-naturfarbenen-holzrahmen","36":"pa_size-finishing-60x90-im-schwarzen-holzrahmen","37":"pa_size-finishing-80x120-standard-de","38":"pa_size-finishing-80x120-auf-italienischer-leinwand","39":"pa_size-finishing-80x120-premium-print-de","40":"pa_size-finishing-80x120-akustisch","41":"pa_size-finishing-80x120-im-naturfarbenen-holzrahmen","42":"pa_size-finishing-80x120-im-schwarzen-holzrahmen","44":"first","45":"instock","46":"purchasable","47":"product-type-variable","48":"has-default-attributes"},"aioseo_notices":[],"_links":{"self":[{"href":"https:\/\/interiorposter.com\/de\/wp-json\/wp\/v2\/product\/517004","targetHints":{"allow":["GET"]}}],"collection":[{"href":"https:\/\/interiorposter.com\/de\/wp-json\/wp\/v2\/product"}],"about":[{"href":"https:\/\/interiorposter.com\/de\/wp-json\/wp\/v2\/types\/product"}],"replies":[{"embeddable":true,"href":"https:\/\/interiorposter.com\/de\/wp-json\/wp\/v2\/comments?post=517004"}],"wp:featuredmedia":[{"embeddable":true,"href":"https:\/\/interiorposter.com\/de\/wp-json\/wp\/v2\/media\/263956"}],"wp:attachment":[{"href":"https:\/\/interiorposter.com\/de\/wp-json\/wp\/v2\/media?parent=517004"}],"wp:term":[{"taxonomy":"product_brand","embeddable":true,"href":"https:\/\/interiorposter.com\/de\/wp-json\/wp\/v2\/product_brand?post=517004"},{"taxonomy":"product_cat","embeddable":true,"href":"https:\/\/interiorposter.com\/de\/wp-json\/wp\/v2\/product_cat?post=517004"},{"taxonomy":"product_tag","embeddable":true,"href":"https:\/\/interiorposter.com\/de\/wp-json\/wp\/v2\/product_tag?post=517004"}],"curies":[{"name":"wp","href":"https:\/\/api.w.org\/{rel}","templated":true}]}}