{"id":516921,"date":"2026-05-09T22:05:50","date_gmt":"2026-05-09T20:05:50","guid":{"rendered":"https:\/\/interiorposter.com\/product\/obraz-na-plotnie-szeroki-z-magicznym-drzewem-szczescia\/"},"modified":"2026-05-08T01:06:29","modified_gmt":"2026-05-07T23:06:29","slug":"obraz-na-plotnie-szeroki-z-magicznym-drzewem-szczescia","status":"publish","type":"product","link":"https:\/\/interiorposter.com\/de\/product\/obraz-na-plotnie-szeroki-z-magicznym-drzewem-szczescia\/","title":{"rendered":"Breites Leinwandbild mit magischem Gl\u00fccksbaum"},"content":{"rendered":"<p>Dieses Leinwandbild mit einem dekorativen Baum vor rot-orangefarbenem Hintergrund zieht den Blick auf sich und bringt W\u00e4rme, Energie und einen Hauch orientalischer Eleganz in den Raum. Das breite Format wirkt wundersch\u00f6n \u00fcber dem Sofa, Bett, Sideboard oder in einem repr\u00e4sentativen Bereich von B\u00fcro, Hotel oder Restaurant. Fantasievoll geschwungene \u00c4ste und leuchtende Details machen die Komposition effektvoll und sehr dekorativ. Die Farbgestaltung ist dunkel, mit kr\u00e4ftigen Akzenten in Rot, Orange, Schwarz, Wei\u00df und Gold.<\/p>\n","protected":false},"excerpt":{"rendered":"<p>Breites Leinwandbild mit dekorativem Gl\u00fccksbaum auf rotem Hintergrund. Eine effektvolle Dekoration f\u00fcr Wohnzimmer, Schlafzimmer oder B\u00fcro.<\/p>\n","protected":false},"featured_media":263753,"comment_status":"closed","ping_status":"closed","template":"","meta":[],"product_brand":[],"product_cat":[87,72,100,75,290,106,124,90,69,84],"product_tag":[1303,272,697,594,916,703],"class_list":{"0":"post-516921","1":"product","2":"type-product","3":"status-publish","4":"has-post-thumbnail","6":"product_cat-buero","7":"product_cat-flur","8":"product_cat-glamour-de","9":"product_cat-hotel-de","10":"product_cat-illustrationen","11":"product_cat-modern-de","12":"product_cat-blumen","13":"product_cat-restaurant-de","14":"product_cat-schlafzimmer","15":"product_cat-wohnzimmer","16":"product_tag-baum","17":"product_tag-dunkel","18":"product_tag-moderne-bilder","19":"product_tag-multicolor-de","20":"product_tag-panoramisch","21":"product_tag-querformat","22":"pa_size-finishing-120x40-premium-print-de","23":"pa_size-finishing-120x40-standard-de","24":"pa_size-finishing-120x40-akustisch","25":"pa_size-finishing-120x40-auf-italienischer-leinwand","26":"pa_size-finishing-120x40-im-naturfarbenen-holzrahmen","27":"pa_size-finishing-120x40-im-schwarzen-holzrahmen","28":"pa_size-finishing-135x45-premium-print-de","29":"pa_size-finishing-135x45-standard-de","30":"pa_size-finishing-135x45-akustisch","31":"pa_size-finishing-135x45-auf-italienischer-leinwand","32":"pa_size-finishing-150x50-premium-print-de","33":"pa_size-finishing-150x50-standard-de","34":"pa_size-finishing-150x50-akustisch","35":"pa_size-finishing-150x50-auf-italienischer-leinwand","36":"pa_size-finishing-150x50-im-naturfarbenen-holzrahmen","37":"pa_size-finishing-150x50-im-schwarzen-holzrahmen","38":"pa_size-finishing-90x30-premium-print-de","39":"pa_size-finishing-90x30-standard-de","40":"pa_size-finishing-90x30-akustisch","41":"pa_size-finishing-90x30-auf-italienischer-leinwand","42":"pa_size-finishing-90x30-im-naturfarbenen-holzrahmen","43":"pa_size-finishing-90x30-im-schwarzen-holzrahmen","45":"first","46":"instock","47":"purchasable","48":"product-type-variable","49":"has-default-attributes"},"aioseo_notices":[],"_links":{"self":[{"href":"https:\/\/interiorposter.com\/de\/wp-json\/wp\/v2\/product\/516921","targetHints":{"allow":["GET"]}}],"collection":[{"href":"https:\/\/interiorposter.com\/de\/wp-json\/wp\/v2\/product"}],"about":[{"href":"https:\/\/interiorposter.com\/de\/wp-json\/wp\/v2\/types\/product"}],"replies":[{"embeddable":true,"href":"https:\/\/interiorposter.com\/de\/wp-json\/wp\/v2\/comments?post=516921"}],"wp:featuredmedia":[{"embeddable":true,"href":"https:\/\/interiorposter.com\/de\/wp-json\/wp\/v2\/media\/263753"}],"wp:attachment":[{"href":"https:\/\/interiorposter.com\/de\/wp-json\/wp\/v2\/media?parent=516921"}],"wp:term":[{"taxonomy":"product_brand","embeddable":true,"href":"https:\/\/interiorposter.com\/de\/wp-json\/wp\/v2\/product_brand?post=516921"},{"taxonomy":"product_cat","embeddable":true,"href":"https:\/\/interiorposter.com\/de\/wp-json\/wp\/v2\/product_cat?post=516921"},{"taxonomy":"product_tag","embeddable":true,"href":"https:\/\/interiorposter.com\/de\/wp-json\/wp\/v2\/product_tag?post=516921"}],"curies":[{"name":"wp","href":"https:\/\/api.w.org\/{rel}","templated":true}]}}