{"id":516718,"date":"2026-04-03T08:08:24","date_gmt":"2026-04-03T06:08:24","guid":{"rendered":"https:\/\/interiorposter.com\/product\/obraz-na-plotnie-bordowe-lilie-elegancja-natury\/"},"modified":"2026-05-03T00:24:07","modified_gmt":"2026-05-02T22:24:07","slug":"obraz-na-plotnie-bordowe-lilie-elegancja-natury","status":"publish","type":"product","link":"https:\/\/interiorposter.com\/de\/product\/obraz-na-plotnie-bordowe-lilie-elegancja-natury\/","title":{"rendered":"Leinwandbild Bordeauxrote Lilien Eleganz der Natur"},"content":{"rendered":"<p>Leinwandbild mit bordeauxroten Lilien ist eine Dekoration mit tiefem, elegantem Charakter, die den Blick auf sich zieht und dem Raum Raffinesse verleiht. Die Bl\u00fcten in Bordeaux, Rosa und Dunkelrot bilden einen sch\u00f6nen Kontrast zum hellen, leicht grauen Hintergrund und zum Gr\u00fcn der Knospen. Dieses Wandbild f\u00fcrs Wohnzimmer eignet sich auch f\u00fcr Schlafzimmer, Hotel, B\u00fcro, Restaurant oder Flur. Das Blumenmotiv passt zu glamour\u00f6sen, modernen, malerischen und klassisch eleganten Einrichtungen.<\/p>\n","protected":false},"excerpt":{"rendered":"","protected":false},"featured_media":405732,"comment_status":"closed","ping_status":"closed","template":"","meta":[],"product_brand":[],"product_cat":[87,72,109,100,75,298,106,124,90,69,84],"product_tag":[705,697,594],"class_list":{"0":"post-516718","1":"product","2":"type-product","3":"status-publish","4":"has-post-thumbnail","6":"product_cat-buero","7":"product_cat-flur","8":"product_cat-fotografie-de","9":"product_cat-glamour-de","10":"product_cat-hotel-de","11":"product_cat-malerei","12":"product_cat-modern-de","13":"product_cat-blumen","14":"product_cat-restaurant-de","15":"product_cat-schlafzimmer","16":"product_cat-wohnzimmer","17":"product_tag-hochformat","18":"product_tag-moderne-bilder","19":"product_tag-multicolor-de","20":"pa_size-finishing-20x30-standard-de","21":"pa_size-finishing-20x30-auf-italienischer-leinwand","22":"pa_size-finishing-20x30-premium-print-de","23":"pa_size-finishing-20x30-akustisch","24":"pa_size-finishing-40x60-standard-de","25":"pa_size-finishing-40x60-auf-italienischer-leinwand","26":"pa_size-finishing-40x60-premium-print-de","27":"pa_size-finishing-40x60-akustisch","28":"pa_size-finishing-40x60-im-naturfarbenen-holzrahmen","29":"pa_size-finishing-40x60-im-schwarzen-holzrahmen","30":"pa_size-finishing-60x90-standard-de","31":"pa_size-finishing-60x90-auf-italienischer-leinwand","32":"pa_size-finishing-60x90-premium-print-de","33":"pa_size-finishing-60x90-akustisch","34":"pa_size-finishing-60x90-im-naturfarbenen-holzrahmen","35":"pa_size-finishing-60x90-im-schwarzen-holzrahmen","36":"pa_size-finishing-80x120-standard-de","37":"pa_size-finishing-80x120-auf-italienischer-leinwand","38":"pa_size-finishing-80x120-premium-print-de","39":"pa_size-finishing-80x120-akustisch","40":"pa_size-finishing-80x120-im-naturfarbenen-holzrahmen","41":"pa_size-finishing-80x120-im-schwarzen-holzrahmen","43":"first","44":"instock","45":"purchasable","46":"product-type-variable","47":"has-default-attributes"},"aioseo_notices":[],"_links":{"self":[{"href":"https:\/\/interiorposter.com\/de\/wp-json\/wp\/v2\/product\/516718","targetHints":{"allow":["GET"]}}],"collection":[{"href":"https:\/\/interiorposter.com\/de\/wp-json\/wp\/v2\/product"}],"about":[{"href":"https:\/\/interiorposter.com\/de\/wp-json\/wp\/v2\/types\/product"}],"replies":[{"embeddable":true,"href":"https:\/\/interiorposter.com\/de\/wp-json\/wp\/v2\/comments?post=516718"}],"wp:featuredmedia":[{"embeddable":true,"href":"https:\/\/interiorposter.com\/de\/wp-json\/wp\/v2\/media\/405732"}],"wp:attachment":[{"href":"https:\/\/interiorposter.com\/de\/wp-json\/wp\/v2\/media?parent=516718"}],"wp:term":[{"taxonomy":"product_brand","embeddable":true,"href":"https:\/\/interiorposter.com\/de\/wp-json\/wp\/v2\/product_brand?post=516718"},{"taxonomy":"product_cat","embeddable":true,"href":"https:\/\/interiorposter.com\/de\/wp-json\/wp\/v2\/product_cat?post=516718"},{"taxonomy":"product_tag","embeddable":true,"href":"https:\/\/interiorposter.com\/de\/wp-json\/wp\/v2\/product_tag?post=516718"}],"curies":[{"name":"wp","href":"https:\/\/api.w.org\/{rel}","templated":true}]}}