{"id":516640,"date":"2026-04-03T05:20:27","date_gmt":"2026-04-03T03:20:27","guid":{"rendered":"https:\/\/interiorposter.com\/product\/obraz-na-plotnie-pastelowe-magnolie-w-swietle\/"},"modified":"2026-05-03T00:16:38","modified_gmt":"2026-05-02T22:16:38","slug":"obraz-na-plotnie-pastelowe-magnolie-w-swietle","status":"publish","type":"product","link":"https:\/\/interiorposter.com\/de\/product\/obraz-na-plotnie-pastelowe-magnolie-w-swietle\/","title":{"rendered":"Leinwandbild Pastellfarbene Magnolien im Licht"},"content":{"rendered":"<p>Leinwandbild mit pastellfarbenen Magnolien auf hellem, leicht strukturiertem Hintergrund ist eine zarte Dekoration, die Frische, Harmonie und eine romantische Stimmung in den Raum bringt. Feine Nuancen von Wei\u00df, Rosa, Beige und k\u00fchlem Grau erhellen den Raum auf sch\u00f6ne Weise und schaffen einen eleganten Akzent an der Wand. Dieses Wandbild f\u00fcrs Wohnzimmer eignet sich auch hervorragend f\u00fcr Schlafzimmer, Badezimmer, Hotel, B\u00fcro oder Flur. Das Blumenmotiv passt zu skandinavischen, glamour\u00f6sen, minimalistischen und modernen Einrichtungen.<\/p>\n","protected":false},"excerpt":{"rendered":"","protected":false},"featured_media":398026,"comment_status":"closed","ping_status":"closed","template":"","meta":[],"product_brand":[],"product_cat":[66,87,72,100,75,103,106,124,69,112,84],"product_tag":[181,275,697,278,703],"class_list":{"0":"post-516640","1":"product","2":"type-product","3":"status-publish","4":"has-post-thumbnail","6":"product_cat-badezimmer","7":"product_cat-buero","8":"product_cat-flur","9":"product_cat-glamour-de","10":"product_cat-hotel-de","11":"product_cat-minimalistisch","12":"product_cat-modern-de","13":"product_cat-blumen","14":"product_cat-schlafzimmer","15":"product_cat-skandinavisch","16":"product_cat-wohnzimmer","17":"product_tag-grau","18":"product_tag-helle","19":"product_tag-moderne-bilder","20":"product_tag-pastellfarben","21":"product_tag-querformat","22":"pa_size-finishing-30x20-standard-de","23":"pa_size-finishing-30x20-auf-italienischer-leinwand","24":"pa_size-finishing-30x20-premium-print-de","25":"pa_size-finishing-30x20-akustisch","26":"pa_size-finishing-60x40-standard-de","27":"pa_size-finishing-60x40-auf-italienischer-leinwand","28":"pa_size-finishing-60x40-premium-print-de","29":"pa_size-finishing-60x40-akustisch","30":"pa_size-finishing-60x40-im-naturfarbenen-holzrahmen","31":"pa_size-finishing-60x40-im-schwarzen-holzrahmen","32":"pa_size-finishing-90x60-standard-de","33":"pa_size-finishing-90x60-auf-italienischer-leinwand","34":"pa_size-finishing-90x60-premium-print-de","35":"pa_size-finishing-90x60-akustyczny-de","36":"pa_size-finishing-90x60-im-naturfarbenen-holzrahmen","37":"pa_size-finishing-90x60-im-schwarzen-holzrahmen","38":"pa_size-finishing-120x80-standard-de","39":"pa_size-finishing-120x80-auf-italienischer-leinwand","40":"pa_size-finishing-120x80-premium-print-de","41":"pa_size-finishing-120x80-akustisch","42":"pa_size-finishing-120x80-im-naturfarbenen-holzrahmen","43":"pa_size-finishing-120x80-im-schwarzen-holzrahmen","45":"first","46":"instock","47":"purchasable","48":"product-type-variable","49":"has-default-attributes"},"aioseo_notices":[],"_links":{"self":[{"href":"https:\/\/interiorposter.com\/de\/wp-json\/wp\/v2\/product\/516640","targetHints":{"allow":["GET"]}}],"collection":[{"href":"https:\/\/interiorposter.com\/de\/wp-json\/wp\/v2\/product"}],"about":[{"href":"https:\/\/interiorposter.com\/de\/wp-json\/wp\/v2\/types\/product"}],"replies":[{"embeddable":true,"href":"https:\/\/interiorposter.com\/de\/wp-json\/wp\/v2\/comments?post=516640"}],"wp:featuredmedia":[{"embeddable":true,"href":"https:\/\/interiorposter.com\/de\/wp-json\/wp\/v2\/media\/398026"}],"wp:attachment":[{"href":"https:\/\/interiorposter.com\/de\/wp-json\/wp\/v2\/media?parent=516640"}],"wp:term":[{"taxonomy":"product_brand","embeddable":true,"href":"https:\/\/interiorposter.com\/de\/wp-json\/wp\/v2\/product_brand?post=516640"},{"taxonomy":"product_cat","embeddable":true,"href":"https:\/\/interiorposter.com\/de\/wp-json\/wp\/v2\/product_cat?post=516640"},{"taxonomy":"product_tag","embeddable":true,"href":"https:\/\/interiorposter.com\/de\/wp-json\/wp\/v2\/product_tag?post=516640"}],"curies":[{"name":"wp","href":"https:\/\/api.w.org\/{rel}","templated":true}]}}