{"id":516547,"date":"2026-04-03T06:57:07","date_gmt":"2026-04-03T04:57:07","guid":{"rendered":"https:\/\/interiorposter.com\/product\/obraz-na-plotnie-biale-kwiaty-na-strukturze\/"},"modified":"2026-05-03T00:07:14","modified_gmt":"2026-05-02T22:07:14","slug":"obraz-na-plotnie-biale-kwiaty-na-strukturze","status":"publish","type":"product","link":"https:\/\/interiorposter.com\/de\/product\/obraz-na-plotnie-biale-kwiaty-na-strukturze\/","title":{"rendered":"Leinwandbild Wei\u00dfe Blumen auf Struktur"},"content":{"rendered":"<p>Leinwandbild mit wei\u00dfen Blumen auf hellem, sanft gewischtem Hintergrund ist eine elegante Dekoration, die Frische, Leichtigkeit und eine ruhige Stimmung in den Raum bringt. Die helle Farbgestaltung mit Creme- und Graut\u00f6nen erhellt den Raum und schafft einen harmonischen Akzent an der Wand. Dieses Wandbild f\u00fcrs Wohnzimmer eignet sich auch f\u00fcr Schlafzimmer, Badezimmer, Hotel, B\u00fcro oder Flur. Das Blumenmotiv passt zu skandinavischen, minimalistischen, modernen und glamour\u00f6sen Einrichtungen.<\/p>\n","protected":false},"excerpt":{"rendered":"","protected":false},"featured_media":402495,"comment_status":"closed","ping_status":"closed","template":"","meta":[],"product_brand":[],"product_cat":[66,87,72,100,75,103,106,124,69,112,84],"product_tag":[181,275,697,703],"class_list":{"0":"post-516547","1":"product","2":"type-product","3":"status-publish","4":"has-post-thumbnail","6":"product_cat-badezimmer","7":"product_cat-buero","8":"product_cat-flur","9":"product_cat-glamour-de","10":"product_cat-hotel-de","11":"product_cat-minimalistisch","12":"product_cat-modern-de","13":"product_cat-blumen","14":"product_cat-schlafzimmer","15":"product_cat-skandinavisch","16":"product_cat-wohnzimmer","17":"product_tag-grau","18":"product_tag-helle","19":"product_tag-moderne-bilder","20":"product_tag-querformat","21":"pa_size-finishing-30x20-standard-de","22":"pa_size-finishing-30x20-auf-italienischer-leinwand","23":"pa_size-finishing-30x20-premium-print-de","24":"pa_size-finishing-30x20-akustisch","25":"pa_size-finishing-60x40-standard-de","26":"pa_size-finishing-60x40-auf-italienischer-leinwand","27":"pa_size-finishing-60x40-premium-print-de","28":"pa_size-finishing-60x40-akustisch","29":"pa_size-finishing-60x40-im-naturfarbenen-holzrahmen","30":"pa_size-finishing-60x40-im-schwarzen-holzrahmen","31":"pa_size-finishing-90x60-standard-de","32":"pa_size-finishing-90x60-auf-italienischer-leinwand","33":"pa_size-finishing-90x60-premium-print-de","34":"pa_size-finishing-90x60-akustyczny-de","35":"pa_size-finishing-90x60-im-naturfarbenen-holzrahmen","36":"pa_size-finishing-90x60-im-schwarzen-holzrahmen","37":"pa_size-finishing-120x80-standard-de","38":"pa_size-finishing-120x80-auf-italienischer-leinwand","39":"pa_size-finishing-120x80-premium-print-de","40":"pa_size-finishing-120x80-akustisch","41":"pa_size-finishing-120x80-im-naturfarbenen-holzrahmen","42":"pa_size-finishing-120x80-im-schwarzen-holzrahmen","44":"first","45":"instock","46":"purchasable","47":"product-type-variable","48":"has-default-attributes"},"aioseo_notices":[],"_links":{"self":[{"href":"https:\/\/interiorposter.com\/de\/wp-json\/wp\/v2\/product\/516547","targetHints":{"allow":["GET"]}}],"collection":[{"href":"https:\/\/interiorposter.com\/de\/wp-json\/wp\/v2\/product"}],"about":[{"href":"https:\/\/interiorposter.com\/de\/wp-json\/wp\/v2\/types\/product"}],"replies":[{"embeddable":true,"href":"https:\/\/interiorposter.com\/de\/wp-json\/wp\/v2\/comments?post=516547"}],"wp:featuredmedia":[{"embeddable":true,"href":"https:\/\/interiorposter.com\/de\/wp-json\/wp\/v2\/media\/402495"}],"wp:attachment":[{"href":"https:\/\/interiorposter.com\/de\/wp-json\/wp\/v2\/media?parent=516547"}],"wp:term":[{"taxonomy":"product_brand","embeddable":true,"href":"https:\/\/interiorposter.com\/de\/wp-json\/wp\/v2\/product_brand?post=516547"},{"taxonomy":"product_cat","embeddable":true,"href":"https:\/\/interiorposter.com\/de\/wp-json\/wp\/v2\/product_cat?post=516547"},{"taxonomy":"product_tag","embeddable":true,"href":"https:\/\/interiorposter.com\/de\/wp-json\/wp\/v2\/product_tag?post=516547"}],"curies":[{"name":"wp","href":"https:\/\/api.w.org\/{rel}","templated":true}]}}