{"id":516465,"date":"2026-04-02T17:07:13","date_gmt":"2026-04-02T15:07:13","guid":{"rendered":"https:\/\/interiorposter.com\/product\/obraz-na-plotnie-wieza-eiffla-kolorowe-linie\/"},"modified":"2026-05-02T23:59:52","modified_gmt":"2026-05-02T21:59:52","slug":"obraz-na-plotnie-wieza-eiffla-kolorowe-linie","status":"publish","type":"product","link":"https:\/\/interiorposter.com\/de\/product\/obraz-na-plotnie-wieza-eiffla-kolorowe-linie\/","title":{"rendered":"Leinwandbild Eiffelturm Bunte Linien"},"content":{"rendered":"<p>Leinwandbild mit Eiffelturm und dynamischen bunten Linien ist eine Dekoration voller Energie, Leichtigkeit und urbanem Stil. Die minimalistische Silhouette auf hellem Hintergrund verbindet sich mit Rot, Gelb, Blau, Gr\u00fcn und Violett und schafft einen modernen Akzent f\u00fcr den Raum. Dieses Wandbild passt sehr gut ins Wohnzimmer, Schlafzimmer, B\u00fcro, Hotel, Restaurant oder in den Flur. Die Komposition harmoniert mit modernen, minimalistischen und skandinavischen Einrichtungen.<\/p>\n","protected":false},"excerpt":{"rendered":"","protected":false},"featured_media":376902,"comment_status":"closed","ping_status":"closed","template":"","meta":[],"product_brand":[],"product_cat":[87,72,211,75,290,208,103,106,90,69,121,84],"product_tag":[275,705,697,594],"class_list":{"0":"post-516465","1":"product","2":"type-product","3":"status-publish","4":"has-post-thumbnail","6":"product_cat-buero","7":"product_cat-flur","8":"product_cat-geometrisch","9":"product_cat-hotel-de","10":"product_cat-illustrationen","11":"product_cat-konzeptkunst","12":"product_cat-minimalistisch","13":"product_cat-modern-de","14":"product_cat-restaurant-de","15":"product_cat-schlafzimmer","16":"product_cat-staedte-und-bruecken","17":"product_cat-wohnzimmer","18":"product_tag-helle","19":"product_tag-hochformat","20":"product_tag-moderne-bilder","21":"product_tag-multicolor-de","22":"pa_size-finishing-20x30-standard-de","23":"pa_size-finishing-20x30-auf-italienischer-leinwand","24":"pa_size-finishing-20x30-premium-print-de","25":"pa_size-finishing-20x30-akustisch","26":"pa_size-finishing-40x60-standard-de","27":"pa_size-finishing-40x60-auf-italienischer-leinwand","28":"pa_size-finishing-40x60-premium-print-de","29":"pa_size-finishing-40x60-akustisch","30":"pa_size-finishing-40x60-im-naturfarbenen-holzrahmen","31":"pa_size-finishing-40x60-im-schwarzen-holzrahmen","32":"pa_size-finishing-60x90-standard-de","33":"pa_size-finishing-60x90-auf-italienischer-leinwand","34":"pa_size-finishing-60x90-premium-print-de","35":"pa_size-finishing-60x90-akustisch","36":"pa_size-finishing-60x90-im-naturfarbenen-holzrahmen","37":"pa_size-finishing-60x90-im-schwarzen-holzrahmen","38":"pa_size-finishing-80x120-standard-de","39":"pa_size-finishing-80x120-auf-italienischer-leinwand","40":"pa_size-finishing-80x120-premium-print-de","41":"pa_size-finishing-80x120-akustisch","42":"pa_size-finishing-80x120-im-naturfarbenen-holzrahmen","43":"pa_size-finishing-80x120-im-schwarzen-holzrahmen","45":"first","46":"instock","47":"purchasable","48":"product-type-variable","49":"has-default-attributes"},"aioseo_notices":[],"_links":{"self":[{"href":"https:\/\/interiorposter.com\/de\/wp-json\/wp\/v2\/product\/516465","targetHints":{"allow":["GET"]}}],"collection":[{"href":"https:\/\/interiorposter.com\/de\/wp-json\/wp\/v2\/product"}],"about":[{"href":"https:\/\/interiorposter.com\/de\/wp-json\/wp\/v2\/types\/product"}],"replies":[{"embeddable":true,"href":"https:\/\/interiorposter.com\/de\/wp-json\/wp\/v2\/comments?post=516465"}],"wp:featuredmedia":[{"embeddable":true,"href":"https:\/\/interiorposter.com\/de\/wp-json\/wp\/v2\/media\/376902"}],"wp:attachment":[{"href":"https:\/\/interiorposter.com\/de\/wp-json\/wp\/v2\/media?parent=516465"}],"wp:term":[{"taxonomy":"product_brand","embeddable":true,"href":"https:\/\/interiorposter.com\/de\/wp-json\/wp\/v2\/product_brand?post=516465"},{"taxonomy":"product_cat","embeddable":true,"href":"https:\/\/interiorposter.com\/de\/wp-json\/wp\/v2\/product_cat?post=516465"},{"taxonomy":"product_tag","embeddable":true,"href":"https:\/\/interiorposter.com\/de\/wp-json\/wp\/v2\/product_tag?post=516465"}],"curies":[{"name":"wp","href":"https:\/\/api.w.org\/{rel}","templated":true}]}}