{"id":516384,"date":"2026-04-02T16:38:58","date_gmt":"2026-04-02T14:38:58","guid":{"rendered":"https:\/\/interiorposter.com\/product\/obraz-na-plotnie-biale-piora-lekkosc-i-spokoj\/"},"modified":"2026-05-02T23:53:14","modified_gmt":"2026-05-02T21:53:14","slug":"obraz-na-plotnie-biale-piora-lekkosc-i-spokoj","status":"publish","type":"product","link":"https:\/\/interiorposter.com\/de\/product\/obraz-na-plotnie-biale-piora-lekkosc-i-spokoj\/","title":{"rendered":"Leinwandbild Wei\u00dfe Federn Leichtigkeit und Ruhe"},"content":{"rendered":"<p>Leinwandbild mit zarten wei\u00dfen Federn auf grauem, strukturiertem Hintergrund ist eine dezente Dekoration, die Leichtigkeit, Ruhe und Eleganz in den Raum bringt. Die hellgraue Farbgestaltung mit weichen Kontrasten l\u00e4sst die Komposition im Wohnzimmer, Schlafzimmer, Badezimmer, Hotel, B\u00fcro oder Flur besonders sch\u00f6n wirken. Das Federmotiv passt zu modernen, glamour\u00f6sen, skandinavischen und minimalistischen Einrichtungen.<\/p>\n","protected":false},"excerpt":{"rendered":"","protected":false},"featured_media":375385,"comment_status":"closed","ping_status":"closed","template":"","meta":[],"product_brand":[],"product_cat":[66,87,72,100,75,208,103,106,69,112,255,84],"product_tag":[181,275,705,697],"class_list":{"0":"post-516384","1":"product","2":"type-product","3":"status-publish","4":"has-post-thumbnail","6":"product_cat-badezimmer","7":"product_cat-buero","8":"product_cat-flur","9":"product_cat-glamour-de","10":"product_cat-hotel-de","11":"product_cat-konzeptkunst","12":"product_cat-minimalistisch","13":"product_cat-modern-de","14":"product_cat-schlafzimmer","15":"product_cat-skandinavisch","16":"product_cat-tiere-natur","17":"product_cat-wohnzimmer","18":"product_tag-grau","19":"product_tag-helle","20":"product_tag-hochformat","21":"product_tag-moderne-bilder","22":"pa_size-finishing-20x30-standard-de","23":"pa_size-finishing-20x30-auf-italienischer-leinwand","24":"pa_size-finishing-20x30-premium-print-de","25":"pa_size-finishing-20x30-akustisch","26":"pa_size-finishing-40x60-standard-de","27":"pa_size-finishing-40x60-auf-italienischer-leinwand","28":"pa_size-finishing-40x60-premium-print-de","29":"pa_size-finishing-40x60-akustisch","30":"pa_size-finishing-40x60-im-naturfarbenen-holzrahmen","31":"pa_size-finishing-40x60-im-schwarzen-holzrahmen","32":"pa_size-finishing-60x90-standard-de","33":"pa_size-finishing-60x90-auf-italienischer-leinwand","34":"pa_size-finishing-60x90-premium-print-de","35":"pa_size-finishing-60x90-akustisch","36":"pa_size-finishing-60x90-im-naturfarbenen-holzrahmen","37":"pa_size-finishing-60x90-im-schwarzen-holzrahmen","38":"pa_size-finishing-80x120-standard-de","39":"pa_size-finishing-80x120-auf-italienischer-leinwand","40":"pa_size-finishing-80x120-premium-print-de","41":"pa_size-finishing-80x120-akustisch","42":"pa_size-finishing-80x120-im-naturfarbenen-holzrahmen","43":"pa_size-finishing-80x120-im-schwarzen-holzrahmen","45":"first","46":"instock","47":"purchasable","48":"product-type-variable","49":"has-default-attributes"},"aioseo_notices":[],"_links":{"self":[{"href":"https:\/\/interiorposter.com\/de\/wp-json\/wp\/v2\/product\/516384","targetHints":{"allow":["GET"]}}],"collection":[{"href":"https:\/\/interiorposter.com\/de\/wp-json\/wp\/v2\/product"}],"about":[{"href":"https:\/\/interiorposter.com\/de\/wp-json\/wp\/v2\/types\/product"}],"replies":[{"embeddable":true,"href":"https:\/\/interiorposter.com\/de\/wp-json\/wp\/v2\/comments?post=516384"}],"wp:featuredmedia":[{"embeddable":true,"href":"https:\/\/interiorposter.com\/de\/wp-json\/wp\/v2\/media\/375385"}],"wp:attachment":[{"href":"https:\/\/interiorposter.com\/de\/wp-json\/wp\/v2\/media?parent=516384"}],"wp:term":[{"taxonomy":"product_brand","embeddable":true,"href":"https:\/\/interiorposter.com\/de\/wp-json\/wp\/v2\/product_brand?post=516384"},{"taxonomy":"product_cat","embeddable":true,"href":"https:\/\/interiorposter.com\/de\/wp-json\/wp\/v2\/product_cat?post=516384"},{"taxonomy":"product_tag","embeddable":true,"href":"https:\/\/interiorposter.com\/de\/wp-json\/wp\/v2\/product_tag?post=516384"}],"curies":[{"name":"wp","href":"https:\/\/api.w.org\/{rel}","templated":true}]}}