{"id":460704,"date":"2026-04-02T04:13:49","date_gmt":"2026-04-02T02:13:49","guid":{"rendered":"https:\/\/interiorposter.com\/product\/obraz-na-plotnie-lezaki-pod-palmami-nad-morzem\/"},"modified":"2026-04-05T01:15:23","modified_gmt":"2026-04-04T23:15:23","slug":"obraz-na-plotnie-lezaki-pod-palmami-nad-morzem","status":"publish","type":"product","link":"https:\/\/interiorposter.com\/de\/product\/obraz-na-plotnie-lezaki-pod-palmami-nad-morzem\/","title":{"rendered":"Leinwandbild Liegest\u00fchle unter Palmen am Meer"},"content":{"rendered":"<p>Dieses Leinwandbild mit dem Motiv von Liegest\u00fchlen auf einem Sandstrand unter Palmen begeistert mit einer Atmosph\u00e4re der Entspannung, Licht und exotischem Charme. Warme T\u00f6ne von Beige, Sandbraun, goldenen Palmbl\u00e4ttern und zarten Graunuancen schaffen eine harmonische Komposition, die Urlaubsruhe und elegante Leichtigkeit in den Raum bringt. Es ist eine stilvolle Dekoration f\u00fcr Wohnzimmer, Schlafzimmer, Hotel, Restaurant oder B\u00fcro und ideal f\u00fcr moderne, nat\u00fcrliche und von Reisen inspirierte Einrichtungen. Dieses Wandbild zieht die Blicke auf sich und hilft dabei, einen Raum voller Erholung, Sonne und angenehmem K\u00fcstenflair zu schaffen.<\/p>\n","protected":false},"excerpt":{"rendered":"<p>Stilvolles Leinwandbild mit Liegest\u00fchlen unter Palmen am Strand am Meer. Eine elegante Dekoration f\u00fcr Wohnzimmer, Schlafzimmer oder Hotel, die Entspannung, Licht und exotisches Flair in den Raum bringt.<\/p>\n","protected":false},"featured_media":337034,"comment_status":"closed","ping_status":"closed","template":"","meta":[],"product_brand":[],"product_cat":[87,109,75,136,142,106,90,69,84],"product_tag":[705,697,594],"class_list":{"0":"post-460704","1":"product","2":"type-product","3":"status-publish","4":"has-post-thumbnail","6":"product_cat-buero","7":"product_cat-fotografie-de","8":"product_cat-hotel-de","9":"product_cat-landschaften","10":"product_cat-meer-kuste","11":"product_cat-modern-de","12":"product_cat-restaurant-de","13":"product_cat-schlafzimmer","14":"product_cat-wohnzimmer","15":"product_tag-hochformat","16":"product_tag-moderne-bilder","17":"product_tag-multicolor-de","18":"pa_size-finishing-20x30-standard-de","19":"pa_size-finishing-20x30-na-ptnie-woskim-de","20":"pa_size-finishing-20x30-premium-print-de","21":"pa_size-finishing-20x30-akustyczny-de","22":"pa_size-finishing-40x60-standard-de","23":"pa_size-finishing-40x60-na-ptnie-woskim-de","24":"pa_size-finishing-40x60-premium-print-de","25":"pa_size-finishing-40x60-akustyczny-de","26":"pa_size-finishing-40x60-w-ramie-drewnianej-naturalnej-de","27":"pa_size-finishing-40x60-w-ramie-drewnianej-czarnej-de","28":"pa_size-finishing-60x90-standard-de","29":"pa_size-finishing-60x90-na-ptnie-woskim-de","30":"pa_size-finishing-60x90-premium-print-de","31":"pa_size-finishing-60x90-akustyczny-de","32":"pa_size-finishing-60x90-w-ramie-drewnianej-naturalnej-de","33":"pa_size-finishing-60x90-w-ramie-drewnianej-czarnej-de","34":"pa_size-finishing-80x120-standard-de","35":"pa_size-finishing-80x120-na-ptnie-woskim-de","36":"pa_size-finishing-80x120-premium-print-de","37":"pa_size-finishing-80x120-akustyczny-de","38":"pa_size-finishing-80x120-w-ramie-drewnianej-naturalnej-de","39":"pa_size-finishing-80x120-w-ramie-drewnianej-czarnej-de","41":"first","42":"instock","43":"purchasable","44":"product-type-variable","45":"has-default-attributes"},"aioseo_notices":[],"_links":{"self":[{"href":"https:\/\/interiorposter.com\/de\/wp-json\/wp\/v2\/product\/460704","targetHints":{"allow":["GET"]}}],"collection":[{"href":"https:\/\/interiorposter.com\/de\/wp-json\/wp\/v2\/product"}],"about":[{"href":"https:\/\/interiorposter.com\/de\/wp-json\/wp\/v2\/types\/product"}],"replies":[{"embeddable":true,"href":"https:\/\/interiorposter.com\/de\/wp-json\/wp\/v2\/comments?post=460704"}],"wp:featuredmedia":[{"embeddable":true,"href":"https:\/\/interiorposter.com\/de\/wp-json\/wp\/v2\/media\/337034"}],"wp:attachment":[{"href":"https:\/\/interiorposter.com\/de\/wp-json\/wp\/v2\/media?parent=460704"}],"wp:term":[{"taxonomy":"product_brand","embeddable":true,"href":"https:\/\/interiorposter.com\/de\/wp-json\/wp\/v2\/product_brand?post=460704"},{"taxonomy":"product_cat","embeddable":true,"href":"https:\/\/interiorposter.com\/de\/wp-json\/wp\/v2\/product_cat?post=460704"},{"taxonomy":"product_tag","embeddable":true,"href":"https:\/\/interiorposter.com\/de\/wp-json\/wp\/v2\/product_tag?post=460704"}],"curies":[{"name":"wp","href":"https:\/\/api.w.org\/{rel}","templated":true}]}}